{"id":24371,"date":"2021-06-13T17:04:43","date_gmt":"2021-06-13T14:04:43","guid":{"rendered":"https:\/\/hookahshop.lt\/?post_type=product&#038;p=24371"},"modified":"2026-04-15T23:28:41","modified_gmt":"2026-04-15T20:28:41","slug":"gaubtas-taureles-kaitinimui-nomad-queen","status":"publish","type":"product","link":"https:\/\/hookahshop.lt\/lv\/produkt\/nosucejs-tases-sildisanai-klejotaju-karaliene\/","title":{"rendered":"Kapuce kr\u016bz\u012b\u0161u sild\u012b\u0161anai NOMAD Queen"},"content":{"rendered":"<h2>Kapuce kr\u016bz\u012b\u0161u sild\u012b\u0161anai NOMAD Queen<\/h2>\n<p>&quot;NOMAD Queen&quot; ir karalisk\u0101 pantera, siltuma un uguns aizbildne.<\/p>\n<p>\u016adensp\u012bpes p\u0101rvalks &quot;NOMAD Queen&quot; - univers\u0101ls v\u0101ks-panelis izgatavots no ner\u016bs\u0113jo\u0161\u0101 t\u0113rauda, 0,8 mm biezs.<\/p>\n<p>Patent\u0113tais s\u0101nu caurumu izk\u0101rtojums pilda ne tikai est\u0113tisku funkciju, bet ar\u012b \u013cauj izv\u0113l\u0113ties starp kr\u016bz\u012btes sild\u012b\u0161anas intensit\u0101ti. No\u0146emamais v\u0101ks padara to vienk\u0101r\u0161u un nodro\u0161ina main\u012bgu siltuma p\u0101rvald\u012bbu. Kapuce ar rokturi.<\/p>\n<p><strong>Raksturojums:<\/strong><br \/>\nAugstums: 230 mm<br \/>\nPamatnes diametrs: 100 mm<br \/>\nSvars: apm\u0113ram 490 g<\/p>\n<p><b>Vai jums ir k\u0101di jaut\u0101jumi? Sazinies ar mums<\/b><a href=\"https:\/\/hookahshop.lt\/lv\/kontaktiem\/\"> <b>kontaktu lapa<\/b><\/a><b> vai rakstiet mums pa e-pastu<\/b><a href=\"https:\/\/facebook.com\/HookahShop.lt\/\" target=\"_blank\" rel=\"noopener\"> <b>Facebook konts<\/b><\/a><b> un m\u0113s atbild\u0113sim uz j\u016bsu piepras\u012bjumu taj\u0101 pa\u0161\u0101 dien\u0101.<\/b><\/p>","protected":false},"excerpt":{"rendered":"<p>\u016adensp\u012bpes p\u0101rsegs kr\u016bz\u012btes sild\u012b\u0161anai NOMAD Queen,,NOMAD Queen\u201d \u2013 karalisk\u0101 pantera, karstuma un uguns patronese. \u016adensp\u012bpes p\u0101rsegs,,NOMAD Queen\u201d \u2013 univers\u0101ls p\u0101rsegs-panelis, kas izgatavots no 0,8 mm bieza ner\u016bs\u0113jo\u0161\u0101 t\u0113rauda. Patent\u0113tais s\u0101nu caurumu izvietojums pilda ne tikai est\u0113tisku funkciju, bet ar\u012b \u013cauj izv\u0113l\u0113ties kr\u016bz\u012btes sild\u012b\u0161anas intensit\u0101ti. No\u0146emamais v\u0101ks atvieglo un nodro\u0161ina siltuma kontroles da\u017e\u0101d\u012bbu. P\u0101rsegs ar rokturi. [\u2026]<\/p>","protected":false},"featured_media":24372,"comment_status":"open","ping_status":"closed","template":"","meta":[],"_links":{"self":[{"href":"https:\/\/hookahshop.lt\/lv\/wp-json\/wp\/v2\/product\/24371"}],"collection":[{"href":"https:\/\/hookahshop.lt\/lv\/wp-json\/wp\/v2\/product"}],"about":[{"href":"https:\/\/hookahshop.lt\/lv\/wp-json\/wp\/v2\/types\/product"}],"replies":[{"embeddable":true,"href":"https:\/\/hookahshop.lt\/lv\/wp-json\/wp\/v2\/comments?post=24371"}],"version-history":[{"count":4,"href":"https:\/\/hookahshop.lt\/lv\/wp-json\/wp\/v2\/product\/24371\/revisions"}],"predecessor-version":[{"id":36717,"href":"https:\/\/hookahshop.lt\/lv\/wp-json\/wp\/v2\/product\/24371\/revisions\/36717"}],"wp:featuredmedia":[{"embeddable":true,"href":"https:\/\/hookahshop.lt\/lv\/wp-json\/wp\/v2\/media\/24372"}],"wp:attachment":[{"href":"https:\/\/hookahshop.lt\/lv\/wp-json\/wp\/v2\/media?parent=24371"}],"curies":[{"name":"wp","href":"https:\/\/api.w.org\/{rel}","templated":true}]}}