{"id":24377,"date":"2021-06-13T17:09:24","date_gmt":"2021-06-13T14:09:24","guid":{"rendered":"https:\/\/hookahshop.lt\/?post_type=product&#038;p=24377"},"modified":"2026-04-17T23:29:09","modified_gmt":"2026-04-17T20:29:09","slug":"gaubtas-taureles-kaitinimui-nomad-raector","status":"publish","type":"product","link":"https:\/\/hookahshop.lt\/lv\/produkt\/nosucejs-tases-apkurei-klejotaju-raector\/","title":{"rendered":"Kr\u016bze kr\u016bz\u012b\u0161u sild\u012b\u0161anai NOMAD Raector"},"content":{"rendered":"<h2>Kr\u016bze kr\u016bz\u012b\u0161u sild\u012b\u0161anai NOMAD Raector<\/h2>\n<p>&quot;NOMAD Raector&quot; saglab\u0101s ogles siltas, un t\u0101 dizains sasild\u012bs ikviena dv\u0113seli.<\/p>\n<p>\u016adensp\u012bpes nos\u016bc\u0113js &quot;NOMAD Raector&quot; - univers\u0101ls nos\u016bc\u0113js-panelis izgatavots no ner\u016bs\u0113jo\u0161\u0101 t\u0113rauda, 0,8 mm biezs.<\/p>\n<p>Patent\u0113tais s\u0101nu caurumu izk\u0101rtojums pilda ne tikai est\u0113tisku funkciju, bet ar\u012b \u013cauj izv\u0113l\u0113ties starp kr\u016bz\u012btes sild\u012b\u0161anas intensit\u0101ti. No\u0146emamais v\u0101ks padara to vienk\u0101r\u0161u un nodro\u0161ina main\u012bgu siltuma p\u0101rvald\u012bbu. Kapuce ar rokturi.<\/p>\n<p><strong>Raksturojums:<\/strong><br \/>\nAugstums: 204 mm<br \/>\nPamatnes diametrs: 100 mm<br \/>\nSvars: apm\u0113ram 480 g<\/p>\n<p><b>Vai jums ir k\u0101di jaut\u0101jumi? Sazinies ar mums<\/b><a href=\"https:\/\/hookahshop.lt\/lv\/kontaktiem\/\">\u00a0<b>kontaktu lapa<\/b><\/a><b>\u00a0vai rakstiet mums pa e-pastu<\/b><a href=\"https:\/\/facebook.com\/HookahShop.lt\/\" target=\"_blank\" rel=\"noopener\">\u00a0<b>Facebook konts<\/b><\/a><b>\u00a0un m\u0113s atbild\u0113sim uz j\u016bsu piepras\u012bjumu taj\u0101 pa\u0161\u0101 dien\u0101.<\/b><\/p>","protected":false},"excerpt":{"rendered":"<p>Nos\u016bc\u0113js kr\u016bz\u012b\u0161u sild\u012b\u0161anai NOMAD Raector NOMAD Raector saglab\u0101s og\u013cu siltumu, un t\u0101 dizains sasild\u012bs ikviena dv\u0113seli. \u016adensp\u012bpes nos\u016bc\u0113js &quot;NOMAD Raector&quot; - univers\u0101ls nos\u016bc\u0113js-panelis izgatavots no ner\u016bs\u0113jo\u0161\u0101 t\u0113rauda, 0,8 mm biezs. Patent\u0113tais s\u0101nu atveru izk\u0101rtojums pilda ne tikai est\u0113tisku funkciju, bet ar\u012b \u013cauj izv\u0113l\u0113ties starp kr\u016bzes sild\u012b\u0161anas intensit\u0101ti. No\u0146emamais v\u0101ks padara to vienk\u0101r\u0161u un nodro\u0161ina siltuma p\u0101rvald\u012bbu [...]<\/p>","protected":false},"featured_media":24378,"comment_status":"open","ping_status":"closed","template":"","meta":[],"_links":{"self":[{"href":"https:\/\/hookahshop.lt\/lv\/wp-json\/wp\/v2\/product\/24377"}],"collection":[{"href":"https:\/\/hookahshop.lt\/lv\/wp-json\/wp\/v2\/product"}],"about":[{"href":"https:\/\/hookahshop.lt\/lv\/wp-json\/wp\/v2\/types\/product"}],"replies":[{"embeddable":true,"href":"https:\/\/hookahshop.lt\/lv\/wp-json\/wp\/v2\/comments?post=24377"}],"version-history":[{"count":5,"href":"https:\/\/hookahshop.lt\/lv\/wp-json\/wp\/v2\/product\/24377\/revisions"}],"predecessor-version":[{"id":36718,"href":"https:\/\/hookahshop.lt\/lv\/wp-json\/wp\/v2\/product\/24377\/revisions\/36718"}],"wp:featuredmedia":[{"embeddable":true,"href":"https:\/\/hookahshop.lt\/lv\/wp-json\/wp\/v2\/media\/24378"}],"wp:attachment":[{"href":"https:\/\/hookahshop.lt\/lv\/wp-json\/wp\/v2\/media?parent=24377"}],"curies":[{"name":"wp","href":"https:\/\/api.w.org\/{rel}","templated":true}]}}