{"id":24382,"date":"2021-06-13T17:13:27","date_gmt":"2021-06-13T14:13:27","guid":{"rendered":"https:\/\/hookahshop.lt\/?post_type=product&#038;p=24382"},"modified":"2026-04-17T23:29:09","modified_gmt":"2026-04-17T20:29:09","slug":"gaubtas-taureles-kaitinimui-nomad-samurai","status":"publish","type":"product","link":"https:\/\/hookahshop.lt\/lv\/produkt\/nosucejs-tases-sildisanai-klejotaju-samurajs\/","title":{"rendered":"Kauss kr\u016bz\u012b\u0161u sild\u012b\u0161anai NOMAD Samurai"},"content":{"rendered":"<h2>Kauss kr\u016bz\u012b\u0161u sild\u012b\u0161anai NOMAD Samurai<\/h2>\n<p>&quot;NOMAD Samurai&quot; - samuraju armijas vad\u012bt\u0101js!<\/p>\n<p>\u016adensp\u012bpes nos\u016bc\u0113js &quot;NOMAD Samurai&quot; - univers\u0101ls nos\u016bc\u0113js-panelis izgatavots no ner\u016bs\u0113jo\u0161\u0101 t\u0113rauda, 0,8 mm biezs.<\/p>\n<p>Patent\u0113tais s\u0101nu caurumu izk\u0101rtojums pilda ne tikai est\u0113tisku funkciju, bet ar\u012b \u013cauj izv\u0113l\u0113ties starp kr\u016bz\u012btes sild\u012b\u0161anas intensit\u0101ti. No\u0146emamais v\u0101ks padara to vienk\u0101r\u0161u un nodro\u0161ina main\u012bgu siltuma p\u0101rvald\u012bbu. Kapuce ar rokturi.<\/p>\n<p><strong>Raksturojums:<\/strong><br \/>\nAugstums: 218 mm<br \/>\nPamatnes diametrs: 108 mm<br \/>\nSvars: apm\u0113ram 615 g<\/p>\n<p><b>Vai jums ir k\u0101di jaut\u0101jumi? Sazinies ar mums<\/b><a href=\"https:\/\/hookahshop.lt\/lv\/kontaktiem\/\">\u00a0<b>kontaktu lapa<\/b><\/a><b>\u00a0vai rakstiet mums pa e-pastu<\/b><a href=\"https:\/\/facebook.com\/HookahShop.lt\/\" target=\"_blank\" rel=\"noopener\">\u00a0<b>Facebook konts<\/b><\/a><b>\u00a0un m\u0113s atbild\u0113sim uz j\u016bsu piepras\u012bjumu taj\u0101 pa\u0161\u0101 dien\u0101.<\/b><\/p>","protected":false},"excerpt":{"rendered":"<p>Apsild\u0101mo kr\u016bz\u012b\u0161u v\u0101ci\u0146\u0161 NOMAD Samurai &quot;NOMAD Samurai&quot; - samuraju armijas vadonis! \u016adensp\u012bpes nos\u016bc\u0113js &quot;NOMAD Samurai&quot; - univers\u0101ls nos\u016bc\u0113js-panelis izgatavots no ner\u016bs\u0113jo\u0161\u0101 t\u0113rauda, 0,8 mm biezs. Patent\u0113tais s\u0101nu caurumu izk\u0101rtojums pilda ne tikai est\u0113tisku funkciju, bet ar\u012b \u013cauj izv\u0113l\u0113ties starp kr\u016bz\u012btes sild\u012b\u0161anas intensit\u0101ti. No\u0146emamais v\u0101ks padara to vienk\u0101r\u0161u un nodro\u0161ina main\u012bgu siltuma p\u0101rvald\u012bbu. Kapuce ar rokturi. Raksturlielumi: Augstums: 218 mm [\u2026]<\/p>","protected":false},"featured_media":24383,"comment_status":"open","ping_status":"closed","template":"","meta":[],"_links":{"self":[{"href":"https:\/\/hookahshop.lt\/lv\/wp-json\/wp\/v2\/product\/24382"}],"collection":[{"href":"https:\/\/hookahshop.lt\/lv\/wp-json\/wp\/v2\/product"}],"about":[{"href":"https:\/\/hookahshop.lt\/lv\/wp-json\/wp\/v2\/types\/product"}],"replies":[{"embeddable":true,"href":"https:\/\/hookahshop.lt\/lv\/wp-json\/wp\/v2\/comments?post=24382"}],"version-history":[{"count":4,"href":"https:\/\/hookahshop.lt\/lv\/wp-json\/wp\/v2\/product\/24382\/revisions"}],"predecessor-version":[{"id":36719,"href":"https:\/\/hookahshop.lt\/lv\/wp-json\/wp\/v2\/product\/24382\/revisions\/36719"}],"wp:featuredmedia":[{"embeddable":true,"href":"https:\/\/hookahshop.lt\/lv\/wp-json\/wp\/v2\/media\/24383"}],"wp:attachment":[{"href":"https:\/\/hookahshop.lt\/lv\/wp-json\/wp\/v2\/media?parent=24382"}],"curies":[{"name":"wp","href":"https:\/\/api.w.org\/{rel}","templated":true}]}}