{"id":24425,"date":"2021-06-14T05:30:48","date_gmt":"2021-06-14T02:30:48","guid":{"rendered":"https:\/\/hookahshop.lt\/?post_type=product&#038;p=24425"},"modified":"2026-04-24T23:28:41","modified_gmt":"2026-04-24T20:28:41","slug":"kaljano-kandiklis-japona-samurai-orange","status":"publish","type":"product","link":"https:\/\/hookahshop.lt\/lv\/produkt\/udenspipe-iemuti-japana-samurajs-apelsins\/","title":{"rendered":"Individu\u0101ls \u016bdensp\u012bpes iemutnis JAPONA HOOKAH Samurai Orange"},"content":{"rendered":"<h2>Individu\u0101ls \u016bdensp\u012bpes iemutnis JAPONA HOOKAH Samurai Orange<\/h2>\n<p>Dizainera iemutnis, rotaslietas, amerik\u0101\u0146u akrils, bronzas gredzens ar #japonahookah un samuraju maskas medaljons. Aukla ir tekstila. Mutes kr\u0101sa ir oran\u017ei melna.<\/p>\n<p>Vai jums ir k\u0101di jaut\u0101jumi? Sazinies ar mums\u00a0<a href=\"https:\/\/hookahshop.lt\/lv\/kontaktiem\/\">kontaktu lapa<\/a>\u00a0vai rakstiet mums pa e-pastu\u00a0<a href=\"https:\/\/facebook.com\/HookahShop.lt\/\" target=\"_blank\" rel=\"noopener noreferrer\">Facebook konts<\/a>\u00a0un m\u0113s atbild\u0113sim uz j\u016bsu piepras\u012bjumu taj\u0101 pa\u0161\u0101 dien\u0101.<\/p>","protected":false},"excerpt":{"rendered":"<p>Individu\u0101ls \u016bdensp\u012bpes iemutis JAPONA HOOKAH Samurai Orange Dizaina iemutis, rotaslieta, amerik\u0101\u0146u akrils, bronzas gredzens ar #japona \u016bdensp\u012bpi un medaljonu ar samuraju masku. Auka \u2013 tekstils. Iemut\u0146a kr\u0101sa \u2013 oran\u017emelna. Vai jums ir k\u0101di jaut\u0101jumi? Sazinieties ar mums kontaktu lap\u0101 vai rakstiet mums Facebook, un m\u0113s atbild\u0113sim uz j\u016bsu piepras\u012bjumu taj\u0101 pa\u0161\u0101 dien\u0101.<\/p>","protected":false},"featured_media":24426,"comment_status":"open","ping_status":"closed","template":"","meta":[],"_links":{"self":[{"href":"https:\/\/hookahshop.lt\/lv\/wp-json\/wp\/v2\/product\/24425"}],"collection":[{"href":"https:\/\/hookahshop.lt\/lv\/wp-json\/wp\/v2\/product"}],"about":[{"href":"https:\/\/hookahshop.lt\/lv\/wp-json\/wp\/v2\/types\/product"}],"replies":[{"embeddable":true,"href":"https:\/\/hookahshop.lt\/lv\/wp-json\/wp\/v2\/comments?post=24425"}],"version-history":[{"count":5,"href":"https:\/\/hookahshop.lt\/lv\/wp-json\/wp\/v2\/product\/24425\/revisions"}],"predecessor-version":[{"id":38404,"href":"https:\/\/hookahshop.lt\/lv\/wp-json\/wp\/v2\/product\/24425\/revisions\/38404"}],"wp:featuredmedia":[{"embeddable":true,"href":"https:\/\/hookahshop.lt\/lv\/wp-json\/wp\/v2\/media\/24426"}],"wp:attachment":[{"href":"https:\/\/hookahshop.lt\/lv\/wp-json\/wp\/v2\/media?parent=24425"}],"curies":[{"name":"wp","href":"https:\/\/api.w.org\/{rel}","templated":true}]}}