{"id":24429,"date":"2021-06-14T05:43:23","date_gmt":"2021-06-14T02:43:23","guid":{"rendered":"https:\/\/hookahshop.lt\/?post_type=product&#038;p=24429"},"modified":"2026-04-17T23:29:10","modified_gmt":"2026-04-17T20:29:10","slug":"kaljano-kandiklis-japona-beads-brown","status":"publish","type":"product","link":"https:\/\/hookahshop.lt\/lv\/produkt\/udenspipe-iemuts-japana-krelles-bruns\/","title":{"rendered":"Individu\u0101ls \u016bdensp\u012bpes iemutnis JAPONA HOOKAH Samurai Beads Brown"},"content":{"rendered":"<h2>Individu\u0101ls \u016bdensp\u012bpes iemutnis JAPONA HOOKAH Samurai Beads Brown<\/h2>\n<p>Dizainera iemutnis, rotaslietas, amerik\u0101\u0146u akrils, bronzas gredzens ar #japonahookah un samuraju maskas medaljons. P\u0113rles - koks, dab\u012bgais akmens. Iemu\u013ca kr\u0101sa ir br\u016bni melna.<\/p>\n<p>Vai jums ir k\u0101di jaut\u0101jumi? Sazinies ar mums\u00a0<a href=\"https:\/\/hookahshop.lt\/lv\/kontaktiem\/\">kontaktu lapa<\/a>\u00a0vai rakstiet mums pa e-pastu\u00a0<a href=\"https:\/\/facebook.com\/HookahShop.lt\/\" target=\"_blank\" rel=\"noopener noreferrer\">Facebook konts<\/a>\u00a0un m\u0113s atbild\u0113sim uz j\u016bsu piepras\u012bjumu taj\u0101 pa\u0161\u0101 dien\u0101.<\/p>","protected":false},"excerpt":{"rendered":"<p>Piel\u0101gota \u016bdensp\u012bpes iemuti JAPAN HOOKAH Samurai Beads Brown Dizaineru iemuti rotaslietas Amerik\u0101\u0146u akrila bronzas gredzens ar #japonahookah un samuraju maskas medaljonu. P\u0113rles - koks, dab\u012bgais akmens. Iemu\u013ca kr\u0101sa ir br\u016bni melna. Vai jums ir k\u0101di jaut\u0101jumi? Sazinieties ar mums kontaktu lap\u0101 vai rakstiet mums uz m\u016bsu Facebook kontu un m\u0113s atbild\u0113sim uz j\u016bsu piepras\u012bjumu taj\u0101 pa\u0161\u0101 dien\u0101.<\/p>","protected":false},"featured_media":24434,"comment_status":"open","ping_status":"closed","template":"","meta":[],"_links":{"self":[{"href":"https:\/\/hookahshop.lt\/lv\/wp-json\/wp\/v2\/product\/24429"}],"collection":[{"href":"https:\/\/hookahshop.lt\/lv\/wp-json\/wp\/v2\/product"}],"about":[{"href":"https:\/\/hookahshop.lt\/lv\/wp-json\/wp\/v2\/types\/product"}],"replies":[{"embeddable":true,"href":"https:\/\/hookahshop.lt\/lv\/wp-json\/wp\/v2\/comments?post=24429"}],"version-history":[{"count":6,"href":"https:\/\/hookahshop.lt\/lv\/wp-json\/wp\/v2\/product\/24429\/revisions"}],"predecessor-version":[{"id":44492,"href":"https:\/\/hookahshop.lt\/lv\/wp-json\/wp\/v2\/product\/24429\/revisions\/44492"}],"wp:featuredmedia":[{"embeddable":true,"href":"https:\/\/hookahshop.lt\/lv\/wp-json\/wp\/v2\/media\/24434"}],"wp:attachment":[{"href":"https:\/\/hookahshop.lt\/lv\/wp-json\/wp\/v2\/media?parent=24429"}],"curies":[{"name":"wp","href":"https:\/\/api.w.org\/{rel}","templated":true}]}}