{"id":24436,"date":"2021-06-14T05:54:34","date_gmt":"2021-06-14T02:54:34","guid":{"rendered":"https:\/\/hookahshop.lt\/?post_type=product&#038;p=24436"},"modified":"2026-04-17T16:32:49","modified_gmt":"2026-04-17T13:32:49","slug":"kaljano-kandiklis-japona-beads-orange","status":"publish","type":"product","link":"https:\/\/hookahshop.lt\/lv\/produkt\/udenspipe-iemuti-japan-krelles-apelsins\/","title":{"rendered":"Individu\u0101ls \u016bdensp\u012bpes iemutnis JAPONA HOOKAH Samurai Beads Orange"},"content":{"rendered":"<h2>Individu\u0101ls \u016bdensp\u012bpes iemutnis JAPONA HOOKAH Samurai Beads Orange<\/h2>\n<p>Dizainera iemutnis, rotaslietas, amerik\u0101\u0146u akrils, bronzas gredzens ar #japonahookah un samuraju maskas medaljons. P\u0113rles - koks, dab\u012bgais akmens. Mutes kr\u0101sa ir oran\u017ei melna.<\/p>\n<p>Vai jums ir k\u0101di jaut\u0101jumi? Sazinies ar mums\u00a0<a href=\"https:\/\/hookahshop.lt\/lv\/kontaktiem\/\">kontaktu lapa<\/a>\u00a0vai rakstiet mums pa e-pastu\u00a0<a href=\"https:\/\/facebook.com\/HookahShop.lt\/\" target=\"_blank\" rel=\"noopener noreferrer\">Facebook konts<\/a>\u00a0un m\u0113s atbild\u0113sim uz j\u016bsu piepras\u012bjumu taj\u0101 pa\u0161\u0101 dien\u0101.<\/p>","protected":false},"excerpt":{"rendered":"<p>Piel\u0101gota \u016bdensp\u012bpes iemutne JAPAN HOOKAH Samurai Beads Orange Designer iemuti rotaslietas Amerik\u0101\u0146u akrila bronzas gredzens ar #japonahookah un samuraju maskas medaljonu. P\u0113rles - koks, dab\u012bgais akmens. Iemu\u013ca kr\u0101sa ir oran\u017ei melna. Vai jums ir k\u0101di jaut\u0101jumi? Sazinieties ar mums kontaktu lap\u0101 vai rakstiet mums uz m\u016bsu Facebook kontu un m\u0113s atbild\u0113sim uz j\u016bsu piepras\u012bjumu taj\u0101 pa\u0161\u0101 dien\u0101.<\/p>","protected":false},"featured_media":24437,"comment_status":"open","ping_status":"closed","template":"","meta":[],"_links":{"self":[{"href":"https:\/\/hookahshop.lt\/lv\/wp-json\/wp\/v2\/product\/24436"}],"collection":[{"href":"https:\/\/hookahshop.lt\/lv\/wp-json\/wp\/v2\/product"}],"about":[{"href":"https:\/\/hookahshop.lt\/lv\/wp-json\/wp\/v2\/types\/product"}],"replies":[{"embeddable":true,"href":"https:\/\/hookahshop.lt\/lv\/wp-json\/wp\/v2\/comments?post=24436"}],"version-history":[{"count":5,"href":"https:\/\/hookahshop.lt\/lv\/wp-json\/wp\/v2\/product\/24436\/revisions"}],"predecessor-version":[{"id":44188,"href":"https:\/\/hookahshop.lt\/lv\/wp-json\/wp\/v2\/product\/24436\/revisions\/44188"}],"wp:featuredmedia":[{"embeddable":true,"href":"https:\/\/hookahshop.lt\/lv\/wp-json\/wp\/v2\/media\/24437"}],"wp:attachment":[{"href":"https:\/\/hookahshop.lt\/lv\/wp-json\/wp\/v2\/media?parent=24436"}],"curies":[{"name":"wp","href":"https:\/\/api.w.org\/{rel}","templated":true}]}}