{"id":24488,"date":"2021-06-15T11:00:47","date_gmt":"2021-06-15T08:00:47","guid":{"rendered":"https:\/\/hookahshop.lt\/?post_type=product&#038;p=24488"},"modified":"2026-04-14T23:28:55","modified_gmt":"2026-04-14T20:28:55","slug":"kaljanas-ms-shisha-bebe-black","status":"publish","type":"product","link":"https:\/\/hookahshop.lt\/lv\/produkt\/hookah-ms-shisha-bebe-black\/","title":{"rendered":"\u016adensp\u012bpe MS SHISHA Bebe Black"},"content":{"rendered":"<h2>\u016adensp\u012bpe MS SHISHA Bebe Black<\/h2>\n<div role=\"row\">\n<div class=\"\">\n<div class=\"j83agx80 cbu4d94t\">\n<div class=\"j83agx80\">\n<div class=\"jn8vp64t l9j0dhe7 hpfvmrgz\">\n<div class=\"lzcic4wl\" role=\"gridcell\" data-scope=\"messages_table\" data-recover=\"true\">\n<div class=\"ni8dbmo4 stjgntxs g5ia77u1 ii04i59q j83agx80 cbu4d94t ll8tlv6m\" data-testid=\"messenger_incoming_text_row\">\n<div class=\"l60d2q6s d1544ag0 sj5x9vvc tw6a2znq l9j0dhe7 ni8dbmo4 stjgntxs qlfml3jp inkptoze e72ty7fz qttc61fc jm1wdb64 qv66sw1b ljqsnud1 g6srhlxm odn2s2vf\">\n<p>Pateicoties t\u0101 kompaktajam izm\u0113ram, tas ir ide\u0101ls ce\u013cojumu sabiedrotais tiem, kas v\u0113las ieg\u016bt kvalitat\u012bvu produktu, atrodoties ce\u013c\u0101! Maza, p\u0101rn\u0113s\u0101jama kubveida \u016bdensp\u012bpe ir kompakts priek\u0161mets ne tikai ce\u013co\u0161anai, bet ar\u012b m\u0101j\u0101s.<\/p>\n<p><strong>Specifik\u0101cijas:<\/strong><br \/>\nAugstums: ~15 cm<br \/>\nMateri\u0101ls: akrils<br \/>\nDifuzors: J\u0101<\/p>\n<p><strong>Standarta komplekt\u0101 ietilpst:<\/strong><br \/>\nmelna silikona \u0161\u013c\u016btene, iemuts, og\u013cu knaibles, bl\u012bve.<\/p>\n<p><img decoding=\"async\" loading=\"lazy\" class=\"alignnone size-medium wp-image-38601\" src=\"https:\/\/hookahshop.lt\/wp-content\/uploads\/2021\/08\/jinni-komplektacija-1-300x273.jpg\" alt=\"- hookahshop.lt\" width=\"300\" height=\"273\" srcset=\"https:\/\/hookahshop.lt\/wp-content\/uploads\/2021\/08\/jinni-komplektacija-1-300x273.jpg 300w, https:\/\/hookahshop.lt\/wp-content\/uploads\/2021\/08\/jinni-komplektacija-1-13x12.jpg 13w, https:\/\/hookahshop.lt\/wp-content\/uploads\/2021\/08\/jinni-komplektacija-1-64x58.jpg 64w, https:\/\/hookahshop.lt\/wp-content\/uploads\/2021\/08\/jinni-komplektacija-1.jpg 420w\" sizes=\"(max-width: 300px) 100vw, 300px\" title=\"\"><\/p>\n<p>Vai jums ir k\u0101di jaut\u0101jumi? Sazinies ar mums\u00a0<a href=\"https:\/\/hookahshop.lt\/lv\/kontaktiem\/\">kontaktu lapa<\/a>\u00a0vai rakstiet mums pa e-pastu\u00a0<a href=\"https:\/\/facebook.com\/HookahShop.lt\/\" target=\"_blank\" rel=\"noopener noreferrer\">Facebook konts<\/a>\u00a0un m\u0113s atbild\u0113sim uz j\u016bsu piepras\u012bjumu taj\u0101 pa\u0161\u0101 dien\u0101.<\/p>\n<\/div>\n<\/div>\n<\/div>\n<\/div>\n<\/div>\n<\/div>\n<\/div>\n<\/div>","protected":false},"excerpt":{"rendered":"<p>\u016adensp\u012bpe MS SHISHA Bebe Black Pateicoties t\u0101 kompaktajam izm\u0113ram, tas ir ide\u0101ls ce\u013cojumu sabiedrotais tiem, kas v\u0113las ieg\u016bt kvalitat\u012bvu produktu ce\u013c\u0101! Maza, p\u0101rn\u0113s\u0101jama kubveida \u016bdensp\u012bpe ir kompakts priek\u0161mets ne tikai ce\u013co\u0161anai, bet ar\u012b m\u0101j\u0101s. Specifik\u0101cijas: Augstums: ~15 cm Materi\u0101ls: akrils Difuzors: J\u0101 Standarta komplekt\u0101 ietilpst: melna silikona \u0161\u013c\u016btene, iemuts, og\u013cu knaibles, bl\u012bve. Vai jums ir k\u0101di jaut\u0101jumi? Sazinieties ar [\u2026]<\/p>","protected":false},"featured_media":24489,"comment_status":"open","ping_status":"closed","template":"","meta":[],"_links":{"self":[{"href":"https:\/\/hookahshop.lt\/lv\/wp-json\/wp\/v2\/product\/24488"}],"collection":[{"href":"https:\/\/hookahshop.lt\/lv\/wp-json\/wp\/v2\/product"}],"about":[{"href":"https:\/\/hookahshop.lt\/lv\/wp-json\/wp\/v2\/types\/product"}],"replies":[{"embeddable":true,"href":"https:\/\/hookahshop.lt\/lv\/wp-json\/wp\/v2\/comments?post=24488"}],"version-history":[{"count":6,"href":"https:\/\/hookahshop.lt\/lv\/wp-json\/wp\/v2\/product\/24488\/revisions"}],"predecessor-version":[{"id":26894,"href":"https:\/\/hookahshop.lt\/lv\/wp-json\/wp\/v2\/product\/24488\/revisions\/26894"}],"wp:featuredmedia":[{"embeddable":true,"href":"https:\/\/hookahshop.lt\/lv\/wp-json\/wp\/v2\/media\/24489"}],"wp:attachment":[{"href":"https:\/\/hookahshop.lt\/lv\/wp-json\/wp\/v2\/media?parent=24488"}],"curies":[{"name":"wp","href":"https:\/\/api.w.org\/{rel}","templated":true}]}}