{"id":24502,"date":"2021-06-15T11:08:57","date_gmt":"2021-06-15T08:08:57","guid":{"rendered":"https:\/\/hookahshop.lt\/?post_type=product&#038;p=24502"},"modified":"2026-04-11T23:28:58","modified_gmt":"2026-04-11T20:28:58","slug":"kaljanas-ms-shisha-bebe-silver","status":"publish","type":"product","link":"https:\/\/hookahshop.lt\/lv\/produkt\/udenspipe-ms-shisha-bebe-sudrabs\/","title":{"rendered":"\u016adensp\u012bpe MS SHISHA Bebe Silver"},"content":{"rendered":"<h2><strong>\u016adensp\u012bpe MS SHISHA Bebe Silver<\/strong><\/h2>\n<p>Pateicoties t\u0101 kompaktajam izm\u0113ram, tas ir ide\u0101ls ce\u013cojumu sabiedrotais tiem, kas v\u0113las ieg\u016bt kvalitat\u012bvu produktu, atrodoties ce\u013c\u0101! Maza, p\u0101rn\u0113s\u0101jama kubveida \u016bdensp\u012bpe ir kompakts priek\u0161mets ne tikai ce\u013co\u0161anai, bet ar\u012b m\u0101j\u0101s.<\/p>\n<p><strong>Specifik\u0101cijas:<\/strong><br \/>\nAugstums: ~15 cm<br \/>\nMateri\u0101ls: akrils<br \/>\nDifuzors: J\u0101<\/p>\n<p><strong>Standarta komplekt\u0101 ietilpst:<\/strong><br \/>\nsilikona \u0161\u013c\u016btene, iemuts, oglek\u013ca knaibles, bl\u012bve.<\/p>\n<p>Vai jums ir k\u0101di jaut\u0101jumi? Sazinies ar mums\u00a0<a href=\"https:\/\/hookahshop.lt\/lv\/kontaktiem\/\">kontaktu lapa<\/a>\u00a0vai rakstiet mums pa e-pastu\u00a0<a href=\"https:\/\/facebook.com\/HookahShop.lt\/\" target=\"_blank\" rel=\"noopener noreferrer\">Facebook konts<\/a>\u00a0un m\u0113s atbild\u0113sim uz j\u016bsu piepras\u012bjumu taj\u0101 pa\u0161\u0101 dien\u0101.<\/p>","protected":false},"excerpt":{"rendered":"<p>\u016adensp\u012bpe MS SHISHA Bebe Silver Pateicoties t\u0101 kompaktajam izm\u0113ram, tas ir ide\u0101ls ce\u013cojumu sabiedrotais tiem, kas v\u0113las ieg\u016bt kvalitat\u012bvu produktu ce\u013c\u0101! Maza, p\u0101rn\u0113s\u0101jama kubveida \u016bdensp\u012bpe ir kompakts priek\u0161mets ne tikai ce\u013cojumos, bet ar\u012b m\u0101j\u0101s. Specifik\u0101cijas: Augstums: ~15 cm Materi\u0101ls: akrils Difuzors: J\u0101 Standarta komplekt\u0101cij\u0101 ietilpst: silikona \u0161\u013c\u016btene, iemuts, oglek\u013ca knaibles, bl\u012bve. Vai jums ir k\u0101di jaut\u0101jumi? Sazinieties ar [\u2026]<\/p>","protected":false},"featured_media":24503,"comment_status":"open","ping_status":"closed","template":"","meta":[],"_links":{"self":[{"href":"https:\/\/hookahshop.lt\/lv\/wp-json\/wp\/v2\/product\/24502"}],"collection":[{"href":"https:\/\/hookahshop.lt\/lv\/wp-json\/wp\/v2\/product"}],"about":[{"href":"https:\/\/hookahshop.lt\/lv\/wp-json\/wp\/v2\/types\/product"}],"replies":[{"embeddable":true,"href":"https:\/\/hookahshop.lt\/lv\/wp-json\/wp\/v2\/comments?post=24502"}],"version-history":[{"count":2,"href":"https:\/\/hookahshop.lt\/lv\/wp-json\/wp\/v2\/product\/24502\/revisions"}],"predecessor-version":[{"id":24505,"href":"https:\/\/hookahshop.lt\/lv\/wp-json\/wp\/v2\/product\/24502\/revisions\/24505"}],"wp:featuredmedia":[{"embeddable":true,"href":"https:\/\/hookahshop.lt\/lv\/wp-json\/wp\/v2\/media\/24503"}],"wp:attachment":[{"href":"https:\/\/hookahshop.lt\/lv\/wp-json\/wp\/v2\/media?parent=24502"}],"curies":[{"name":"wp","href":"https:\/\/api.w.org\/{rel}","templated":true}]}}