{"id":24512,"date":"2021-06-15T11:44:25","date_gmt":"2021-06-15T08:44:25","guid":{"rendered":"https:\/\/hookahshop.lt\/?post_type=product&#038;p=24512"},"modified":"2026-04-05T23:28:59","modified_gmt":"2026-04-05T20:28:59","slug":"kandiklis-ice-bazooka-black","status":"publish","type":"product","link":"https:\/\/hookahshop.lt\/lv\/produkt\/iemutnis-ledus-bazooka-melns\/","title":{"rendered":"Ieteikums ICE BAZOOKA Melns"},"content":{"rendered":"<h2>Ieteikums ICE BAZOOKA Melns<\/h2>\n<p>T\u0101 ir unik\u0101la inov\u0101cija, kas paredz\u0113ta \u016bdensp\u012bpes d\u016bmu atdzes\u0113\u0161anai pirms ieelpo\u0161anas. Iemut\u0101 ir \u0161\u0137idruma tvertne, kas j\u0101uzglab\u0101 sald\u0113tav\u0101 apm\u0113ram 1 stundu. Aukstuma\u0123enta iepakojumu var atk\u0101rtoti sasald\u0113t neierobe\u017eotu skaitu rei\u017eu. Piem\u0113rots vis\u0101m silikona \u0161\u013c\u016bten\u0113m. Dekorat\u012bva lente no marok\u0101\u0146u stila auduma.<\/p>\n<p><strong>Specifik\u0101cijas:<\/strong><br \/>\nIzm\u0113ri: 32\u00d75,5cm<br \/>\nKr\u0101sa melna<\/p>\n<p>Vai jums ir k\u0101di jaut\u0101jumi? Sazinies ar mums\u00a0<a href=\"https:\/\/hookahshop.lt\/lv\/kontaktiem\/\">kontaktu lapa<\/a>\u00a0vai rakstiet mums pa e-pastu\u00a0<a href=\"https:\/\/facebook.com\/HookahShop.lt\/\" target=\"_blank\" rel=\"noopener noreferrer\">Facebook konts<\/a>\u00a0un m\u0113s atbild\u0113sim uz j\u016bsu piepras\u012bjumu taj\u0101 pa\u0161\u0101 dien\u0101.<\/p>","protected":false},"excerpt":{"rendered":"<p>M\u016bte ICE BAZOOKA Black \u0160\u012b ir unik\u0101la inov\u0101cija, kas paredz\u0113ta \u016bdensp\u012bpes d\u016bmu atdzes\u0113\u0161anai pirms ieelpo\u0161anas. Iemut\u0101 ir \u0161\u0137idruma tvertne, kas j\u0101uzglab\u0101 sald\u0113tav\u0101 apm\u0113ram 1 stundu. Aukstuma\u0123enta iepakojumu var atk\u0101rtoti sasald\u0113t neierobe\u017eotu skaitu rei\u017eu. Piem\u0113rots vis\u0101m silikona \u0161\u013c\u016bten\u0113m. Dekorat\u012bva lente no marok\u0101\u0146u stila auduma. Specifik\u0101cijas: Izm\u0113ri: 32\u00d75,5 cm Kr\u0101sa: Melns Vai ir k\u0101di jaut\u0101jumi? Sazinieties ar mums kontaktu lap\u0101 vai [\u2026]<\/p>","protected":false},"featured_media":24513,"comment_status":"open","ping_status":"closed","template":"","meta":[],"_links":{"self":[{"href":"https:\/\/hookahshop.lt\/lv\/wp-json\/wp\/v2\/product\/24512"}],"collection":[{"href":"https:\/\/hookahshop.lt\/lv\/wp-json\/wp\/v2\/product"}],"about":[{"href":"https:\/\/hookahshop.lt\/lv\/wp-json\/wp\/v2\/types\/product"}],"replies":[{"embeddable":true,"href":"https:\/\/hookahshop.lt\/lv\/wp-json\/wp\/v2\/comments?post=24512"}],"version-history":[{"count":7,"href":"https:\/\/hookahshop.lt\/lv\/wp-json\/wp\/v2\/product\/24512\/revisions"}],"predecessor-version":[{"id":43480,"href":"https:\/\/hookahshop.lt\/lv\/wp-json\/wp\/v2\/product\/24512\/revisions\/43480"}],"wp:featuredmedia":[{"embeddable":true,"href":"https:\/\/hookahshop.lt\/lv\/wp-json\/wp\/v2\/media\/24513"}],"wp:attachment":[{"href":"https:\/\/hookahshop.lt\/lv\/wp-json\/wp\/v2\/media?parent=24512"}],"curies":[{"name":"wp","href":"https:\/\/api.w.org\/{rel}","templated":true}]}}