{"id":24645,"date":"2021-06-16T17:25:14","date_gmt":"2021-06-16T14:25:14","guid":{"rendered":"https:\/\/hookahshop.lt\/?post_type=product&#038;p=24645"},"modified":"2026-04-16T23:28:54","modified_gmt":"2026-04-16T20:28:54","slug":"kaljanas-geometry-little-bro-stab-a05","status":"publish","type":"product","link":"https:\/\/hookahshop.lt\/lv\/produkt\/hookah-geometry-little-bro-stab-a05\/","title":{"rendered":"\u016adensp\u012bpes \u0122EOMETRIJA Little Bro Stab A05"},"content":{"rendered":"<h2 class=\"western\" align=\"left\">\u016adensp\u012bpes \u0122EOMETRIJA Little Bro Stab A05<\/h2>\n<p class=\"western\" align=\"left\"><span style=\"font-family: Liberation Serif, serif\">Lieliska Krasnodar Geometry Little Bro s\u0113rija no jaun\u0101 z\u012bmola. Augstas kvalit\u0101tes veiktsp\u0113ja. Moderns, vertik\u0101ls izp\u016bt\u0113js ar vienu v\u0101rstu pa visu pamatnes apk\u0101rtm\u0113ru. Augstas kvalit\u0101tes t\u0113rauds un dekorat\u012bv\u0101s v\u0101rpstas. Daudzu veidu v\u0101rpstas - \u0101das, koka u.c. da\u017e\u0101das kr\u0101sas un fakt\u016bras. Milz\u012bgs pluss ir tas, ka j\u016bs varat uzlabot savu \u016bdensp\u012bpi, ieg\u0101d\u0101joties dekorat\u012bvo v\u0101rpstas apdari.<\/span><\/p>\n<p class=\"western\" align=\"left\"><strong><span style=\"font-family: Liberation Serif, serif\">Raksturojums:<\/span><\/strong><br \/>\n<span style=\"font-family: Liberation Serif, serif\">V\u0101rpstas diametrs: 20 cm<\/span><br \/>\n<span style=\"font-family: Liberation Serif, serif\">T\u0113rauda biezums: 1,5 mm<\/span><br \/>\n<span style=\"font-family: Liberation Serif, serif\">Iek\u0161\u0113jais v\u0101rpstas diametrs: 13 mm<\/span><br \/>\n<span style=\"font-family: Liberation Serif, serif\">Augstums: 50,1 cm<\/span><br \/>\n<span style=\"font-family: Liberation Serif, serif\">Izcelsmes valsts: Krievija<\/span><\/p>\n<p class=\"western\" align=\"left\"><span style=\"font-family: Liberation Serif, serif\">Vai jums ir k\u0101di jaut\u0101jumi? Sazinies ar mums\u00a0<\/span><a href=\"https:\/\/hookahshop.lt\/lv\/kontaktiem\/\"><span style=\"color: #000080\"><span style=\"font-family: Liberation Serif, serif\"><span lang=\"zxx\"><u>kontaktu lapa<\/u><\/span><\/span><\/span><\/a><span style=\"font-family: Liberation Serif, serif\">\u00a0vai rakstiet mums pa e-pastu\u00a0<\/span><a href=\"https:\/\/facebook.com\/HookahShop.lt\/\" target=\"_blank\" rel=\"noopener\"><span style=\"color: #000080\"><span style=\"font-family: Liberation Serif, serif\"><span lang=\"zxx\"><u>Facebook konts<\/u><\/span><\/span><\/span><\/a><span style=\"font-family: Liberation Serif, serif\">\u00a0un m\u0113s atbild\u0113sim uz j\u016bsu piepras\u012bjumu taj\u0101 pa\u0161\u0101 dien\u0101.<\/span><\/p>","protected":false},"excerpt":{"rendered":"<p>\u016adensp\u012bpe GEOMETRY Little Bro Stab A05 Lieliska jaun\u0101 z\u012bmola &quot;Krasnodar Geometry Little Bro&quot; s\u0113rija. Augstas kvalit\u0101tes veiktsp\u0113ja. Moderns, vertik\u0101ls izp\u016bt\u0113js ar vienu v\u0101rstu vis\u0101 pamatnes apk\u0101rtm\u0113r\u0101. Augstas kvalit\u0101tes t\u0113rauds un dekorat\u012bv\u0101s v\u0101rpstas. Daudzu veidu v\u0101rpstas - \u0101das, koka u.c. da\u017e\u0101das kr\u0101sas un fakt\u016bras. Liels pluss ir tas, ka j\u016bs varat uzlabot savu \u016bdensp\u012bpi, ieg\u0101d\u0101joties [\u2026]<\/p>","protected":false},"featured_media":24646,"comment_status":"open","ping_status":"closed","template":"","meta":[],"_links":{"self":[{"href":"https:\/\/hookahshop.lt\/lv\/wp-json\/wp\/v2\/product\/24645"}],"collection":[{"href":"https:\/\/hookahshop.lt\/lv\/wp-json\/wp\/v2\/product"}],"about":[{"href":"https:\/\/hookahshop.lt\/lv\/wp-json\/wp\/v2\/types\/product"}],"replies":[{"embeddable":true,"href":"https:\/\/hookahshop.lt\/lv\/wp-json\/wp\/v2\/comments?post=24645"}],"version-history":[{"count":2,"href":"https:\/\/hookahshop.lt\/lv\/wp-json\/wp\/v2\/product\/24645\/revisions"}],"predecessor-version":[{"id":29645,"href":"https:\/\/hookahshop.lt\/lv\/wp-json\/wp\/v2\/product\/24645\/revisions\/29645"}],"wp:featuredmedia":[{"embeddable":true,"href":"https:\/\/hookahshop.lt\/lv\/wp-json\/wp\/v2\/media\/24646"}],"wp:attachment":[{"href":"https:\/\/hookahshop.lt\/lv\/wp-json\/wp\/v2\/media?parent=24645"}],"curies":[{"name":"wp","href":"https:\/\/api.w.org\/{rel}","templated":true}]}}