{"id":24667,"date":"2021-06-16T18:19:56","date_gmt":"2021-06-16T15:19:56","guid":{"rendered":"https:\/\/hookahshop.lt\/?post_type=product&#038;p=24667"},"modified":"2026-04-15T12:28:51","modified_gmt":"2026-04-15T09:28:51","slug":"kaljanas-geometry-limited-cyberpunk","status":"publish","type":"product","link":"https:\/\/hookahshop.lt\/lv\/produkt\/hookah-geometry-limited-cyberpunk\/","title":{"rendered":"\u016adensp\u012bpes GEOMETRY Little Bro Limited CyberPunk"},"content":{"rendered":"<h2 class=\"western\" align=\"left\">\u016adensp\u012bpes GEOMETRY Little Bro Limited CyberPunk<\/h2>\n<p>Lieliska Krasnodar Geometry Little Bro s\u0113rija no jaun\u0101 z\u012bmola. Augstas kvalit\u0101tes veiktsp\u0113ja. Moderns, vertik\u0101ls izp\u016bt\u0113js ar vienu v\u0101rstu pa visu pamatnes apk\u0101rtm\u0113ru. Augstas kvalit\u0101tes t\u0113rauds un dekorat\u012bv\u0101s v\u0101rpstas. Daudzu veidu v\u0101rpstas - \u0101das, koka u.c. da\u017e\u0101das kr\u0101sas un fakt\u016bras. Milz\u012bgs pluss ir tas, ka j\u016bs varat uzlabot savu \u016bdensp\u012bpi, ieg\u0101d\u0101joties dekorat\u012bvo v\u0101rpstas apdari.<\/p>\n<p>Raksturojums:<br \/>\nV\u0101rpstas diametrs: 20 cm<br \/>\nT\u0113rauda biezums: 1,5 mm<br \/>\nIek\u0161\u0113jais v\u0101rpstas diametrs: 13 mm<br \/>\nAugstums: 50,1 cm<br \/>\nIzcelsmes valsts: Krievija<\/p>\n<p>Vai jums ir k\u0101di jaut\u0101jumi? Sazinies ar mums\u00a0<a href=\"https:\/\/hookahshop.lt\/lv\/kontaktiem\/\">kontaktu lapa<\/a>\u00a0vai rakstiet mums pa e-pastu\u00a0<a href=\"https:\/\/facebook.com\/HookahShop.lt\/\" target=\"_blank\" rel=\"noopener noreferrer\">Facebook konts<\/a>\u00a0un m\u0113s atbild\u0113sim uz j\u016bsu piepras\u012bjumu taj\u0101 pa\u0161\u0101 dien\u0101.<\/p>","protected":false},"excerpt":{"rendered":"<p>\u016adensp\u012bpe GEOMETRY Little Bro Limited CyberPunk Lieliska s\u0113rija no jaun\u0101 z\u012bmola &quot;Krasnodar Geometry Little Bro&quot;. Augstas kvalit\u0101tes veiktsp\u0113ja. Moderns, vertik\u0101ls izp\u016bt\u0113js ar vienu v\u0101rstu pa visu pamatnes apk\u0101rtm\u0113ru. Augstas kvalit\u0101tes t\u0113rauds un dekorat\u012bv\u0101s v\u0101rpstas. Daudzu veidu v\u0101rpstas - \u0101das, koka u.c. da\u017e\u0101das kr\u0101sas un fakt\u016bras. Milz\u012bgs pluss ir tas, ka j\u016bs varat uzlabot savu \u016bdensp\u012bpi, ieg\u0101d\u0101joties [\u2026]<\/p>","protected":false},"featured_media":24668,"comment_status":"open","ping_status":"closed","template":"","meta":[],"_links":{"self":[{"href":"https:\/\/hookahshop.lt\/lv\/wp-json\/wp\/v2\/product\/24667"}],"collection":[{"href":"https:\/\/hookahshop.lt\/lv\/wp-json\/wp\/v2\/product"}],"about":[{"href":"https:\/\/hookahshop.lt\/lv\/wp-json\/wp\/v2\/types\/product"}],"replies":[{"embeddable":true,"href":"https:\/\/hookahshop.lt\/lv\/wp-json\/wp\/v2\/comments?post=24667"}],"version-history":[{"count":3,"href":"https:\/\/hookahshop.lt\/lv\/wp-json\/wp\/v2\/product\/24667\/revisions"}],"predecessor-version":[{"id":29638,"href":"https:\/\/hookahshop.lt\/lv\/wp-json\/wp\/v2\/product\/24667\/revisions\/29638"}],"wp:featuredmedia":[{"embeddable":true,"href":"https:\/\/hookahshop.lt\/lv\/wp-json\/wp\/v2\/media\/24668"}],"wp:attachment":[{"href":"https:\/\/hookahshop.lt\/lv\/wp-json\/wp\/v2\/media?parent=24667"}],"curies":[{"name":"wp","href":"https:\/\/api.w.org\/{rel}","templated":true}]}}