{"id":24778,"date":"2021-06-18T11:31:01","date_gmt":"2021-06-18T08:31:01","guid":{"rendered":"https:\/\/hookahshop.lt\/?post_type=product&#038;p=24778"},"modified":"2026-04-18T23:28:38","modified_gmt":"2026-04-18T20:28:38","slug":"kaljanas-aladin-alux-m3-gold","status":"publish","type":"product","link":"https:\/\/hookahshop.lt\/lv\/produkt\/udenspipe-aladin-alux-m3-zelts\/","title":{"rendered":"\u016adensp\u012bpe ALADIN Alux M3 Gold"},"content":{"rendered":"<h2>\u016adensp\u012bpe ALADIN Alux M3 Gold<\/h2>\n<p>\u016adensp\u012bpe ar saviem kvalitat\u012bvajiem materi\u0101liem atst\u0101j br\u012bni\u0161\u0137\u012bgus iespaidus. Kvalitat\u012bvs izpild\u012bjums un individu\u0101ls dizains neatst\u0101s j\u016bs vienaldz\u012bgus.<br \/>\nPateicoties kompaktajam izm\u0113ram, tas ir ide\u0101ls ce\u013cabiedrs tiem, kas v\u0113las, lai uz ce\u013ca b\u016btu kvalitat\u012bvs produkts.<\/p>\n<p>Kombin\u0113t\u0101 versija: v\u0101rpstas \/ masta apak\u0161\u0113j\u0101 da\u013ca, kas non\u0101k saskar\u0113 ar \u016bdeni, ir ner\u016bs\u0113jo\u0161ais t\u0113rauds, p\u0101r\u0113j\u0101s \u016bdensp\u012bpes da\u013cas ir izgatavotas no alum\u012bnija.<\/p>\n<p><strong>Standarta komplekts:<\/strong><\/p>\n<p>knaibles, &quot;m\u012bkst\u0101&quot; silikona \u0161\u013c\u016btene ar sprausl\u0101m, kr\u016bze un &quot;degli kr\u016bz\u012btei&quot;.<\/p>\n<p>Regul\u0113jams difuzors.<\/p>\n<p>Vai jums ir k\u0101di jaut\u0101jumi? Sazinies ar mums\u00a0<a href=\"https:\/\/hookahshop.lt\/lv\/kontaktiem\/\">kontaktu lapa<\/a>\u00a0vai rakstiet mums pa e-pastu\u00a0<a href=\"https:\/\/facebook.com\/HookahShop.lt\/\" target=\"_blank\" rel=\"noopener noreferrer\">Facebook konts<\/a>\u00a0un m\u0113s atbild\u0113sim uz j\u016bsu piepras\u012bjumu taj\u0101 pa\u0161\u0101 dien\u0101.<\/p>","protected":false},"excerpt":{"rendered":"<p>\u016adensp\u012bpe ALADIN Alux M3 Gold atst\u0101j br\u012bni\u0161\u0137\u012bgu iespaidu ar saviem augstas kvalit\u0101tes materi\u0101liem. Augstas kvalit\u0101tes meistar\u012bba un individu\u0101lais dizains neatst\u0101s vienaldz\u012bgu nevienu. Pateicoties kompaktajam izm\u0113ram, t\u0101 ir ide\u0101ls ce\u013cabiedris tiem, kas v\u0113las kvalitat\u012bvu produktu ce\u013c\u0101. Kombin\u0113t\u0101 versija: k\u0101ta apak\u0161\u0113j\u0101 da\u013ca, kas non\u0101k saskar\u0113 ar \u016bdeni, ir izgatavota no ner\u016bs\u0113jo\u0161\u0101 t\u0113rauda, p\u0101r\u0113j\u0101s \u016bdensp\u012bpes da\u013cas ir izgatavotas no alum\u012bnija. Standarta komplekt\u0101cij\u0101: [\u2026]<\/p>","protected":false},"featured_media":24779,"comment_status":"open","ping_status":"closed","template":"","meta":[],"_links":{"self":[{"href":"https:\/\/hookahshop.lt\/lv\/wp-json\/wp\/v2\/product\/24778"}],"collection":[{"href":"https:\/\/hookahshop.lt\/lv\/wp-json\/wp\/v2\/product"}],"about":[{"href":"https:\/\/hookahshop.lt\/lv\/wp-json\/wp\/v2\/types\/product"}],"replies":[{"embeddable":true,"href":"https:\/\/hookahshop.lt\/lv\/wp-json\/wp\/v2\/comments?post=24778"}],"version-history":[{"count":2,"href":"https:\/\/hookahshop.lt\/lv\/wp-json\/wp\/v2\/product\/24778\/revisions"}],"predecessor-version":[{"id":25702,"href":"https:\/\/hookahshop.lt\/lv\/wp-json\/wp\/v2\/product\/24778\/revisions\/25702"}],"wp:featuredmedia":[{"embeddable":true,"href":"https:\/\/hookahshop.lt\/lv\/wp-json\/wp\/v2\/media\/24779"}],"wp:attachment":[{"href":"https:\/\/hookahshop.lt\/lv\/wp-json\/wp\/v2\/media?parent=24778"}],"curies":[{"name":"wp","href":"https:\/\/api.w.org\/{rel}","templated":true}]}}