{"id":24795,"date":"2021-06-18T12:37:36","date_gmt":"2021-06-18T09:37:36","guid":{"rendered":"https:\/\/hookahshop.lt\/?post_type=product&#038;p=24795"},"modified":"2026-04-18T23:28:38","modified_gmt":"2026-04-18T20:28:38","slug":"kaljanas-aladin-alux-m4-green","status":"publish","type":"product","link":"https:\/\/hookahshop.lt\/lv\/produkt\/udenspipe-aladin-alux-m4-green\/","title":{"rendered":"\u016adensp\u012bpe ALADIN Alux M4 Green"},"content":{"rendered":"<h2>\u016adensp\u012bpe ALADIN Alux M4 Green<\/h2>\n<p>\u0160\u012b ir jauna ra\u017eot\u0101ja Aladin mode\u013ca versija. \u0160is \u016bdensp\u012bpes modelis izce\u013cas ar savu funkcionalit\u0101ti, materi\u0101lu kvalit\u0101ti un moderniz\u0113t\u0101m dizaina inov\u0101cij\u0101m.<\/p>\n<p><strong>Specifik\u0101cija:<\/strong><br \/>\nSavienojumi: Ir iesp\u0113jams pievienot otru \u0161\u013c\u016bteni.<br \/>\n\u016adensp\u012bpes augstums: 62 cm<br \/>\nMateri\u0101ls: anod\u0113ts alum\u012bnijs<\/p>\n<p><strong>Komplekt\u0101 ietilpst:<\/strong><br \/>\n- \u016bdensp\u012bpe,<br \/>\n- v\u012bt\u0146ota kolba,<br \/>\n- knaibles,<br \/>\n- Silikona \u0161\u013c\u016btene (m\u012bksts piesk\u0101riens) ar sprausl\u0101m<br \/>\n- Kauss<br \/>\n- Skurstenis<br \/>\n- Regul\u0113jams difuzors.<\/p>\n<p>Vai jums ir k\u0101di jaut\u0101jumi? Sazinies ar mums\u00a0<a href=\"https:\/\/hookahshop.lt\/lv\/kontaktiem\/\">kontaktu lapa<\/a>\u00a0vai rakstiet mums pa e-pastu\u00a0<a href=\"https:\/\/facebook.com\/HookahShop.lt\/\" target=\"_blank\" rel=\"noopener noreferrer\">Facebook konts<\/a>\u00a0un m\u0113s atbild\u0113sim uz j\u016bsu piepras\u012bjumu taj\u0101 pa\u0161\u0101 dien\u0101.<\/p>","protected":false},"excerpt":{"rendered":"<p>\u016adensp\u012bpe ALADIN Alux M4 Green \u0160\u012b ir jauna Aladin mode\u013ca versija. \u0160is \u016bdensp\u012bpes modelis izce\u013cas ar savu funkcionalit\u0101ti, materi\u0101lu kvalit\u0101ti un moderniz\u0113t\u0101m dizaina inov\u0101cij\u0101m. Specifik\u0101cija: Savienojumi: Ir iesp\u0113ja pievienot otru \u0161\u013c\u016bteni. \u016adensp\u012bpes augstums: 62 cm Materi\u0101ls: anod\u0113ts alum\u012bnijs Komplekt\u0101 ietilpst: \u2013 \u016adensp\u012bpe, \u2013 Kolba ar v\u012btni, \u2013 Knaibles, \u2013 Silikona \u0161\u013c\u016btene (Soft touch) ar sprausl\u0101m, \u2013 [\u2026]<\/p>","protected":false},"featured_media":24796,"comment_status":"open","ping_status":"closed","template":"","meta":[],"_links":{"self":[{"href":"https:\/\/hookahshop.lt\/lv\/wp-json\/wp\/v2\/product\/24795"}],"collection":[{"href":"https:\/\/hookahshop.lt\/lv\/wp-json\/wp\/v2\/product"}],"about":[{"href":"https:\/\/hookahshop.lt\/lv\/wp-json\/wp\/v2\/types\/product"}],"replies":[{"embeddable":true,"href":"https:\/\/hookahshop.lt\/lv\/wp-json\/wp\/v2\/comments?post=24795"}],"version-history":[{"count":3,"href":"https:\/\/hookahshop.lt\/lv\/wp-json\/wp\/v2\/product\/24795\/revisions"}],"predecessor-version":[{"id":37492,"href":"https:\/\/hookahshop.lt\/lv\/wp-json\/wp\/v2\/product\/24795\/revisions\/37492"}],"wp:featuredmedia":[{"embeddable":true,"href":"https:\/\/hookahshop.lt\/lv\/wp-json\/wp\/v2\/media\/24796"}],"wp:attachment":[{"href":"https:\/\/hookahshop.lt\/lv\/wp-json\/wp\/v2\/media?parent=24795"}],"curies":[{"name":"wp","href":"https:\/\/api.w.org\/{rel}","templated":true}]}}