{"id":24855,"date":"2021-06-18T13:35:54","date_gmt":"2021-06-18T10:35:54","guid":{"rendered":"https:\/\/hookahshop.lt\/?post_type=product&#038;p=24855"},"modified":"2026-04-15T12:28:48","modified_gmt":"2026-04-15T09:28:48","slug":"kaljanas-aladin-mvp500-rainbow","status":"publish","type":"product","link":"https:\/\/hookahshop.lt\/lv\/produkt\/udenspipe-aladin-mvp500-varaviksne\/","title":{"rendered":"\u016adensp\u012bpe ALADIN MVP500 Rainbow"},"content":{"rendered":"<h2>\u016adensp\u012bpe ALADIN MVP500 Rainbow<\/h2>\n<p>\u016adensp\u012bpe ar saviem kvalitat\u012bvajiem materi\u0101liem atst\u0101j br\u012bni\u0161\u0137\u012bgus iespaidus. Kvalitat\u012bvs izpild\u012bjums un individu\u0101ls dizains neatst\u0101s j\u016bs vienaldz\u012bgus.<br \/>\nPateicoties kompaktajam izm\u0113ram, tas ir ide\u0101ls ce\u013cabiedrs tiem, kas v\u0113las, lai ce\u013c\u0101 b\u016btu kvalitat\u012bvs produkts.<\/p>\n<p><strong>Specifik\u0101cija<\/strong><br \/>\nMateri\u0101ls: Anod\u0113ts ner\u016bs\u0113jo\u0161ais t\u0113rauds<br \/>\nKolba: V\u012bt\u0146ota<br \/>\nDif\u016bzija: j\u0101 (regul\u0113jams)<br \/>\nAugstums: 50 cm<br \/>\nSvars: 3 kg<br \/>\nra\u017eots \u0136\u012bn\u0101<\/p>\n<p><strong>Standarta komplekt\u0101 ietilpst:<\/strong><br \/>\nknaibles, m\u012bksta silikona \u0161\u013c\u016btene ar sprausl\u0101m, gl\u0101ze, skurstenis kr\u016bz\u012btei.<\/p>\n<p>Vai jums ir k\u0101di jaut\u0101jumi? Sazinies ar mums\u00a0<a href=\"https:\/\/hookahshop.lt\/lv\/kontaktiem\/\">kontaktu lapa<\/a>\u00a0vai rakstiet mums pa e-pastu\u00a0<a href=\"https:\/\/facebook.com\/HookahShop.lt\/\" target=\"_blank\" rel=\"noopener noreferrer\">Facebook konts<\/a>\u00a0un m\u0113s atbild\u0113sim uz j\u016bsu piepras\u012bjumu taj\u0101 pa\u0161\u0101 dien\u0101.<\/p>","protected":false},"excerpt":{"rendered":"<p>\u016adensp\u012bpe ALADIN MVP500 Rainbow \u016adensp\u012bpe ar saviem kvalitat\u012bvajiem materi\u0101liem atst\u0101j br\u012bni\u0161\u0137\u012bgus iespaidus. Kvalitat\u012bvs izpild\u012bjums un individu\u0101ls dizains neatst\u0101s j\u016bs vienaldz\u012bgus. Pateicoties t\u0101 kompaktajam izm\u0113ram, tas ir ide\u0101ls ce\u013cojumu biedrs tiem, kas v\u0113las ieg\u016bt kvalitat\u012bvu produktu, atrodoties ce\u013c\u0101. Specifik\u0101cija Materi\u0101ls: anod\u0113ts ner\u016bs\u0113jo\u0161ais t\u0113rauds Kolba: v\u012bt\u0146ots difuzors: pieejams (regul\u0113jams) Augstums: 50 cm Svars: 3 kg Izcelsmes valsts: \u0136\u012bna Standarta komplekts [\u2026]<\/p>","protected":false},"featured_media":24856,"comment_status":"open","ping_status":"closed","template":"","meta":[],"_links":{"self":[{"href":"https:\/\/hookahshop.lt\/lv\/wp-json\/wp\/v2\/product\/24855"}],"collection":[{"href":"https:\/\/hookahshop.lt\/lv\/wp-json\/wp\/v2\/product"}],"about":[{"href":"https:\/\/hookahshop.lt\/lv\/wp-json\/wp\/v2\/types\/product"}],"replies":[{"embeddable":true,"href":"https:\/\/hookahshop.lt\/lv\/wp-json\/wp\/v2\/comments?post=24855"}],"version-history":[{"count":3,"href":"https:\/\/hookahshop.lt\/lv\/wp-json\/wp\/v2\/product\/24855\/revisions"}],"predecessor-version":[{"id":37496,"href":"https:\/\/hookahshop.lt\/lv\/wp-json\/wp\/v2\/product\/24855\/revisions\/37496"}],"wp:featuredmedia":[{"embeddable":true,"href":"https:\/\/hookahshop.lt\/lv\/wp-json\/wp\/v2\/media\/24856"}],"wp:attachment":[{"href":"https:\/\/hookahshop.lt\/lv\/wp-json\/wp\/v2\/media?parent=24855"}],"curies":[{"name":"wp","href":"https:\/\/api.w.org\/{rel}","templated":true}]}}