{"id":25033,"date":"2021-06-21T20:52:08","date_gmt":"2021-06-21T17:52:08","guid":{"rendered":"https:\/\/hookahshop.lt\/?post_type=product&#038;p=25033"},"modified":"2026-04-15T12:28:58","modified_gmt":"2026-04-15T09:28:58","slug":"kaljanas-nube-unique-volt-yellow","status":"publish","type":"product","link":"https:\/\/hookahshop.lt\/lv\/produkt\/udenspipe-nube-unikals-volt-dzeltens\/","title":{"rendered":"\u016adensp\u012bpe NUBE unik\u0101ls Volt Yellow"},"content":{"rendered":"<h2>\u016adensp\u012bpe NUBE unik\u0101ls Volt Yellow<\/h2>\n<p>\u016adensp\u012bpe ir izgatavota no o\u0161a koka un AISI 321 ner\u016bs\u0113jo\u0161\u0101 t\u0113rauda ar jaunu d\u016bmu p\u016b\u0161anas tehnolo\u0123iju. \u016adensp\u012bpei izmantota Cool Down d\u016bmu p\u016b\u0161anas sist\u0113ma, kas uzst\u0101d\u012bta pogas veid\u0101. Tas \u013cauj kontrol\u0113t siltumu lieto\u0161anas laik\u0101. K\u0101ts un iemuts ir izgatavoti izsmalcin\u0101t\u0101 stil\u0101, dekorat\u012bvie ielikt\u0146i ir izgatavoti no dab\u012bg\u0101 koka. Izmantojot elektrisko str\u0101vu (dedzinot koka tekst\u016bru), koka apdarei tiek piem\u0113rots zibens formas dizains.<\/p>\n<p><strong>Raksturojums:<\/strong><br \/>\n\u016adensp\u012bpes svars: aptuveni 1895 g.<br \/>\n\u016adensp\u012bpes augstums: 530 mm.<br \/>\nV\u0101rpsta: \u013coti iztur\u012bgs ner\u016bs\u0113jo\u0161ais t\u0113rauds AISI 321, mm 14D.<br \/>\nV\u0101rpstas apdare: o\u0161a koks.<br \/>\nMutes uzgalis: AISI 321 ner\u016bs\u0113jo\u0161ais t\u0113rauds un o\u0161a koks.<br \/>\nIzp\u016bt\u0113ja garums: 310 mm.<br \/>\n\u0160\u013c\u016btene: m\u012bksts piesk\u0101riens.<br \/>\n\u0160\u013c\u016btenes garums: 1500 mm.<\/p>\n<p>Vai jums ir k\u0101di jaut\u0101jumi? Sazinies ar mums\u00a0<a href=\"https:\/\/hookahshop.lt\/lv\/kontaktiem\/\">kontaktu lapa<\/a>\u00a0vai rakstiet mums pa e-pastu\u00a0<a href=\"https:\/\/facebook.com\/HookahShop.lt\/\" target=\"_blank\" rel=\"noopener noreferrer\">Facebook konts<\/a>\u00a0un m\u0113s atbild\u0113sim uz j\u016bsu piepras\u012bjumu taj\u0101 pa\u0161\u0101 dien\u0101.<\/p>","protected":false},"excerpt":{"rendered":"<p>\u016adensp\u012bpe NUBE Unique Volt Yellow \u016adensp\u012bpe no o\u0161a koka un AISI 321 ner\u016bs\u0113jo\u0161\u0101 t\u0113rauda ar jaunu d\u016bmu p\u016b\u0161anas tehnolo\u0123iju. \u016adensp\u012bpei izmantota Cool Down d\u016bmu p\u016b\u0161anas sist\u0113ma, kas uzst\u0101d\u012bta pogas veid\u0101. Tas \u013cauj kontrol\u0113t siltumu lieto\u0161anas laik\u0101. K\u0101ts un iemuts ir izgatavoti izsmalcin\u0101t\u0101 stil\u0101, dekorat\u012bvie ielikt\u0146i ir izgatavoti no dab\u012bg\u0101 koka. Izmantojot elektrisko str\u0101vu (dego\u0161a koka tekst\u016bra), [\u2026]<\/p>","protected":false},"featured_media":25034,"comment_status":"open","ping_status":"closed","template":"","meta":[],"_links":{"self":[{"href":"https:\/\/hookahshop.lt\/lv\/wp-json\/wp\/v2\/product\/25033"}],"collection":[{"href":"https:\/\/hookahshop.lt\/lv\/wp-json\/wp\/v2\/product"}],"about":[{"href":"https:\/\/hookahshop.lt\/lv\/wp-json\/wp\/v2\/types\/product"}],"replies":[{"embeddable":true,"href":"https:\/\/hookahshop.lt\/lv\/wp-json\/wp\/v2\/comments?post=25033"}],"version-history":[{"count":2,"href":"https:\/\/hookahshop.lt\/lv\/wp-json\/wp\/v2\/product\/25033\/revisions"}],"predecessor-version":[{"id":29665,"href":"https:\/\/hookahshop.lt\/lv\/wp-json\/wp\/v2\/product\/25033\/revisions\/29665"}],"wp:featuredmedia":[{"embeddable":true,"href":"https:\/\/hookahshop.lt\/lv\/wp-json\/wp\/v2\/media\/25034"}],"wp:attachment":[{"href":"https:\/\/hookahshop.lt\/lv\/wp-json\/wp\/v2\/media?parent=25033"}],"curies":[{"name":"wp","href":"https:\/\/api.w.org\/{rel}","templated":true}]}}