{"id":25063,"date":"2021-06-22T10:39:21","date_gmt":"2021-06-22T07:39:21","guid":{"rendered":"https:\/\/hookahshop.lt\/?post_type=product&#038;p=25063"},"modified":"2026-04-26T23:29:08","modified_gmt":"2026-04-26T20:29:08","slug":"kaljanas-hoob-subatom","status":"publish","type":"product","link":"https:\/\/hookahshop.lt\/lv\/produkt\/udenspipe-hoob-subatom\/","title":{"rendered":"\u016adensp\u012bpe HOOB Subatom"},"content":{"rendered":"<h2>\u016adensp\u012bpe HOOB Subatom<\/h2>\n<p>\u016adensp\u012bpe ir sudraba kr\u0101s\u0101, t\u0101 ir viena no revolucion\u0101r\u0101kaj\u0101m un kompakt\u0101kaj\u0101m \u016bdensp\u012bp\u0113m, ir k\u013cuvusi v\u0113l kompakt\u0101ka un mobil\u0101ka Hoob SubAtom. Jau popul\u0101rais Hoob sudraba dizains un \u0161\u012bs \u016bdensp\u012bpes nestandarta formas padara to patie\u0161\u0101m unik\u0101lu, to var izmantot, kur vien v\u0113laties, dab\u0101, m\u0101j\u0101s, biroj\u0101. Kvalitat\u012bvi materi\u0101li ir perfekti saska\u0146oti, lai nodro\u0161in\u0101tu \u016bdensp\u012bpes gar\u0101ko m\u016b\u017eu, un pieska\u0146oti m\u016bsdien\u012bgam izskatam.<\/p>\n<p>Anod\u0113ta alum\u012bnija \u016bdensp\u012bpes da\u013ca ar sudraba mat\u0113tu apdari, ar ner\u016bs\u0113jo\u0161\u0101 t\u0113rauda centr\u0101lo cauruli.<br \/>\nHoob Magnetic Lock\u00ae unik\u0101la \u016bdensp\u012bpes savienojuma sist\u0113ma un magn\u0113tisko \u0161\u013c\u016bte\u0146u savienot\u0101ji.<br \/>\nNer\u016bs\u0113jo\u0161\u0101 t\u0113rauda mini pl\u0101ksne ogl\u0113m.<br \/>\nTriecieniztur\u012bga organisk\u0101 stikla kolba.<\/p>\n<p>\u016adensp\u012bpe Hoob subAtom Black ir priek\u0161mets, ko varat izmantot ar jebkur\u0101m kr\u016bz\u012bt\u0113m un silikona \u0161\u013c\u016bten\u0113m.<\/p>\n<p><strong>Apr\u012bkojums:<\/strong><br \/>\nV\u0101rpstas ner\u016bs\u0113jo\u0161ais t\u0113rauds<br \/>\nKolbas materi\u0101ls ir organiskais stikls<br \/>\nStiprin\u0101juma sist\u0113mas &quot;Hoob Magnetic Lock\u00ae&quot; magn\u0113ti<br \/>\nAugstums 12 cm<br \/>\nV\u0101rpsta 13 mm<br \/>\ndifuzors, tr\u012bsk\u0101r\u0161s iztuk\u0161o\u0161anas v\u0101rsts<br \/>\nHoob Magnetic Lock platforma; triecieniztur\u012bga organisk\u0101 stikla kolba; \u0161\u013c\u016btenes savienojums<\/p>\n<p><img decoding=\"async\" loading=\"lazy\" class=\"alignnone size-medium wp-image-38512\" src=\"https:\/\/hookahshop.lt\/wp-content\/uploads\/2022\/06\/mazu-aladinu-komplektacija-1-300x273.jpg\" alt=\"- hookahshop.lt\" width=\"300\" height=\"273\" srcset=\"https:\/\/hookahshop.lt\/wp-content\/uploads\/2022\/06\/mazu-aladinu-komplektacija-1-300x273.jpg 300w, https:\/\/hookahshop.lt\/wp-content\/uploads\/2022\/06\/mazu-aladinu-komplektacija-1-13x12.jpg 13w, https:\/\/hookahshop.lt\/wp-content\/uploads\/2022\/06\/mazu-aladinu-komplektacija-1-64x58.jpg 64w, https:\/\/hookahshop.lt\/wp-content\/uploads\/2022\/06\/mazu-aladinu-komplektacija-1.jpg 420w\" sizes=\"(max-width: 300px) 100vw, 300px\" title=\"\"><\/p>\n<p>Vai jums ir k\u0101di jaut\u0101jumi? Sazinies ar mums\u00a0<a href=\"https:\/\/hookahshop.lt\/lv\/kontaktiem\/\">kontaktu lapa<\/a>\u00a0vai rakstiet mums pa e-pastu\u00a0<a href=\"https:\/\/facebook.com\/HookahShop.lt\/\" target=\"_blank\" rel=\"noopener noreferrer\">Facebook konts<\/a>\u00a0un m\u0113s atbild\u0113sim uz j\u016bsu piepras\u012bjumu taj\u0101 pa\u0161\u0101 dien\u0101.<\/p>","protected":false},"excerpt":{"rendered":"<p>\u016adensp\u012bpe HOOB Subatom \u016adensp\u012bpe ir sudraba kr\u0101s\u0101, t\u0101 ir viena no revolucion\u0101r\u0101kaj\u0101m un kompakt\u0101kaj\u0101m \u016bdensp\u012bp\u0113m, Hoob SubAtom ir k\u013cuvusi v\u0113l kompakt\u0101ka un mobil\u0101ka. Jau popul\u0101rais Hoob sudraba dizains un nestandarta formas \u0161o \u016bdensp\u012bpi padara to patiesi unik\u0101lu, to var izmantot, kur vien v\u0113laties, dab\u0101, m\u0101j\u0101s, biroj\u0101. Kvalitat\u012bvi materi\u0101li ir ide\u0101li saska\u0146oti, lai nodro\u0161in\u0101tu ilg\u0101ko \u016bdensp\u012bpes kalpo\u0161anas laiku [...]<\/p>","protected":false},"featured_media":25065,"comment_status":"open","ping_status":"closed","template":"","meta":[],"_links":{"self":[{"href":"https:\/\/hookahshop.lt\/lv\/wp-json\/wp\/v2\/product\/25063"}],"collection":[{"href":"https:\/\/hookahshop.lt\/lv\/wp-json\/wp\/v2\/product"}],"about":[{"href":"https:\/\/hookahshop.lt\/lv\/wp-json\/wp\/v2\/types\/product"}],"replies":[{"embeddable":true,"href":"https:\/\/hookahshop.lt\/lv\/wp-json\/wp\/v2\/comments?post=25063"}],"version-history":[{"count":5,"href":"https:\/\/hookahshop.lt\/lv\/wp-json\/wp\/v2\/product\/25063\/revisions"}],"predecessor-version":[{"id":38555,"href":"https:\/\/hookahshop.lt\/lv\/wp-json\/wp\/v2\/product\/25063\/revisions\/38555"}],"wp:featuredmedia":[{"embeddable":true,"href":"https:\/\/hookahshop.lt\/lv\/wp-json\/wp\/v2\/media\/25065"}],"wp:attachment":[{"href":"https:\/\/hookahshop.lt\/lv\/wp-json\/wp\/v2\/media?parent=25063"}],"curies":[{"name":"wp","href":"https:\/\/api.w.org\/{rel}","templated":true}]}}