{"id":25077,"date":"2021-06-22T11:02:48","date_gmt":"2021-06-22T08:02:48","guid":{"rendered":"https:\/\/hookahshop.lt\/?post_type=product&#038;p=25077"},"modified":"2026-04-16T23:28:55","modified_gmt":"2026-04-16T20:28:55","slug":"kaljanas-hoob-apex-mini","status":"publish","type":"product","link":"https:\/\/hookahshop.lt\/lv\/produkt\/udenspipe-hoob-apex-mini\/","title":{"rendered":"\u016adensp\u012bpe HOOB Apex Mini"},"content":{"rendered":"<h2>\u016adensp\u012bpe HOOB Apex Mini<\/h2>\n<p>\u016adensp\u012bpe Hoob Apex Mini - \u016bdensp\u012bpe tika veidota k\u0101 tradicion\u0101la \u016bdensp\u012bpe, ra\u017eota uz modern\u0101m CNC iek\u0101rt\u0101m.<br \/>\nHoob Apex Mini dizains ir tradicion\u0101lu apa\u013cu formu un m\u016bsdienu 3D z\u012bm\u0113\u0161anas tehnikas augst\u0101k\u0101s precizit\u0101tes kombin\u0101cija. Hoob \u016bdensp\u012bpes apvieno klasisko \u016bdensp\u012bpju lab\u0101k\u0101s \u012bpa\u0161\u012bbas un augsto tehnolo\u0123iju ra\u017eo\u0161anas priek\u0161roc\u012bbas.<br \/>\nTas sm\u0113\u0137\u0113 k\u0101 tradicion\u0101la \u016bdensp\u012bpe, ta\u010du taj\u0101 pa\u0161\u0101 laik\u0101 Hoob Apex Mini par\u0101d\u012bs, k\u0101 tehnolo\u0123ija var piel\u0101got difuzorus, magn\u0113tisko \u0161\u013c\u016bte\u0146u savienojumus, lai \u016bdensp\u012bpei sniegtu jaunu baud\u012bjumu un komfortu. Lieliska gaisa pl\u016bsmas un d\u016bmu novad\u012b\u0161anas sist\u0113ma.<br \/>\nNav kait\u012bgu p\u0101rkl\u0101jumu vai vielu, kas var jums kait\u0113t. M\u0113s r\u016bp\u0113jamies par j\u016bsu vesel\u012bbu un vidi, t\u0101p\u0113c izmantojam tikai t\u012brus materi\u0101lus un bez kr\u0101sviel\u0101m.<br \/>\nKatrai \u016bdensp\u012bpei, pirms t\u0101 non\u0101k pie klienta, tiek veikta kvalit\u0101tes kontrole, t\u0101p\u0113c m\u0113s varam jums pied\u0101v\u0101t augst\u0101k\u0101s kvalit\u0101tes \u016bdensp\u012bpes tirg\u016b.<br \/>\nKomplekt\u0101 nav iek\u013cauta kolba.<\/p>\n<p>Hoob Mars Apex Mini <strong>specifik\u0101cijas<\/strong>:<br \/>\nNer\u016bs\u0113jo\u0161\u0101 t\u0113rauda k\u0101ts ar anod\u0113tu alum\u012bniju.<br \/>\nGrommet masta pamatnes savienojums.<br \/>\nMagn\u0113tisk\u0101s \u0161\u013c\u016btenes piesl\u0113gvieta.<br \/>\nAugstums: 43 cm;<br \/>\nApak\u0161\u0113j\u0101 da\u013ca: \u00d813mm;<br \/>\n\u0160\u013c\u016bte\u0146u savienot\u0101ji: \u00d810mm;<br \/>\nIztuk\u0161o\u0161anas v\u0101rsts.<br \/>\nNer\u016bs\u0113jo\u0161\u0101 t\u0113rauda oglek\u013ca korpuss.<br \/>\nP\u0113c izv\u0113les regul\u0113jams difuzors.<\/p>\n<p><strong>Apr\u012bkojums:<\/strong><br \/>\nV\u0101rpsta, pl\u0101ksne, \u0161\u013c\u016btene, iemuts, bl\u012bves.<\/p>\n<p>Vai jums ir k\u0101di jaut\u0101jumi? Sazinies ar mums\u00a0<a href=\"https:\/\/hookahshop.lt\/lv\/kontaktiem\/\">kontaktu lapa<\/a>\u00a0vai rakstiet mums pa e-pastu\u00a0<a href=\"https:\/\/facebook.com\/HookahShop.lt\/\" target=\"_blank\" rel=\"noopener noreferrer\">Facebook konts<\/a>\u00a0un m\u0113s atbild\u0113sim uz j\u016bsu piepras\u012bjumu taj\u0101 pa\u0161\u0101 dien\u0101.<\/p>","protected":false},"excerpt":{"rendered":"<p>\u016adensp\u012bpe HOOB Apex Mini \u016adensp\u012bpe Hoob Apex Mini - \u016bdensp\u012bpe tika izveidota k\u0101 tradicion\u0101la \u016bdensp\u012bpe, ra\u017eota uz modern\u0101m CNC iek\u0101rt\u0101m. Hoob Apex Mini dizains ir tradicion\u0101lu apa\u013cu formu un m\u016bsdienu 3D z\u012bm\u0113\u0161anas tehnikas augst\u0101k\u0101s precizit\u0101tes kombin\u0101cija. Hoob \u016bdensp\u012bpes apvieno klasisko \u016bdensp\u012bpju lab\u0101k\u0101s \u012bpa\u0161\u012bbas un augsto tehnolo\u0123iju ra\u017eo\u0161anas priek\u0161roc\u012bbas. T\u0101 sm\u0113\u0137\u0113 k\u0101 tradicion\u0101la \u016bdensp\u012bpe, bet ar [\u2026]<\/p>","protected":false},"featured_media":25078,"comment_status":"open","ping_status":"closed","template":"","meta":[],"_links":{"self":[{"href":"https:\/\/hookahshop.lt\/lv\/wp-json\/wp\/v2\/product\/25077"}],"collection":[{"href":"https:\/\/hookahshop.lt\/lv\/wp-json\/wp\/v2\/product"}],"about":[{"href":"https:\/\/hookahshop.lt\/lv\/wp-json\/wp\/v2\/types\/product"}],"replies":[{"embeddable":true,"href":"https:\/\/hookahshop.lt\/lv\/wp-json\/wp\/v2\/comments?post=25077"}],"version-history":[{"count":5,"href":"https:\/\/hookahshop.lt\/lv\/wp-json\/wp\/v2\/product\/25077\/revisions"}],"predecessor-version":[{"id":40333,"href":"https:\/\/hookahshop.lt\/lv\/wp-json\/wp\/v2\/product\/25077\/revisions\/40333"}],"wp:featuredmedia":[{"embeddable":true,"href":"https:\/\/hookahshop.lt\/lv\/wp-json\/wp\/v2\/media\/25078"}],"wp:attachment":[{"href":"https:\/\/hookahshop.lt\/lv\/wp-json\/wp\/v2\/media?parent=25077"}],"curies":[{"name":"wp","href":"https:\/\/api.w.org\/{rel}","templated":true}]}}