{"id":25134,"date":"2021-06-22T12:33:05","date_gmt":"2021-06-22T09:33:05","guid":{"rendered":"https:\/\/hookahshop.lt\/?post_type=product&#038;p=25134"},"modified":"2026-04-20T23:28:55","modified_gmt":"2026-04-20T20:28:55","slug":"kaljanas-hoob-go-on","status":"publish","type":"product","link":"https:\/\/hookahshop.lt\/lv\/produkt\/hookah-hoob-go-on\/","title":{"rendered":"\u016adensp\u012bpe HOOB Go On"},"content":{"rendered":"<h2>\u016adensp\u012bpe HOOB Go On<\/h2>\n<p>Hoob Go On ir lieliska izv\u0113le, ja j\u016bs tikai s\u0101kat ar \u016bdensp\u012bpes m\u0101kslu un kult\u016bru.<\/p>\n<p>Nelietota plastmasa<br \/>\nOglek\u013ca apdare<br \/>\nP\u0113c izv\u0113les regul\u0113jama gaisa pl\u016bsma<br \/>\nMagn\u0113tiskais \u0161\u013c\u016btenes savienot\u0101js<br \/>\n\u0112rti un \u0113rti lietojami<\/p>\n<p><strong>Apr\u012bkojums:<\/strong><br \/>\nV\u0101rpsta<br \/>\nPlate<br \/>\nKolba nav iek\u013cauta komplekt\u0101<\/p>\n<p>Vai jums ir k\u0101di jaut\u0101jumi? Sazinies ar mums\u00a0<a href=\"https:\/\/hookahshop.lt\/lv\/kontaktiem\/\">kontaktu lapa<\/a>\u00a0vai rakstiet mums pa e-pastu\u00a0<a href=\"https:\/\/facebook.com\/HookahShop.lt\/\" target=\"_blank\" rel=\"noopener noreferrer\">Facebook konts<\/a>\u00a0un m\u0113s atbild\u0113sim uz j\u016bsu piepras\u012bjumu taj\u0101 pa\u0161\u0101 dien\u0101.<\/p>\n<p>&nbsp;<\/p>","protected":false},"excerpt":{"rendered":"<p>\u016adensp\u012bpe HOOB Go On &quot;Hoob Go On&quot; ir lieliska izv\u0113le, ja tikai s\u0101kat interes\u0113ties par \u016bdensp\u012bpju m\u0101kslu un kult\u016bru. Bez plastmasas Oglek\u013ca apdare Papildus regul\u0113jama gaisa pl\u016bsma Magn\u0113tisk\u0101 \u0161\u013c\u016btenes savieno\u0161ana \u0112rti un viegli lietojami Komplekt\u0101 ietilpst: V\u0101rpstas pl\u0101ksne Kolba nav iek\u013cauta Vai jums ir k\u0101di jaut\u0101jumi? Sazinieties ar mums kontaktlap\u0101 vai rakstiet mums Facebook, un m\u0113s atbild\u0113sim uz j\u016bsu piepras\u012bjumu taj\u0101 pa\u0161\u0101 [\u2026]<\/p>","protected":false},"featured_media":25135,"comment_status":"open","ping_status":"closed","template":"","meta":[],"_links":{"self":[{"href":"https:\/\/hookahshop.lt\/lv\/wp-json\/wp\/v2\/product\/25134"}],"collection":[{"href":"https:\/\/hookahshop.lt\/lv\/wp-json\/wp\/v2\/product"}],"about":[{"href":"https:\/\/hookahshop.lt\/lv\/wp-json\/wp\/v2\/types\/product"}],"replies":[{"embeddable":true,"href":"https:\/\/hookahshop.lt\/lv\/wp-json\/wp\/v2\/comments?post=25134"}],"version-history":[{"count":5,"href":"https:\/\/hookahshop.lt\/lv\/wp-json\/wp\/v2\/product\/25134\/revisions"}],"predecessor-version":[{"id":42080,"href":"https:\/\/hookahshop.lt\/lv\/wp-json\/wp\/v2\/product\/25134\/revisions\/42080"}],"wp:featuredmedia":[{"embeddable":true,"href":"https:\/\/hookahshop.lt\/lv\/wp-json\/wp\/v2\/media\/25135"}],"wp:attachment":[{"href":"https:\/\/hookahshop.lt\/lv\/wp-json\/wp\/v2\/media?parent=25134"}],"curies":[{"name":"wp","href":"https:\/\/api.w.org\/{rel}","templated":true}]}}