{"id":25272,"date":"2021-06-23T15:46:32","date_gmt":"2021-06-23T12:46:32","guid":{"rendered":"https:\/\/hookahshop.lt\/?post_type=product&#038;p=25272"},"modified":"2026-04-22T23:28:59","modified_gmt":"2026-04-22T20:28:59","slug":"kaljanas-hoob-mars-black","status":"publish","type":"product","link":"https:\/\/hookahshop.lt\/lv\/produkt\/udenspipe-hoob-mars-melns\/","title":{"rendered":"\u016adensp\u012bpe HOOB Mars Black"},"content":{"rendered":"<h2>\u016adensp\u012bpe HOOB Mars Black<\/h2>\n<p>\u0160\u012b \u016bdensp\u012bpe ir lieliska izv\u0113le, ja j\u016bs tikai s\u0101kat ar \u016bdensp\u012bpes m\u0101kslu un kult\u016bru.<\/p>\n<p>Nelietota plastmasa<br \/>\nOglek\u013ca apdare<br \/>\nP\u0113c izv\u0113les regul\u0113jama gaisa pl\u016bsma<br \/>\nMagn\u0113tiskais \u0161\u013c\u016btenes savienot\u0101js<br \/>\n\u0112rti un \u0113rti lietojami<\/p>\n<p><strong>Apr\u012bkojums:<\/strong><br \/>\nV\u0101rpsta<br \/>\nPlate<br \/>\nZarnas<br \/>\nMutes iemutnis<\/p>\n<p><img decoding=\"async\" loading=\"lazy\" class=\"alignnone size-medium wp-image-38521\" src=\"https:\/\/hookahshop.lt\/wp-content\/uploads\/2020\/09\/stiebas-zarna-kandiklis-1-300x273.jpg\" alt=\"- hookahshop.lt\" width=\"300\" height=\"273\" srcset=\"https:\/\/hookahshop.lt\/wp-content\/uploads\/2020\/09\/stiebas-zarna-kandiklis-1-300x273.jpg 300w, https:\/\/hookahshop.lt\/wp-content\/uploads\/2020\/09\/stiebas-zarna-kandiklis-1-13x12.jpg 13w, https:\/\/hookahshop.lt\/wp-content\/uploads\/2020\/09\/stiebas-zarna-kandiklis-1-64x58.jpg 64w, https:\/\/hookahshop.lt\/wp-content\/uploads\/2020\/09\/stiebas-zarna-kandiklis-1.jpg 420w\" sizes=\"(max-width: 300px) 100vw, 300px\" title=\"\"><\/p>\n<p>Vai jums ir k\u0101di jaut\u0101jumi? Sazinies ar mums\u00a0<a href=\"https:\/\/hookahshop.lt\/lv\/kontaktiem\/\">kontaktu lapa<\/a>\u00a0vai rakstiet mums pa e-pastu\u00a0<a href=\"https:\/\/facebook.com\/HookahShop.lt\/\" target=\"_blank\" rel=\"noopener noreferrer\">Facebook konts<\/a>\u00a0un m\u0113s atbild\u0113sim uz j\u016bsu piepras\u012bjumu taj\u0101 pa\u0161\u0101 dien\u0101.<\/p>","protected":false},"excerpt":{"rendered":"<p>\u016adensp\u012bpe HOOB Mars Black \u0160\u012b \u016bdensp\u012bpe ir lieliska izv\u0113le, ja tikai s\u0101kat interes\u0113ties par \u016bdensp\u012bpju m\u0101kslu un kult\u016bru. Bez plastmasas Oglek\u013ca apdare P\u0113c izv\u0113les regul\u0113jama gaisa pl\u016bsma Magn\u0113tisk\u0101 \u0161\u013c\u016btenes savienojuma iesp\u0113ja \u0112rts un viegli lietojams Iepakojuma saturs: V\u0101rpstas pl\u0101ksne \u0160\u013c\u016btenes iemuti Vai jums ir k\u0101di jaut\u0101jumi? Sazinieties ar mums kontaktu lap\u0101 vai rakstiet mums Facebook, un m\u0113s atbild\u0113sim uz j\u016bsu piepras\u012bjumu taj\u0101 pa\u0161\u0101 dien\u0101.<\/p>","protected":false},"featured_media":25274,"comment_status":"open","ping_status":"closed","template":"","meta":[],"_links":{"self":[{"href":"https:\/\/hookahshop.lt\/lv\/wp-json\/wp\/v2\/product\/25272"}],"collection":[{"href":"https:\/\/hookahshop.lt\/lv\/wp-json\/wp\/v2\/product"}],"about":[{"href":"https:\/\/hookahshop.lt\/lv\/wp-json\/wp\/v2\/types\/product"}],"replies":[{"embeddable":true,"href":"https:\/\/hookahshop.lt\/lv\/wp-json\/wp\/v2\/comments?post=25272"}],"version-history":[{"count":6,"href":"https:\/\/hookahshop.lt\/lv\/wp-json\/wp\/v2\/product\/25272\/revisions"}],"predecessor-version":[{"id":42326,"href":"https:\/\/hookahshop.lt\/lv\/wp-json\/wp\/v2\/product\/25272\/revisions\/42326"}],"wp:featuredmedia":[{"embeddable":true,"href":"https:\/\/hookahshop.lt\/lv\/wp-json\/wp\/v2\/media\/25274"}],"wp:attachment":[{"href":"https:\/\/hookahshop.lt\/lv\/wp-json\/wp\/v2\/media?parent=25272"}],"curies":[{"name":"wp","href":"https:\/\/api.w.org\/{rel}","templated":true}]}}