{"id":25299,"date":"2021-06-23T16:11:17","date_gmt":"2021-06-23T13:11:17","guid":{"rendered":"https:\/\/hookahshop.lt\/?post_type=product&#038;p=25299"},"modified":"2026-04-15T12:28:53","modified_gmt":"2026-04-15T09:28:53","slug":"kaljanas-hoob-cyber-b30","status":"publish","type":"product","link":"https:\/\/hookahshop.lt\/lv\/produkt\/udenspipe-hoob-cyber-b30\/","title":{"rendered":"\u016adensp\u012bpe HOOB Cyber B30"},"content":{"rendered":"<h2>\u016adensp\u012bpe HOOB Cyber B30<\/h2>\n<p>Hoob \u016bdensp\u012bpes apvieno klasisko \u016bdensp\u012bpju lab\u0101k\u0101s \u012bpa\u0161\u012bbas un augsto tehnolo\u0123iju ra\u017eo\u0161anas priek\u0161roc\u012bbas.<br \/>\nB30\u00a0\u2014 burts B apz\u012bm\u0113 <em>zils<\/em> - zil\u0101 kr\u0101s\u0101, un cipars ir \u016bdensp\u012bpes augstums centimetros.<br \/>\nTas sm\u0113\u0137\u0113 k\u0101 tradicion\u0101la \u016bdensp\u012bpe, bet taj\u0101 pa\u0161\u0101 laik\u0101 Hoob Cyber B30 par\u0101d\u012bs, k\u0101 tehnolo\u0123ija var piel\u0101got difuzorus, magn\u0113tisko \u0161\u013c\u016bte\u0146u savienojumus, lai \u016bdensp\u012bpei sniegtu jaunu prieku un komfortu. Lieliska gaisa pl\u016bsmas un d\u016bmu novad\u012b\u0161anas sist\u0113ma.<br \/>\nNav kait\u012bgu p\u0101rkl\u0101jumu vai vielu, kas var jums kait\u0113t. M\u0113s r\u016bp\u0113jamies par j\u016bsu vesel\u012bbu un vidi, t\u0101p\u0113c izmantojam tikai t\u012brus materi\u0101lus un bez kr\u0101sviel\u0101m.<br \/>\nKatrai \u016bdensp\u012bpei, pirms t\u0101 non\u0101k pie klienta, tiek veikta kvalit\u0101tes kontrole, t\u0101p\u0113c m\u0113s varam jums pied\u0101v\u0101t augst\u0101k\u0101s kvalit\u0101tes \u016bdensp\u012bpes tirg\u016b.<\/p>\n<p><strong>Specifik\u0101cijas<\/strong>:<br \/>\nNer\u016bs\u0113jo\u0161\u0101 t\u0113rauda k\u0101ts ar anod\u0113tu alum\u012bniju.<br \/>\nGrommet masta pamatnes savienojums.<br \/>\nMagn\u0113tisk\u0101s \u0161\u013c\u016btenes piesl\u0113gvieta.<br \/>\nAugstums: 30 cm;<br \/>\nApak\u0161\u0113j\u0101 da\u013ca: \u00d815mm;<br \/>\n\u0160\u013c\u016bte\u0146u savienot\u0101ji: \u00d810mm;<br \/>\nIztuk\u0161o\u0161anas v\u0101rsts.<br \/>\nNer\u016bs\u0113jo\u0161\u0101 t\u0113rauda oglek\u013ca korpuss.<br \/>\nP\u0113c izv\u0113les regul\u0113jams difuzors.<\/p>\n<p><strong>Apr\u012bkojums:<\/strong><br \/>\nV\u0101rpsta, pl\u0101ksne, \u0161\u013c\u016btene, iemuts, bl\u012bves.<\/p>\n<p>Vai jums ir k\u0101di jaut\u0101jumi? Sazinies ar mums\u00a0<a href=\"https:\/\/hookahshop.lt\/lv\/kontaktiem\/\">kontaktu lapa<\/a>\u00a0vai rakstiet mums pa e-pastu\u00a0<a href=\"https:\/\/facebook.com\/HookahShop.lt\/\" target=\"_blank\" rel=\"noopener noreferrer\">Facebook konts<\/a>\u00a0un m\u0113s atbild\u0113sim uz j\u016bsu piepras\u012bjumu taj\u0101 pa\u0161\u0101 dien\u0101.<\/p>","protected":false},"excerpt":{"rendered":"<p>\u016adensp\u012bpe HOOB Cyber B30 &quot;Hoob&quot; \u016bdensp\u012bpe apvieno klasisko \u016bdensp\u012bpju lab\u0101k\u0101s \u012bpa\u0161\u012bbas un augsto tehnolo\u0123iju ra\u017eo\u0161anas priek\u0161roc\u012bbas. B30 - burts B noz\u012bm\u0113 zilu, un cipars ir \u016bdensp\u012bpes augstums centimetros. Tas sm\u0113\u0137\u0113 k\u0101 tradicion\u0101la \u016bdensp\u012bpe, ta\u010du taj\u0101 pa\u0161\u0101 laik\u0101 Hoob Cyber B30 par\u0101d\u012bs, k\u0101 tehnolo\u0123ija var piel\u0101got difuzorus un magn\u0113tisko \u0161\u013c\u016bte\u0146u savienot\u0101jus, lai \u016bdensp\u012bpe b\u016btu pieredze [\u2026]<\/p>","protected":false},"featured_media":25300,"comment_status":"open","ping_status":"closed","template":"","meta":[],"_links":{"self":[{"href":"https:\/\/hookahshop.lt\/lv\/wp-json\/wp\/v2\/product\/25299"}],"collection":[{"href":"https:\/\/hookahshop.lt\/lv\/wp-json\/wp\/v2\/product"}],"about":[{"href":"https:\/\/hookahshop.lt\/lv\/wp-json\/wp\/v2\/types\/product"}],"replies":[{"embeddable":true,"href":"https:\/\/hookahshop.lt\/lv\/wp-json\/wp\/v2\/comments?post=25299"}],"version-history":[{"count":3,"href":"https:\/\/hookahshop.lt\/lv\/wp-json\/wp\/v2\/product\/25299\/revisions"}],"predecessor-version":[{"id":40334,"href":"https:\/\/hookahshop.lt\/lv\/wp-json\/wp\/v2\/product\/25299\/revisions\/40334"}],"wp:featuredmedia":[{"embeddable":true,"href":"https:\/\/hookahshop.lt\/lv\/wp-json\/wp\/v2\/media\/25300"}],"wp:attachment":[{"href":"https:\/\/hookahshop.lt\/lv\/wp-json\/wp\/v2\/media?parent=25299"}],"curies":[{"name":"wp","href":"https:\/\/api.w.org\/{rel}","templated":true}]}}