{"id":25408,"date":"2021-06-25T22:01:22","date_gmt":"2021-06-25T19:01:22","guid":{"rendered":"https:\/\/hookahshop.lt\/?post_type=product&#038;p=25408"},"modified":"2026-04-15T23:28:40","modified_gmt":"2026-04-15T20:28:40","slug":"anglys-kaljanui-shaman-25mm-1kg-new","status":"publish","type":"product","link":"https:\/\/hookahshop.lt\/lv\/produkt\/ogles-udenspipe-samanis-25mm-1kg-jauns\/","title":{"rendered":"Ogles \u016bdensp\u012bpei SHAMAN 25mm 1kg Jauns"},"content":{"rendered":"<h2 class=\"product_title entry-title elementor-heading-title elementor-size-default\">Kokogles \u016bdensp\u012bpei SHAMAN 25mm 1kg<\/h2>\n<p>SHAMAN kokogles ir izgatavotas no dab\u012bgas kokosriekstu mizas.<br \/>\nViena oglek\u013ca izm\u0113ri: 25x25x25mm.<br \/>\nKast\u0113 ir 72 ogles.<br \/>\nOgles ilgi uztur siltumu.<br \/>\nMaz\u0101k pelnu.<br \/>\nBez smar\u017eas.<br \/>\nLai dedzin\u0101tu ogles, ir nepiecie\u0161ama elektrisk\u0101 pl\u012bts \u016bdensp\u012bpe, t\u016bristu g\u0101zes pl\u012bts vai taml\u012bdz\u012bgi.<br \/>\nIzcelsmes valsts: Indon\u0113zija<\/p>\n<p>Vai jums ir k\u0101di jaut\u0101jumi? Sazinies ar mums <a href=\"https:\/\/hookahshop.lt\/lv\/kontaktiem\/\">kontaktu lapa<\/a> vai rakstiet mums pa e-pastu <a href=\"https:\/\/facebook.com\/HookahShop.lt\/\" target=\"_blank\" rel=\"noopener noreferrer\">Facebook konts<\/a> un m\u0113s atbild\u0113sim uz j\u016bsu piepras\u012bjumu taj\u0101 pa\u0161\u0101 dien\u0101.<\/p>","protected":false},"excerpt":{"rendered":"<p>Ogleklis \u016bdensp\u012bpei SHAMAN 25mm 1kg SHAMAN ogles ir izgatavotas no dab\u012bgas kokosriekstu mizas. Viena oglek\u013ca izm\u0113ri: 25x25x25mm. Kast\u0113 ir 72 oglekli. Kokogles saglab\u0101 siltumu ilgu laiku. Maz\u0101k pelnu. Bez smar\u017eas. Lai aizdedzin\u0101tu ogles, nepiecie\u0161ama elektrisk\u0101 pl\u012bts \u016bdensp\u012bpei, t\u016bristu g\u0101zes pl\u012bts utt. Izcelsmes valsts: Indon\u0113zija Vai jums ir jaut\u0101jumi? Sazinieties ar mums kontaktu lap\u0101 vai rakstiet mums uz m\u016bsu Facebook kontu un [\u2026]<\/p>","protected":false},"featured_media":25463,"comment_status":"open","ping_status":"closed","template":"","meta":[],"_links":{"self":[{"href":"https:\/\/hookahshop.lt\/lv\/wp-json\/wp\/v2\/product\/25408"}],"collection":[{"href":"https:\/\/hookahshop.lt\/lv\/wp-json\/wp\/v2\/product"}],"about":[{"href":"https:\/\/hookahshop.lt\/lv\/wp-json\/wp\/v2\/types\/product"}],"replies":[{"embeddable":true,"href":"https:\/\/hookahshop.lt\/lv\/wp-json\/wp\/v2\/comments?post=25408"}],"version-history":[{"count":6,"href":"https:\/\/hookahshop.lt\/lv\/wp-json\/wp\/v2\/product\/25408\/revisions"}],"predecessor-version":[{"id":37821,"href":"https:\/\/hookahshop.lt\/lv\/wp-json\/wp\/v2\/product\/25408\/revisions\/37821"}],"wp:featuredmedia":[{"embeddable":true,"href":"https:\/\/hookahshop.lt\/lv\/wp-json\/wp\/v2\/media\/25463"}],"wp:attachment":[{"href":"https:\/\/hookahshop.lt\/lv\/wp-json\/wp\/v2\/media?parent=25408"}],"curies":[{"name":"wp","href":"https:\/\/api.w.org\/{rel}","templated":true}]}}