{"id":25419,"date":"2021-06-25T22:17:38","date_gmt":"2021-06-25T19:17:38","guid":{"rendered":"https:\/\/hookahshop.lt\/?post_type=product&#038;p=25419"},"modified":"2026-04-26T23:29:45","modified_gmt":"2026-04-26T20:29:45","slug":"zarna-silikonine-hoob-silver","status":"publish","type":"product","link":"https:\/\/hookahshop.lt\/lv\/produkt\/slutene-silikona-stipina-sudrabs\/","title":{"rendered":"Silikona \u0161\u013c\u016btene HOOB Silver"},"content":{"rendered":"<h2>Silikona \u0161\u013c\u016btene HOOB Silver<\/h2>\n<p>Izgatavots no medic\u012bnisk\u0101 silikona ar antistatisku p\u0101rkl\u0101jumu &quot;Soft-Touch&quot; un tam nav sve\u0161as smakas. Pateicoties \u0161\u012bm \u012bpa\u0161\u012bb\u0101m, \u0161\u013c\u016btene paliek elast\u012bga.<br \/>\n<strong>Specifik\u0101cijas:<\/strong><br \/>\nGarums: 1,60 m<br \/>\n\u0100r\u0113jais diametrs: 16 mm<br \/>\n\u0160\u013c\u016btenes iek\u0161\u0113jais diametrs: 10 mm<br \/>\nP\u0101rkl\u0101jums: m\u012bksts, m\u012bksts piesk\u0101riens<br \/>\nSvars: apm\u0113ram 240 g.<\/p>\n<p>Vai jums ir k\u0101di jaut\u0101jumi? Sazinies ar mums\u00a0<a href=\"https:\/\/hookahshop.lt\/lv\/kontaktiem\/\">kontaktu lapa<\/a>\u00a0vai rakstiet mums pa e-pastu\u00a0<a href=\"https:\/\/facebook.com\/HookahShop.lt\/\" target=\"_blank\" rel=\"noopener noreferrer\">Facebook konts<\/a>\u00a0un m\u0113s atbild\u0113sim uz j\u016bsu piepras\u012bjumu taj\u0101 pa\u0161\u0101 dien\u0101.<\/p>","protected":false},"excerpt":{"rendered":"<p>Silikona \u0161\u013c\u016btene HOOB Silver Izgatavots no medic\u012bnisk\u0101 silikona ar antistatisku Soft-Touch p\u0101rkl\u0101jumu un tam nav sve\u0161as smakas. \u0160\u012bs \u012bpa\u0161\u012bbas nodro\u0161ina \u0161\u013c\u016btenes elast\u012bbu. Specifik\u0101cijas: Garums: 1,60 m \u0100r\u0113jais diametrs: 16 mm \u0160\u013c\u016btenes iek\u0161\u0113jais diametrs: 10 mm P\u0101rkl\u0101jums: m\u012bksts, m\u012bksts piesk\u0101riens Svars: aptuveni 240 g. Vai jums ir k\u0101di jaut\u0101jumi? Sazinieties ar mums kontaktu lap\u0101 vai rakstiet mums uz m\u016bsu Facebook kontu un m\u0113s atbild\u0113sim [\u2026]<\/p>","protected":false},"featured_media":25420,"comment_status":"open","ping_status":"closed","template":"","meta":[],"_links":{"self":[{"href":"https:\/\/hookahshop.lt\/lv\/wp-json\/wp\/v2\/product\/25419"}],"collection":[{"href":"https:\/\/hookahshop.lt\/lv\/wp-json\/wp\/v2\/product"}],"about":[{"href":"https:\/\/hookahshop.lt\/lv\/wp-json\/wp\/v2\/types\/product"}],"replies":[{"embeddable":true,"href":"https:\/\/hookahshop.lt\/lv\/wp-json\/wp\/v2\/comments?post=25419"}],"version-history":[{"count":4,"href":"https:\/\/hookahshop.lt\/lv\/wp-json\/wp\/v2\/product\/25419\/revisions"}],"predecessor-version":[{"id":37125,"href":"https:\/\/hookahshop.lt\/lv\/wp-json\/wp\/v2\/product\/25419\/revisions\/37125"}],"wp:featuredmedia":[{"embeddable":true,"href":"https:\/\/hookahshop.lt\/lv\/wp-json\/wp\/v2\/media\/25420"}],"wp:attachment":[{"href":"https:\/\/hookahshop.lt\/lv\/wp-json\/wp\/v2\/media?parent=25419"}],"curies":[{"name":"wp","href":"https:\/\/api.w.org\/{rel}","templated":true}]}}