{"id":25429,"date":"2021-06-25T22:37:05","date_gmt":"2021-06-25T19:37:05","guid":{"rendered":"https:\/\/hookahshop.lt\/?post_type=product&#038;p=25429"},"modified":"2026-04-18T23:28:52","modified_gmt":"2026-04-18T20:28:52","slug":"kandiklis-kaljanui-hoob-smpl-2-silver","status":"publish","type":"product","link":"https:\/\/hookahshop.lt\/lv\/produkt\/iemuti-for-hookah-hoob-smpl-2-sudrabs\/","title":{"rendered":"\u016adensp\u012bpes \u0101\u0137is HOOB SMPL 2 Sudrabs"},"content":{"rendered":"<h2 class=\"serp-title\" data-format=\"%title% %page%\" data-empty-title=\"Click to enter custom title\">\u016adensp\u012bpes \u0101\u0137is HOOB SMPL 2 Sudrabs<\/h2>\n<p>Augstas kvalit\u0101tes, ergonomiski izstr\u0101d\u0101ts ner\u016bs\u0113jo\u0161\u0101 t\u0113rauda iemutnis HOOB SMPL 2 Silver.<\/p>\n<p><strong>Raksturojums:<\/strong><\/p>\n<p>Garums: 28cm<br \/>\nNer\u016bs\u0113jo\u0161ais t\u0113rauds<br \/>\nPiem\u0113rots vis\u0101m silikona \u0161\u013c\u016bten\u0113m ar iek\u0161\u0113jo diametru 10-11mm<br \/>\nNesatur kait\u012bgus p\u0101rkl\u0101jumus (kr\u0101sas utt.)<\/p>\n<p>Vai jums ir k\u0101di jaut\u0101jumi? Sazinies ar mums\u00a0<a href=\"https:\/\/hookahshop.lt\/lv\/kontaktiem\/\">kontaktu lapa<\/a>\u00a0vai rakstiet mums pa e-pastu\u00a0<a href=\"https:\/\/facebook.com\/HookahShop.lt\/\" target=\"_blank\" rel=\"noopener noreferrer\">Facebook konts<\/a>\u00a0un m\u0113s atbild\u0113sim uz j\u016bsu piepras\u012bjumu taj\u0101 pa\u0161\u0101 dien\u0101.<\/p>","protected":false},"excerpt":{"rendered":"<p>\u016adensp\u012bpes iemutis HOOB SMPL 2 Sudrabs Augstas kvalit\u0101tes, ergonomiski izstr\u0101d\u0101ts ner\u016bs\u0113jo\u0161\u0101 t\u0113rauda iemutis HOOB SMPL 2 Silver. Raksturojums: Garums: 28cm Ner\u016bs\u0113jo\u0161ais t\u0113rauds Piem\u0113rots vis\u0101m silikona \u0161\u013c\u016bten\u0113m ar iek\u0161\u0113jo diametru 10-11mm Nav kait\u012bgu p\u0101rkl\u0101jumu (kr\u0101su utt.) Vai ir k\u0101di jaut\u0101jumi? Sazinieties ar mums kontaktu lap\u0101 vai rakstiet mums uz m\u016bsu Facebook kontu un m\u0113s atbild\u0113sim uz j\u016bsu piepras\u012bjumu taj\u0101 pa\u0161\u0101 [...]<\/p>","protected":false},"featured_media":25430,"comment_status":"open","ping_status":"closed","template":"","meta":[],"_links":{"self":[{"href":"https:\/\/hookahshop.lt\/lv\/wp-json\/wp\/v2\/product\/25429"}],"collection":[{"href":"https:\/\/hookahshop.lt\/lv\/wp-json\/wp\/v2\/product"}],"about":[{"href":"https:\/\/hookahshop.lt\/lv\/wp-json\/wp\/v2\/types\/product"}],"replies":[{"embeddable":true,"href":"https:\/\/hookahshop.lt\/lv\/wp-json\/wp\/v2\/comments?post=25429"}],"version-history":[{"count":6,"href":"https:\/\/hookahshop.lt\/lv\/wp-json\/wp\/v2\/product\/25429\/revisions"}],"predecessor-version":[{"id":33268,"href":"https:\/\/hookahshop.lt\/lv\/wp-json\/wp\/v2\/product\/25429\/revisions\/33268"}],"wp:featuredmedia":[{"embeddable":true,"href":"https:\/\/hookahshop.lt\/lv\/wp-json\/wp\/v2\/media\/25430"}],"wp:attachment":[{"href":"https:\/\/hookahshop.lt\/lv\/wp-json\/wp\/v2\/media?parent=25429"}],"curies":[{"name":"wp","href":"https:\/\/api.w.org\/{rel}","templated":true}]}}