{"id":25433,"date":"2021-06-25T22:46:59","date_gmt":"2021-06-25T19:46:59","guid":{"rendered":"https:\/\/hookahshop.lt\/?post_type=product&#038;p=25433"},"modified":"2026-04-09T23:29:00","modified_gmt":"2026-04-09T20:29:00","slug":"kandiklis-kaljanui-amy-deluxe-black","status":"publish","type":"product","link":"https:\/\/hookahshop.lt\/lv\/produkt\/udenspipe-iemuti-amy-deluxe-black\/","title":{"rendered":"\u016adensp\u012bpes iemutis Amy Deluxe MSAL023 Melns"},"content":{"rendered":"<h2>\u016adensp\u012bpes iemutis Amy Deluxe MSAL023 Melns<\/h2>\n<p id=\"tw-target-text\" class=\"tw-data-text tw-text-large XcVN5d tw-ta\" dir=\"ltr\" data-placeholder=\"Vertimas\"><span class=\"Y2IQFc\" lang=\"lt\">AMY MSAL023 iemuti p\u0101rsteidz ar akrila un alum\u012bnija kombin\u0101ciju. T\u0101s ir vieglas un viegli satveramas, jo alum\u012bnijs noz\u012bm\u0113 augstu higi\u0113nu un mazu svaru, savuk\u0101rt akrils ir pat\u012bkams rok\u0101m un nodro\u0161ina nepiecie\u0161amo sa\u0137eri rievot\u0101s virsmas d\u0113\u013c. Ar\u012b izskats ir iespaid\u012bgs, \u012bpa\u0161i pateicoties abu materi\u0101lu dekorat\u012bvajiem rot\u0101jumiem.<\/span><\/p>\n<p dir=\"ltr\" data-placeholder=\"Vertimas\">Vai jums ir k\u0101di jaut\u0101jumi? Sazinies ar mums\u00a0<a href=\"https:\/\/hookahshop.lt\/lv\/kontaktiem\/\">kontaktu lapa<\/a>\u00a0vai rakstiet mums pa e-pastu\u00a0<a href=\"https:\/\/facebook.com\/HookahShop.lt\/\" target=\"_blank\" rel=\"noopener noreferrer\">Facebook konts<\/a>\u00a0un m\u0113s atbild\u0113sim uz j\u016bsu piepras\u012bjumu taj\u0101 pa\u0161\u0101 dien\u0101.<\/p>\n<p dir=\"ltr\" data-placeholder=\"Vertimas\">","protected":false},"excerpt":{"rendered":"<p>\u016adensp\u012bpes iemutnis Amy Deluxe MSAL023 Black AMY MSAL023 iemut\u0146i p\u0101rsteidz ar akrila un alum\u012bnija kombin\u0101ciju. Tie ir viegli un \u0113rti satverami, jo alum\u012bnijs noz\u012bm\u0113 augstu higi\u0113nu un mazu svaru, savuk\u0101rt akrils ir pat\u012bkams rokai un nodro\u0161ina nepiecie\u0161amo satv\u0113rienu, pateicoties gofr\u0113tajai virsmai. Ar\u012b izskats ir iespaid\u012bgs, \u012bpa\u0161i pateicoties abu materi\u0101lu dekorat\u012bvajiem rot\u0101jumiem. Vai jums ir k\u0101di jaut\u0101jumi? Sazinieties [\u2026]<\/p>","protected":false},"featured_media":25435,"comment_status":"open","ping_status":"closed","template":"","meta":[],"_links":{"self":[{"href":"https:\/\/hookahshop.lt\/lv\/wp-json\/wp\/v2\/product\/25433"}],"collection":[{"href":"https:\/\/hookahshop.lt\/lv\/wp-json\/wp\/v2\/product"}],"about":[{"href":"https:\/\/hookahshop.lt\/lv\/wp-json\/wp\/v2\/types\/product"}],"replies":[{"embeddable":true,"href":"https:\/\/hookahshop.lt\/lv\/wp-json\/wp\/v2\/comments?post=25433"}],"version-history":[{"count":4,"href":"https:\/\/hookahshop.lt\/lv\/wp-json\/wp\/v2\/product\/25433\/revisions"}],"predecessor-version":[{"id":33267,"href":"https:\/\/hookahshop.lt\/lv\/wp-json\/wp\/v2\/product\/25433\/revisions\/33267"}],"wp:featuredmedia":[{"embeddable":true,"href":"https:\/\/hookahshop.lt\/lv\/wp-json\/wp\/v2\/media\/25435"}],"wp:attachment":[{"href":"https:\/\/hookahshop.lt\/lv\/wp-json\/wp\/v2\/media?parent=25433"}],"curies":[{"name":"wp","href":"https:\/\/api.w.org\/{rel}","templated":true}]}}