{"id":25440,"date":"2021-06-25T23:04:17","date_gmt":"2021-06-25T20:04:17","guid":{"rendered":"https:\/\/hookahshop.lt\/?post_type=product&#038;p=25440"},"modified":"2026-04-06T23:28:38","modified_gmt":"2026-04-06T20:28:38","slug":"difuzorius-kaljanui-hoob-go","status":"publish","type":"product","link":"https:\/\/hookahshop.lt\/lv\/produkt\/difuzors-udenspipe-hoob-go\/","title":{"rendered":"Hooker difuzors HOOB Go"},"content":{"rendered":"<h2>Hooker difuzors HOOB Go<\/h2>\n<p class=\"tw-data-text tw-text-large XcVN5d tw-ta\" dir=\"ltr\" data-placeholder=\"Vertimas\"><span class=\"Y2IQFc\" lang=\"lt\">Ner\u016bs\u0113jo\u0161\u0101 t\u0113rauda difuzors regul\u0113 \u016bdensp\u012bpes gaisa pl\u016bsmu un padara to klus\u0101ku. <\/span>Darba process ir l\u012bdz\u012bgs filtram, jo tas sadala gaisa burbu\u013cus, kas pace\u013cas kolb\u0101. T\u0101d\u0101 veid\u0101 d\u016bmi kolb\u0101 tiek atdzes\u0113ti. Tas ar\u012b nedaudz apsl\u0101p\u0113 \u016bdensp\u012bpes burbu\u013cojo\u0161o ska\u0146u, klus\u0101kai videi piem. skatoties filmu vai mijiedarbojoties ar citiem.<\/p>\n<p><strong>Lieto\u0161ana:<\/strong><br \/>\nDifuzors ir uzst\u0101d\u012bts uz \u016bdensp\u012bpes \u0101\u0137a (stumbra) gala.<\/p>\n<p><strong>Specifik\u0101cijas:<\/strong><br \/>\nMateri\u0101ls: ner\u016bs\u0113jo\u0161ais t\u0113rauds<\/p>\n<p>&nbsp;<\/p>\n<p>Vai jums ir k\u0101di jaut\u0101jumi? Sazinies ar mums\u00a0<a href=\"https:\/\/hookahshop.lt\/lv\/kontaktiem\/\">kontaktu lapa<\/a>\u00a0vai rakstiet mums pa e-pastu\u00a0<a href=\"https:\/\/facebook.com\/HookahShop.lt\/\" target=\"_blank\" rel=\"noopener noreferrer\">Facebook konts<\/a>\u00a0un m\u0113s atbild\u0113sim uz j\u016bsu piepras\u012bjumu taj\u0101 pa\u0161\u0101 dien\u0101.<\/p>","protected":false},"excerpt":{"rendered":"<p>HOOB Go \u016bdensp\u012bpes difuzors Ner\u016bs\u0113jo\u0161\u0101 t\u0113rauda difuzors regul\u0113 \u016bdensp\u012bpes gaisa pl\u016bsmu un padara to klus\u0101ku. Darb\u012bbas process ir l\u012bdz\u012bgs filtram, jo tas sadala gaisa burbu\u013cus, kas ce\u013cas kolb\u0101. T\u0101d\u0101 veid\u0101 d\u016bmi kolb\u0101 tiek atdzes\u0113ti. Tas ar\u012b nedaudz apsl\u0101p\u0113 \u016bdensp\u012bpes burbu\u013co\u0161anas ska\u0146u, radot klus\u0101ku vidi, piem\u0113ram, skatoties filmu vai sazinoties ar citiem. Lieto\u0161ana: Difuzors ir uzst\u0101d\u012bts uz \u016bdensp\u012bpes v\u0101rpstas (k\u0101ts) [\u2026]<\/p>","protected":false},"featured_media":25441,"comment_status":"open","ping_status":"closed","template":"","meta":[],"_links":{"self":[{"href":"https:\/\/hookahshop.lt\/lv\/wp-json\/wp\/v2\/product\/25440"}],"collection":[{"href":"https:\/\/hookahshop.lt\/lv\/wp-json\/wp\/v2\/product"}],"about":[{"href":"https:\/\/hookahshop.lt\/lv\/wp-json\/wp\/v2\/types\/product"}],"replies":[{"embeddable":true,"href":"https:\/\/hookahshop.lt\/lv\/wp-json\/wp\/v2\/comments?post=25440"}],"version-history":[{"count":7,"href":"https:\/\/hookahshop.lt\/lv\/wp-json\/wp\/v2\/product\/25440\/revisions"}],"predecessor-version":[{"id":43102,"href":"https:\/\/hookahshop.lt\/lv\/wp-json\/wp\/v2\/product\/25440\/revisions\/43102"}],"wp:featuredmedia":[{"embeddable":true,"href":"https:\/\/hookahshop.lt\/lv\/wp-json\/wp\/v2\/media\/25441"}],"wp:attachment":[{"href":"https:\/\/hookahshop.lt\/lv\/wp-json\/wp\/v2\/media?parent=25440"}],"curies":[{"name":"wp","href":"https:\/\/api.w.org\/{rel}","templated":true}]}}