{"id":25468,"date":"2021-06-28T13:56:03","date_gmt":"2021-06-28T10:56:03","guid":{"rendered":"https:\/\/hookahshop.lt\/?post_type=product&#038;p=25468"},"modified":"2026-04-06T23:28:43","modified_gmt":"2026-04-06T20:28:43","slug":"kaljanas-amy-deluxe-amy073-02-red","status":"publish","type":"product","link":"https:\/\/hookahshop.lt\/lv\/produkt\/hookah-amy-deluxe-amy073-02-ed\/","title":{"rendered":"\u016adensp\u012bpe AMY DELUXE AMY073.02 Red"},"content":{"rendered":"<h2>\u016adensp\u012bpe AMY DELUXE AMY073.02 Red<\/h2>\n<p>T\u0101 ir \u016bdensp\u012bpe ar ekskluz\u012bvu dizainu, izgatavota no alum\u012bnija.<\/p>\n<p><strong>Komplekt\u0101 ietilpst:<\/strong><br \/>\n\u016adensp\u012bpe<br \/>\nKolba<br \/>\nMutes iemutnis<br \/>\nKauss<br \/>\n\u0160\u013c\u016btene (silikona)<br \/>\n\u0160\u013c\u016btenes tur\u0113t\u0101js<br \/>\nKnaibles<br \/>\nSkurstenis<\/p>\n<p><strong>Specifik\u0101cija:<\/strong><br \/>\n\u016adensp\u012bpes augstums ar kolbu: apm\u0113ram 58 cm<br \/>\nMateri\u0101ls: alum\u012bnijs<br \/>\nSavienojuma veids: noklik\u0161\u0137iniet<br \/>\nKr\u0101sa: sarkana<br \/>\nDifuzors: nav pieejams<br \/>\nIzcelsmes valsts: V\u0101cija<\/p>\n<p>Vai jums ir k\u0101di jaut\u0101jumi? Sazinies ar mums\u00a0<a href=\"https:\/\/hookahshop.lt\/lv\/kontaktiem\/\">kontaktu lapa<\/a>\u00a0vai rakstiet mums pa e-pastu\u00a0<a href=\"https:\/\/facebook.com\/HookahShop.lt\/\" target=\"_blank\" rel=\"noopener noreferrer\">Facebook konts<\/a>\u00a0un m\u0113s atbild\u0113sim uz j\u016bsu piepras\u012bjumu taj\u0101 pa\u0161\u0101 dien\u0101.<\/p>","protected":false},"excerpt":{"rendered":"<p>\u016adensp\u012bpe AMY DELUXE AMY073.02 Red \u0160\u012b ir \u016bdensp\u012bpe ar ekskluz\u012bvu dizainu, izgatavota no alum\u012bnija. Komplekt\u0101 ietilpst: \u016adensp\u012bpes kolba Mutes kr\u016bzes \u0161\u013c\u016btene (silikona) \u0160\u013c\u016btenes tur\u0113t\u0101js Knaibles Stilbi\u0146\u0161 Specifik\u0101cija: \u016adensp\u012bpes augstums ar kolbu: apm\u0113ram 58cm Materi\u0101ls: alum\u012bnijs Savienojuma veids: Klik\u0161\u0137is Kr\u0101sa: Sarkans Izklied\u0113t\u0101js: Nav Izcelsmes valsts: V\u0101cija Vai jums ir k\u0101di jaut\u0101jumi? Sazinieties ar mums kontaktu lap\u0101 vai rakstiet mums uz m\u016bsu Facebook kontu un m\u0113s atbild\u0113sim [\u2026]<\/p>","protected":false},"featured_media":25469,"comment_status":"open","ping_status":"closed","template":"","meta":[],"_links":{"self":[{"href":"https:\/\/hookahshop.lt\/lv\/wp-json\/wp\/v2\/product\/25468"}],"collection":[{"href":"https:\/\/hookahshop.lt\/lv\/wp-json\/wp\/v2\/product"}],"about":[{"href":"https:\/\/hookahshop.lt\/lv\/wp-json\/wp\/v2\/types\/product"}],"replies":[{"embeddable":true,"href":"https:\/\/hookahshop.lt\/lv\/wp-json\/wp\/v2\/comments?post=25468"}],"version-history":[{"count":5,"href":"https:\/\/hookahshop.lt\/lv\/wp-json\/wp\/v2\/product\/25468\/revisions"}],"predecessor-version":[{"id":32458,"href":"https:\/\/hookahshop.lt\/lv\/wp-json\/wp\/v2\/product\/25468\/revisions\/32458"}],"wp:featuredmedia":[{"embeddable":true,"href":"https:\/\/hookahshop.lt\/lv\/wp-json\/wp\/v2\/media\/25469"}],"wp:attachment":[{"href":"https:\/\/hookahshop.lt\/lv\/wp-json\/wp\/v2\/media?parent=25468"}],"curies":[{"name":"wp","href":"https:\/\/api.w.org\/{rel}","templated":true}]}}