{"id":25474,"date":"2021-06-28T15:02:18","date_gmt":"2021-06-28T12:02:18","guid":{"rendered":"https:\/\/hookahshop.lt\/?post_type=product&#038;p=25474"},"modified":"2026-04-06T23:29:17","modified_gmt":"2026-04-06T20:29:17","slug":"vienkartiniai-kandikliai-kaljanui-big-maks-jednor-black-100vnt","status":"publish","type":"product","link":"https:\/\/hookahshop.lt\/lv\/produkt\/vienreizlietojamie-iemuti-udenspipei-big-max-jednor-black-100-gab\/","title":{"rendered":"Vienreizlietojamie \u0101\u0137i \u016bdensp\u012bpei BIG MAKS Jednor Black 100gab"},"content":{"rendered":"<h2>Vienreizlietojamie \u0101\u0137i \u016bdensp\u012bpei BIG MAKS Jednor Black 100gab<\/h2>\n<p>Vienreiz\u0113j\u0101s lieto\u0161anas \u016bdensp\u012bpes iemuti iepakojums sast\u0101v no - 100 gab.<\/p>\n<p><strong>Raksturojums:<\/strong><br \/>\nKr\u0101sa melna<br \/>\nMutes garums: 3 cm<\/p>\n<p>Vai jums ir k\u0101di jaut\u0101jumi? Sazinies ar mums\u00a0<a href=\"https:\/\/hookahshop.lt\/lv\/kontaktiem\/\">kontaktu lapa<\/a>\u00a0vai rakstiet mums pa e-pastu\u00a0<a href=\"https:\/\/facebook.com\/HookahShop.lt\/\" target=\"_blank\" rel=\"noopener noreferrer\">Facebook konts<\/a>\u00a0un m\u0113s atbild\u0113sim uz j\u016bsu piepras\u012bjumu taj\u0101 pa\u0161\u0101 dien\u0101.<\/p>\n<p>&nbsp;<\/p>","protected":false},"excerpt":{"rendered":"<p>Vienreiz\u0113j\u0101s lieto\u0161anas \u016bdensp\u012bpes iemuti BIG MAKS Jednor Black 100gab. Raksturojums: Kr\u0101sa: Melns Iemutes garums: 3cm Vai jums ir k\u0101di jaut\u0101jumi? Sazinieties ar mums kontaktu lap\u0101 vai rakstiet mums uz m\u016bsu Facebook kontu un m\u0113s atbild\u0113sim uz j\u016bsu piepras\u012bjumu taj\u0101 pa\u0161\u0101 dien\u0101. &nbsp;<\/p>","protected":false},"featured_media":25475,"comment_status":"open","ping_status":"closed","template":"","meta":[],"_links":{"self":[{"href":"https:\/\/hookahshop.lt\/lv\/wp-json\/wp\/v2\/product\/25474"}],"collection":[{"href":"https:\/\/hookahshop.lt\/lv\/wp-json\/wp\/v2\/product"}],"about":[{"href":"https:\/\/hookahshop.lt\/lv\/wp-json\/wp\/v2\/types\/product"}],"replies":[{"embeddable":true,"href":"https:\/\/hookahshop.lt\/lv\/wp-json\/wp\/v2\/comments?post=25474"}],"version-history":[{"count":8,"href":"https:\/\/hookahshop.lt\/lv\/wp-json\/wp\/v2\/product\/25474\/revisions"}],"predecessor-version":[{"id":42962,"href":"https:\/\/hookahshop.lt\/lv\/wp-json\/wp\/v2\/product\/25474\/revisions\/42962"}],"wp:featuredmedia":[{"embeddable":true,"href":"https:\/\/hookahshop.lt\/lv\/wp-json\/wp\/v2\/media\/25475"}],"wp:attachment":[{"href":"https:\/\/hookahshop.lt\/lv\/wp-json\/wp\/v2\/media?parent=25474"}],"curies":[{"name":"wp","href":"https:\/\/api.w.org\/{rel}","templated":true}]}}