{"id":25487,"date":"2021-06-29T13:21:21","date_gmt":"2021-06-29T10:21:21","guid":{"rendered":"https:\/\/hookahshop.lt\/?post_type=product&#038;p=25487"},"modified":"2026-04-17T16:33:24","modified_gmt":"2026-04-17T13:33:24","slug":"taurele-kaljanui-solaris-adam-yellow","status":"publish","type":"product","link":"https:\/\/hookahshop.lt\/lv\/produkt\/kauss-udenspipe-solaris-adam-dzeltens\/","title":{"rendered":"Kauss \u016bdensp\u012bpei SOLARIS Adam Yellow"},"content":{"rendered":"<h2>Kauss \u016bdensp\u012bpei SOLARIS Adam Yellow<\/h2>\n<p>Solaris \u016bdensp\u012bpes kr\u016bzes ir piln\u012bb\u0101 roku darbs. Kr\u016bzei ir viena at\u0161\u0137ir\u012bga iez\u012bme - t\u0101 sp\u012bd tums\u0101. Kr\u016b\u017eu ra\u017eo\u0161an\u0101 tiek izmantoti tikai dabiski un videi draudz\u012bgi materi\u0101li. No cit\u0101m b\u013cod\u0101m tas at\u0161\u0137iras ar to, ka ir iztur\u012bg\u0101ks pret mitrumu. Piena tehnolo\u0123ijas izmanto\u0161ana sarkanajam m\u0101lam dod interesantu \u0101r\u0113ju efektu, ori\u0123in\u0101lu dizainu.<\/p>\n<p>Vai jums ir k\u0101di jaut\u0101jumi? Sazinies ar mums\u00a0<a href=\"https:\/\/hookahshop.lt\/lv\/kontaktiem\/\">kontaktu lapa<\/a>\u00a0vai rakstiet mums pa e-pastu\u00a0<a href=\"https:\/\/facebook.com\/HookahShop.lt\/\" target=\"_blank\" rel=\"noopener noreferrer\">Facebook konts<\/a>\u00a0un m\u0113s atbild\u0113sim uz j\u016bsu piepras\u012bjumu taj\u0101 pa\u0161\u0101 dien\u0101.<\/p>","protected":false},"excerpt":{"rendered":"<p>\u016adensp\u012bpes kr\u016bze SOLARIS Adam Yellow &quot;Solaris&quot; \u016bdensp\u012bpes kr\u016bzes ir piln\u012bb\u0101 roku darbs. Kr\u016bz\u012btei ir viena unik\u0101la iez\u012bme \u2013 t\u0101 sp\u012bd tums\u0101. Kr\u016bz\u012b\u0161u ra\u017eo\u0161an\u0101 tiek izmantoti tikai dab\u012bgi un videi draudz\u012bgi materi\u0101li. No cit\u0101m b\u013cod\u0101m tas at\u0161\u0137iras ar to, ka ir iztur\u012bg\u0101ks pret mitrumu. Piena tehnolo\u0123ijas izmanto\u0161ana sarkanajiem m\u0101liem dod interesantu \u0101r\u0113jo efektu, ori\u0123in\u0101lu dizainu. Vai jums ir k\u0101di jaut\u0101jumi? Sazinieties ar [\u2026]<\/p>","protected":false},"featured_media":25496,"comment_status":"open","ping_status":"closed","template":"","meta":[],"_links":{"self":[{"href":"https:\/\/hookahshop.lt\/lv\/wp-json\/wp\/v2\/product\/25487"}],"collection":[{"href":"https:\/\/hookahshop.lt\/lv\/wp-json\/wp\/v2\/product"}],"about":[{"href":"https:\/\/hookahshop.lt\/lv\/wp-json\/wp\/v2\/types\/product"}],"replies":[{"embeddable":true,"href":"https:\/\/hookahshop.lt\/lv\/wp-json\/wp\/v2\/comments?post=25487"}],"version-history":[{"count":3,"href":"https:\/\/hookahshop.lt\/lv\/wp-json\/wp\/v2\/product\/25487\/revisions"}],"predecessor-version":[{"id":28560,"href":"https:\/\/hookahshop.lt\/lv\/wp-json\/wp\/v2\/product\/25487\/revisions\/28560"}],"wp:featuredmedia":[{"embeddable":true,"href":"https:\/\/hookahshop.lt\/lv\/wp-json\/wp\/v2\/media\/25496"}],"wp:attachment":[{"href":"https:\/\/hookahshop.lt\/lv\/wp-json\/wp\/v2\/media?parent=25487"}],"curies":[{"name":"wp","href":"https:\/\/api.w.org\/{rel}","templated":true}]}}