{"id":25543,"date":"2021-06-30T10:14:42","date_gmt":"2021-06-30T07:14:42","guid":{"rendered":"https:\/\/hookahshop.lt\/?post_type=product&#038;p=25543"},"modified":"2026-04-17T16:33:25","modified_gmt":"2026-04-17T13:33:25","slug":"taurele-kaljanui-solaris-pluto-glaze","status":"publish","type":"product","link":"https:\/\/hookahshop.lt\/lv\/produkt\/stikls-udenspipe-solaris-plutons-glazura\/","title":{"rendered":"Kauss \u016bdensp\u012bpei SOLARIS Plutona glaz\u016bra"},"content":{"rendered":"<h2>Kauss \u016bdensp\u012bpei SOLARIS Plutona glaz\u016bra<\/h2>\n<p>Solaris \u016bdensp\u012bpes kr\u016bzes ir piln\u012bb\u0101 roku darbs. Kr\u016bzei ir viena at\u0161\u0137ir\u012bga iez\u012bme - t\u0101 sp\u012bd tums\u0101. Kr\u016b\u017eu ra\u017eo\u0161an\u0101 tiek izmantoti tikai dabiski un videi draudz\u012bgi materi\u0101li. No cit\u0101m b\u013cod\u0101m tas at\u0161\u0137iras ar to, ka ir iztur\u012bg\u0101ks pret mitrumu. Piena tehnolo\u0123ijas izmanto\u0161ana sarkanajam m\u0101lam dod interesantu \u0101r\u0113ju efektu, ori\u0123in\u0101lu dizainu.<\/p>\n<p>Vai jums ir k\u0101di jaut\u0101jumi? Sazinies ar mums\u00a0<a href=\"https:\/\/hookahshop.lt\/lv\/kontaktiem\/\">kontaktu lapa<\/a>\u00a0vai rakstiet mums pa e-pastu\u00a0<a href=\"https:\/\/facebook.com\/HookahShop.lt\/\" target=\"_blank\" rel=\"noopener noreferrer\">Facebook konts<\/a>\u00a0un m\u0113s atbild\u0113sim uz j\u016bsu piepras\u012bjumu taj\u0101 pa\u0161\u0101 dien\u0101.<\/p>","protected":false},"excerpt":{"rendered":"<p>\u016adensp\u012bpes b\u013codi\u0146a SOLARIS Pluto Glaze &quot;Solaris&quot; \u016bdensp\u012bpes b\u013codi\u0146as ir piln\u012bb\u0101 roku darbs. B\u013codi\u0146ai ir viena unik\u0101la \u012bpa\u0161\u012bba \u2013 t\u0101 sp\u012bd tums\u0101. B\u013codi\u0146u ra\u017eo\u0161an\u0101 tiek izmantoti tikai dab\u012bgi un videi draudz\u012bgi materi\u0101li. No cit\u0101m b\u013codi\u0146\u0101m t\u0101 at\u0161\u0137iras ar to, ka ir iztur\u012bg\u0101ka pret mitrumu. Piena tehnolo\u0123ijas izmanto\u0161ana sarkanajam m\u0101lam pie\u0161\u0137ir interesantu \u0101r\u0113jo efektu, ori\u0123in\u0101lu dizainu. Vai jums ir k\u0101di jaut\u0101jumi? Sazinieties [\u2026]<\/p>","protected":false},"featured_media":25544,"comment_status":"open","ping_status":"closed","template":"","meta":[],"_links":{"self":[{"href":"https:\/\/hookahshop.lt\/lv\/wp-json\/wp\/v2\/product\/25543"}],"collection":[{"href":"https:\/\/hookahshop.lt\/lv\/wp-json\/wp\/v2\/product"}],"about":[{"href":"https:\/\/hookahshop.lt\/lv\/wp-json\/wp\/v2\/types\/product"}],"replies":[{"embeddable":true,"href":"https:\/\/hookahshop.lt\/lv\/wp-json\/wp\/v2\/comments?post=25543"}],"version-history":[{"count":3,"href":"https:\/\/hookahshop.lt\/lv\/wp-json\/wp\/v2\/product\/25543\/revisions"}],"predecessor-version":[{"id":39445,"href":"https:\/\/hookahshop.lt\/lv\/wp-json\/wp\/v2\/product\/25543\/revisions\/39445"}],"wp:featuredmedia":[{"embeddable":true,"href":"https:\/\/hookahshop.lt\/lv\/wp-json\/wp\/v2\/media\/25544"}],"wp:attachment":[{"href":"https:\/\/hookahshop.lt\/lv\/wp-json\/wp\/v2\/media?parent=25543"}],"curies":[{"name":"wp","href":"https:\/\/api.w.org\/{rel}","templated":true}]}}