{"id":25708,"date":"2021-07-14T01:21:43","date_gmt":"2021-07-13T22:21:43","guid":{"rendered":"https:\/\/hookahshop.lt\/?post_type=product&#038;p=25708"},"modified":"2026-04-17T16:33:19","modified_gmt":"2026-04-17T13:33:19","slug":"taurele-kaljanui-forma-hookah-phunnel-3","status":"publish","type":"product","link":"https:\/\/hookahshop.lt\/lv\/produkt\/kauss-udenspipes-forma-udenspipes-piltuve-3\/","title":{"rendered":"Kauss \u016bdensp\u012bpei FORMA HOOKAH Phunnel Nericomia"},"content":{"rendered":"<h2>Kauss \u016bdensp\u012bpei FORMA HOOKAH Phunnel Nericomia<\/h2>\n<p>Kr\u016bz\u012bte ir izgatavota no keramikas, paredz\u0113ta \u0113rtai sm\u0113\u0137\u0113\u0161anai. Lieliski piem\u0113rots visu veidu tabakai.<br \/>\nTabakas pat\u0113ri\u0146\u0161 ir 17-22 grami.<br \/>\nKomplekt\u0101 ietilpst melns kr\u016bzes bl\u012bv\u0113jums.<\/p>\n<p><strong>Specifik\u0101cijas:<\/strong><br \/>\nAugstums: 107 mm<br \/>\nDiametrs (\u0101r\u0113jais): 76 mm<br \/>\nDiametrs (iek\u0161\u0113jais): 69 mm<br \/>\nDzi\u013cums: 13mm<br \/>\nCauruma diametrs: 10 mm<br \/>\nUrbumu skaits: 1<br \/>\nSvars: ~ 250g<\/p>\n<p>Vai jums ir k\u0101di jaut\u0101jumi? Sazinies ar mums\u00a0<a href=\"https:\/\/hookahshop.lt\/lv\/kontaktiem\/\">kontaktu lapa<\/a>\u00a0vai rakstiet mums pa e-pastu\u00a0<a href=\"https:\/\/facebook.com\/HookahShop.lt\/\" target=\"_blank\" rel=\"noopener noreferrer\">Facebook konts<\/a>\u00a0un m\u0113s atbild\u0113sim uz j\u016bsu piepras\u012bjumu taj\u0101 pa\u0161\u0101 dien\u0101.<\/p>\n<p>&nbsp;<\/p>","protected":false},"excerpt":{"rendered":"<p>\u016adensp\u012bpes kr\u016bze FORMA HOOKAH Phunnel Nericomia Kr\u016bz\u012bte ir izgatavota no keramikas, paredz\u0113ta \u0113rtai sm\u0113\u0137\u0113\u0161anai. Lieliski piem\u0113rots visu veidu tabakai. Tabakas pat\u0113ri\u0146\u0161 ir 17-22 grami. Komplekt\u0101 ietilpst melns kr\u016bzes bl\u012bv\u0113jums. Specifik\u0101cijas: Augstums: 107mm Diametrs (\u0101r\u0113jais): 76mm Diametrs (iek\u0161\u0113jais): 69mm Dzi\u013cums: 13mm Cauruma diametrs: 10mm Caurumu skaits: 1 Svars: ~ 250g Jaut\u0101jumi? Sazinieties ar mums, izmantojot m\u016bsu kontaktinform\u0101ciju [\u2026]<\/p>","protected":false},"featured_media":25711,"comment_status":"open","ping_status":"closed","template":"","meta":[],"_links":{"self":[{"href":"https:\/\/hookahshop.lt\/lv\/wp-json\/wp\/v2\/product\/25708"}],"collection":[{"href":"https:\/\/hookahshop.lt\/lv\/wp-json\/wp\/v2\/product"}],"about":[{"href":"https:\/\/hookahshop.lt\/lv\/wp-json\/wp\/v2\/types\/product"}],"replies":[{"embeddable":true,"href":"https:\/\/hookahshop.lt\/lv\/wp-json\/wp\/v2\/comments?post=25708"}],"version-history":[{"count":3,"href":"https:\/\/hookahshop.lt\/lv\/wp-json\/wp\/v2\/product\/25708\/revisions"}],"predecessor-version":[{"id":39805,"href":"https:\/\/hookahshop.lt\/lv\/wp-json\/wp\/v2\/product\/25708\/revisions\/39805"}],"wp:featuredmedia":[{"embeddable":true,"href":"https:\/\/hookahshop.lt\/lv\/wp-json\/wp\/v2\/media\/25711"}],"wp:attachment":[{"href":"https:\/\/hookahshop.lt\/lv\/wp-json\/wp\/v2\/media?parent=25708"}],"curies":[{"name":"wp","href":"https:\/\/api.w.org\/{rel}","templated":true}]}}