{"id":25716,"date":"2021-07-14T01:29:25","date_gmt":"2021-07-13T22:29:25","guid":{"rendered":"https:\/\/hookahshop.lt\/?post_type=product&#038;p=25716"},"modified":"2026-04-17T16:33:19","modified_gmt":"2026-04-17T13:33:19","slug":"taurele-kaljanui-forma-hookah-turkish","status":"publish","type":"product","link":"https:\/\/hookahshop.lt\/lv\/produkt\/kauss-udenspipe-forma-udenspipe-turk\/","title":{"rendered":"\u016adensp\u012bpes kr\u016bze FORMA HOOKAH Turku Nericomia"},"content":{"rendered":"<h2>\u016adensp\u012bpes kr\u016bze FORMA HOOKAH Turku Nericomia<\/h2>\n<p>\u0160\u012b \u016bdensp\u012bpes kr\u016bze ir izgatavota no keramikas. P\u0113c formas tas ir l\u012bdz\u012bgs daudziem ierastajam &quot;Turk&quot;, bet ir ide\u0101la forma, iztur\u012bba un praktiskums ikdienas lieto\u0161an\u0101. Tabakas ietilp\u012bba b\u013cod\u0101 ir 10-15 grami.<\/p>\n<p><strong>Specifik\u0101cijas:<\/strong><br \/>\nAugstums: 90mm<br \/>\nDiametrs (\u0101r\u0113jais): 67 mm<br \/>\nDiametrs (iek\u0161\u0113jais): 59 mm<br \/>\nDzi\u013cums: 18mm<br \/>\nCauruma diametrs: 7 mm<br \/>\nUrbumu skaits: 5<br \/>\nSvars: ~ 231g<\/p>\n<p>Vai jums ir k\u0101di jaut\u0101jumi? Sazinies ar mums\u00a0<a href=\"https:\/\/hookahshop.lt\/lv\/kontaktiem\/\">kontaktu lapa<\/a>\u00a0vai rakstiet mums pa e-pastu\u00a0<a href=\"https:\/\/facebook.com\/HookahShop.lt\/\" target=\"_blank\" rel=\"noopener noreferrer\">Facebook konts<\/a>\u00a0un m\u0113s atbild\u0113sim uz j\u016bsu piepras\u012bjumu taj\u0101 pa\u0161\u0101 dien\u0101.<\/p>","protected":false},"excerpt":{"rendered":"<p>\u016adensp\u012bpes b\u013codi\u0146a FORMA HOOKAH Turkish Nericomia \u0160\u012b \u016bdensp\u012bpes b\u013codi\u0146a ir izgatavota no keramikas. P\u0113c formas t\u0101 ir l\u012bdz\u012bga daudziem ierastajai &quot;turku&quot; \u016bdensp\u012bpei, ta\u010du tai ir ide\u0101la forma, iztur\u012bba un praktiskums ikdienas lieto\u0161an\u0101. Tabakas ietilp\u012bba b\u013codi\u0146\u0101 ir 10-15 grami. Specifik\u0101cijas: Augstums: 90 mm Diametrs (\u0101r\u0113jais): 67 mm Diametrs (iek\u0161\u0113jais): 59 mm Dzi\u013cums: 18 mm Cauruma diametrs: 7 mm Caurumu skaits: 5 Svars: ~ 231 g [\u2026]<\/p>","protected":false},"featured_media":25717,"comment_status":"open","ping_status":"closed","template":"","meta":[],"_links":{"self":[{"href":"https:\/\/hookahshop.lt\/lv\/wp-json\/wp\/v2\/product\/25716"}],"collection":[{"href":"https:\/\/hookahshop.lt\/lv\/wp-json\/wp\/v2\/product"}],"about":[{"href":"https:\/\/hookahshop.lt\/lv\/wp-json\/wp\/v2\/types\/product"}],"replies":[{"embeddable":true,"href":"https:\/\/hookahshop.lt\/lv\/wp-json\/wp\/v2\/comments?post=25716"}],"version-history":[{"count":4,"href":"https:\/\/hookahshop.lt\/lv\/wp-json\/wp\/v2\/product\/25716\/revisions"}],"predecessor-version":[{"id":45206,"href":"https:\/\/hookahshop.lt\/lv\/wp-json\/wp\/v2\/product\/25716\/revisions\/45206"}],"wp:featuredmedia":[{"embeddable":true,"href":"https:\/\/hookahshop.lt\/lv\/wp-json\/wp\/v2\/media\/25717"}],"wp:attachment":[{"href":"https:\/\/hookahshop.lt\/lv\/wp-json\/wp\/v2\/media?parent=25716"}],"curies":[{"name":"wp","href":"https:\/\/api.w.org\/{rel}","templated":true}]}}