{"id":25723,"date":"2021-07-14T01:34:04","date_gmt":"2021-07-13T22:34:04","guid":{"rendered":"https:\/\/hookahshop.lt\/?post_type=product&#038;p=25723"},"modified":"2026-04-18T23:29:03","modified_gmt":"2026-04-18T20:29:03","slug":"taurele-kaljanui-forma-hookah-turkish-3","status":"publish","type":"product","link":"https:\/\/hookahshop.lt\/lv\/produkt\/kauss-udenspipe-forma-udenspipe-turku-3\/","title":{"rendered":"\u016adensp\u012bpes kr\u016bze FORMA HOOKAH Turku cunami"},"content":{"rendered":"<h2>\u016adensp\u012bpes kr\u016bze FORMA HOOKAH Turku cunami<\/h2>\n<p>\u0160\u012b \u016bdensp\u012bpes kr\u016bze ir izgatavota no keramikas. P\u0113c formas tas ir l\u012bdz\u012bgs daudziem ierastajam &quot;Turk&quot;, bet ir ide\u0101la forma, iztur\u012bba un praktiskums ikdienas lieto\u0161an\u0101. Tabakas ietilp\u012bba b\u013cod\u0101 ir 10-15 grami.<\/p>\n<p><strong>Specifik\u0101cijas:<\/strong><br \/>\nAugstums: 90mm<br \/>\nDiametrs (\u0101r\u0113jais): 67 mm<br \/>\nDiametrs (iek\u0161\u0113jais): 59 mm<br \/>\nDzi\u013cums: 18mm<br \/>\nCauruma diametrs: 7 mm<br \/>\nUrbumu skaits: 5<br \/>\nSvars: ~ 231g<\/p>\n<p>Vai jums ir k\u0101di jaut\u0101jumi? Sazinies ar mums\u00a0<a href=\"https:\/\/hookahshop.lt\/lv\/kontaktiem\/\">kontaktu lapa<\/a>\u00a0vai rakstiet mums pa e-pastu\u00a0<a href=\"https:\/\/facebook.com\/HookahShop.lt\/\" target=\"_blank\" rel=\"noopener noreferrer\">Facebook konts<\/a>\u00a0un m\u0113s atbild\u0113sim uz j\u016bsu piepras\u012bjumu taj\u0101 pa\u0161\u0101 dien\u0101.<\/p>","protected":false},"excerpt":{"rendered":"<p>\u016adensp\u012bpes kr\u016bze FORMA HOOKAH Turcijas cunami \u0160\u012b \u016bdensp\u012bpes kr\u016bze ir izgatavota no keramikas. P\u0113c formas tas ir l\u012bdz\u012bgs daudziem ierastajam &quot;Turkam&quot;, ta\u010du tam ir ide\u0101la forma, iztur\u012bba un praktiskums ikdienas lieto\u0161an\u0101. Tabakas ietilp\u012bba b\u013cod\u0101 ir 10-15 grami. Specifik\u0101cijas: Augstums: 90mm Diametrs (\u0101r\u0113jais): 67mm Diametrs (iek\u0161\u0113jais): 59mm Dzi\u013cums: 18mm Cauruma diametrs: 7mm Caurumu skaits: 5 Svars: ~ 231g [\u2026]<\/p>","protected":false},"featured_media":25725,"comment_status":"open","ping_status":"closed","template":"","meta":[],"_links":{"self":[{"href":"https:\/\/hookahshop.lt\/lv\/wp-json\/wp\/v2\/product\/25723"}],"collection":[{"href":"https:\/\/hookahshop.lt\/lv\/wp-json\/wp\/v2\/product"}],"about":[{"href":"https:\/\/hookahshop.lt\/lv\/wp-json\/wp\/v2\/types\/product"}],"replies":[{"embeddable":true,"href":"https:\/\/hookahshop.lt\/lv\/wp-json\/wp\/v2\/comments?post=25723"}],"version-history":[{"count":4,"href":"https:\/\/hookahshop.lt\/lv\/wp-json\/wp\/v2\/product\/25723\/revisions"}],"predecessor-version":[{"id":39365,"href":"https:\/\/hookahshop.lt\/lv\/wp-json\/wp\/v2\/product\/25723\/revisions\/39365"}],"wp:featuredmedia":[{"embeddable":true,"href":"https:\/\/hookahshop.lt\/lv\/wp-json\/wp\/v2\/media\/25725"}],"wp:attachment":[{"href":"https:\/\/hookahshop.lt\/lv\/wp-json\/wp\/v2\/media?parent=25723"}],"curies":[{"name":"wp","href":"https:\/\/api.w.org\/{rel}","templated":true}]}}