{"id":25784,"date":"2021-07-19T12:36:34","date_gmt":"2021-07-19T09:36:34","guid":{"rendered":"https:\/\/hookahshop.lt\/?post_type=product&#038;p=25784"},"modified":"2026-04-06T23:29:07","modified_gmt":"2026-04-06T20:29:07","slug":"taurele-kaljanui-art-bar-killer-rock","status":"publish","type":"product","link":"https:\/\/hookahshop.lt\/lv\/produkt\/stikls-udenspipe-maksla-bars-killer-roks\/","title":{"rendered":"Kauss \u016bdensp\u012bpei ART BAR Killer Rock"},"content":{"rendered":"<h2>Kauss \u016bdensp\u012bpei ART BAR Killer Rock<\/h2>\n<p>Uz\u0146\u0113mums ART BAR ir slavens ar sav\u0101m kvalitat\u012bvaj\u0101m brill\u0113m. Tie ir izgatavoti no augstas kvalit\u0101tes m\u0101la un tikai ar rok\u0101m. Tilpums ir aptuveni 15 - 20 grami.<\/p>\n<p><strong>Raksturojums:<\/strong><br \/>\nAugstums: 110 mm<br \/>\nDiametrs (\u0101r\u0113jais): 74 mm<br \/>\nDiametrs (iek\u0161\u0113jais): 60 mm<br \/>\nDzi\u013cums: 18 mm<br \/>\nCauruma diametrs: 10 mm<br \/>\nCaurumu skaits: 5 gab<br \/>\nSvars: apm\u0113ram 204 g<\/p>\n<p>Vai jums ir k\u0101di jaut\u0101jumi? Sazinies ar mums\u00a0<a href=\"https:\/\/hookahshop.lt\/lv\/kontaktiem\/\">kontaktu lapa<\/a>\u00a0vai rakstiet mums pa e-pastu\u00a0<a href=\"https:\/\/facebook.com\/HookahShop.lt\/\" target=\"_blank\" rel=\"noopener noreferrer\">Facebook konts<\/a>\u00a0un m\u0113s atbild\u0113sim uz j\u016bsu piepras\u012bjumu taj\u0101 pa\u0161\u0101 dien\u0101.<\/p>","protected":false},"excerpt":{"rendered":"<p>\u016adensp\u012bpes kauss ART BAR Killer Rock Uz\u0146\u0113mums ART BAR ir slavens ar sav\u0101m kvalitat\u012bvaj\u0101m kr\u016bz\u0113m. Tie ir izgatavoti no augstas kvalit\u0101tes m\u0101la un tikai ar rok\u0101m. Tilpums ir aptuveni 15 - 20 grami. Raksturojums: Augstums: 110 mm Diametrs (\u0101r\u0113jais): 74 mm Diametrs (iek\u0161\u0113jais): 60 mm Dzi\u013cums: 18 mm Cauruma diametrs: 10 mm Caurumu skaits: 5 gab Svars: apm\u0113ram 204 g [\u2026]<\/p>","protected":false},"featured_media":40715,"comment_status":"open","ping_status":"closed","template":"","meta":[],"_links":{"self":[{"href":"https:\/\/hookahshop.lt\/lv\/wp-json\/wp\/v2\/product\/25784"}],"collection":[{"href":"https:\/\/hookahshop.lt\/lv\/wp-json\/wp\/v2\/product"}],"about":[{"href":"https:\/\/hookahshop.lt\/lv\/wp-json\/wp\/v2\/types\/product"}],"replies":[{"embeddable":true,"href":"https:\/\/hookahshop.lt\/lv\/wp-json\/wp\/v2\/comments?post=25784"}],"version-history":[{"count":5,"href":"https:\/\/hookahshop.lt\/lv\/wp-json\/wp\/v2\/product\/25784\/revisions"}],"predecessor-version":[{"id":40862,"href":"https:\/\/hookahshop.lt\/lv\/wp-json\/wp\/v2\/product\/25784\/revisions\/40862"}],"wp:featuredmedia":[{"embeddable":true,"href":"https:\/\/hookahshop.lt\/lv\/wp-json\/wp\/v2\/media\/40715"}],"wp:attachment":[{"href":"https:\/\/hookahshop.lt\/lv\/wp-json\/wp\/v2\/media?parent=25784"}],"curies":[{"name":"wp","href":"https:\/\/api.w.org\/{rel}","templated":true}]}}