{"id":25792,"date":"2021-07-19T13:14:53","date_gmt":"2021-07-19T10:14:53","guid":{"rendered":"https:\/\/hookahshop.lt\/?post_type=product&#038;p=25792"},"modified":"2026-04-05T23:29:07","modified_gmt":"2026-04-05T20:29:07","slug":"kolba-kaljanui-vessel-craft-smoke","status":"publish","type":"product","link":"https:\/\/hookahshop.lt\/lv\/produkt\/kolba-for-udenspipe-kuga-craft-smoke\/","title":{"rendered":"Kolba \u016bdensp\u012bpei KU\u0122A CRAFT D\u016bmi"},"content":{"rendered":"<h2>Kolba \u016bdensp\u012bpei KU\u0122A CRAFT D\u016bmi<\/h2>\n<p>Kolbai ir d\u016bmu efekts, un, pateicoties sp\u012bd\u012bgajai virsmai, tai ir v\u0113l \u0161iks un ekskluz\u012bv\u0101ks kr\u0101sas izskats. Piem\u0113rots gandr\u012bz vis\u0101m m\u016bsdienu \u016bdensp\u012bp\u0113m. Kolbas mali\u0146a pal\u012bdz\u0113s \u0113rti notur\u0113t \u016bdensp\u012bpi, lai t\u0101 neizsl\u012bd\u0113tu no rok\u0101m. \u0160\u012b kolba ir p\u0101rkl\u0101ta ar augstas kvalit\u0101tes kr\u0101su, kas laika gait\u0101 pal\u012bdz\u0113s saglab\u0101t kolbu k\u0101 jaunu pat p\u0113c daudz\u0101m lieto\u0161anas reiz\u0113m. \u0160ai kolbai ir biezas sienas. Biezas sienas nodro\u0161in\u0101s lielisku ska\u0146as izol\u0101ciju, kas ir pietiekami svar\u012bgi, sm\u0113\u0137\u0113jot bez difuzora.<\/p>\n<p><strong><span title=\"\">Specifik\u0101cijas:<\/span><\/strong><br \/>\nAugstums: 258 mm<br \/>\nSvars: ~ 1415 g<br \/>\n\u0100r\u0113j\u0101 cauruma diametrs: 73 mm<br \/>\nIek\u0161\u0113j\u0101 cauruma diametrs: 45 mm<br \/>\nProdukta materi\u0101ls: stikls<\/p>\n<p>Vai jums ir k\u0101di jaut\u0101jumi? Sazinies ar mums\u00a0<a href=\"https:\/\/hookahshop.lt\/lv\/kontaktiem\/\">kontaktu lapa<\/a>\u00a0vai rakstiet mums pa e-pastu\u00a0<a href=\"https:\/\/facebook.com\/HookahShop.lt\/\" target=\"_blank\" rel=\"noopener noreferrer\">Facebook konts<\/a>\u00a0un m\u0113s atbild\u0113sim uz j\u016bsu piepras\u012bjumu taj\u0101 pa\u0161\u0101 dien\u0101.<\/p>","protected":false},"excerpt":{"rendered":"<p>\u016adensp\u012bpes kolba VESSEL CRAFT Smoke Flask ar d\u016bmu efektu, un, pateicoties sp\u012bd\u012bgajai virsmai, tai ir v\u0113l \u0161iks un ekskluz\u012bv\u0101ks kr\u0101sas izskats. Piem\u0113rots gandr\u012bz vis\u0101m m\u016bsdienu \u016bdensp\u012bp\u0113m. Kolbas mali\u0146a pal\u012bdz\u0113s \u0113rti notur\u0113t \u016bdensp\u012bpi, lai t\u0101 neizsl\u012bd\u0113tu no rok\u0101m. \u0160\u012b kolba ir p\u0101rkl\u0101ta ar augstas kvalit\u0101tes kr\u0101su, kas laika gait\u0101 pal\u012bdz\u0113s kolbai izskat\u012bties k\u0101 jaunai [\u2026]<\/p>","protected":false},"featured_media":25793,"comment_status":"open","ping_status":"closed","template":"","meta":[],"_links":{"self":[{"href":"https:\/\/hookahshop.lt\/lv\/wp-json\/wp\/v2\/product\/25792"}],"collection":[{"href":"https:\/\/hookahshop.lt\/lv\/wp-json\/wp\/v2\/product"}],"about":[{"href":"https:\/\/hookahshop.lt\/lv\/wp-json\/wp\/v2\/types\/product"}],"replies":[{"embeddable":true,"href":"https:\/\/hookahshop.lt\/lv\/wp-json\/wp\/v2\/comments?post=25792"}],"version-history":[{"count":6,"href":"https:\/\/hookahshop.lt\/lv\/wp-json\/wp\/v2\/product\/25792\/revisions"}],"predecessor-version":[{"id":43078,"href":"https:\/\/hookahshop.lt\/lv\/wp-json\/wp\/v2\/product\/25792\/revisions\/43078"}],"wp:featuredmedia":[{"embeddable":true,"href":"https:\/\/hookahshop.lt\/lv\/wp-json\/wp\/v2\/media\/25793"}],"wp:attachment":[{"href":"https:\/\/hookahshop.lt\/lv\/wp-json\/wp\/v2\/media?parent=25792"}],"curies":[{"name":"wp","href":"https:\/\/api.w.org\/{rel}","templated":true}]}}