{"id":25796,"date":"2021-07-19T13:27:25","date_gmt":"2021-07-19T10:27:25","guid":{"rendered":"https:\/\/hookahshop.lt\/?post_type=product&#038;p=25796"},"modified":"2026-04-15T23:29:04","modified_gmt":"2026-04-15T20:29:04","slug":"kolba-kaljanui-geometry-gh-black-stripe","status":"publish","type":"product","link":"https:\/\/hookahshop.lt\/lv\/produkt\/kolba-udenspipe-geometrija-gh-melna-svitra\/","title":{"rendered":"Kolba \u0101\u0137im GEOMETRY GH Black Stripe"},"content":{"rendered":"<h2>Kolba \u0101\u0137im GEOMETRY GH Black Stripe<\/h2>\n<p>Kolbai ir caursp\u012bd\u012bga kr\u0101sa un unik\u0101ls dizains. Kolbas dibenu rot\u0101 melna josla no \u012bstas te\u013ca \u0101das. Tam ir ner\u016bs\u0113jo\u0161\u0101 t\u0113rauda datu pl\u0101ksn\u012bte ar uz\u0146\u0113muma logotipu. Mazg\u0101jot kolbu, \u0101das siksni\u0146a ir viegli no\u0146emama. Piem\u0113rots gandr\u012bz vis\u0101m m\u016bsdienu \u016bdensp\u012bp\u0113m.<\/p>\n<p><strong>Specifik\u0101cijas:<\/strong><br \/>\nAugstums: 255 mm<br \/>\nSvars: ~ 1745 g<br \/>\n\u0100r\u0113j\u0101 cauruma diametrs: 70 mm<br \/>\nIek\u0161\u0113j\u0101 cauruma diametrs: 46 mm<br \/>\nProdukta materi\u0101ls: stikls<\/p>\n<p>Vai jums ir k\u0101di jaut\u0101jumi? Sazinies ar mums\u00a0<a href=\"https:\/\/hookahshop.lt\/lv\/kontaktiem\/\">kontaktu lapa<\/a>\u00a0vai rakstiet mums pa e-pastu\u00a0<a href=\"https:\/\/facebook.com\/HookahShop.lt\/\" target=\"_blank\" rel=\"noopener noreferrer\">Facebook konts<\/a>\u00a0un m\u0113s atbild\u0113sim uz j\u016bsu piepras\u012bjumu taj\u0101 pa\u0161\u0101 dien\u0101.<\/p>","protected":false},"excerpt":{"rendered":"<p>Kolba kaljanui GEOMETRY GH Black Stripe Kolba yra skaidrios spalvos, pagaminta unikalaus dizaino. Kolbos dugn\u0105 puo\u0161ia juodos spalvos juosta, pagaminta i\u0161 tikros ver\u0161elio odos.\u00a0Ant jo yra ner\u016bdijan\u010dio plieno vardin\u0117 plok\u0161t\u0117 su \u012fmon\u0117s logotipu. Odinis dir\u017eas yra lengvai nuimamas plaunant kolb\u0105. Tinka beveik visiems \u0161iuolaikiniams kaljanams. Specifikacijos: Auk\u0161tis: 255 mm Svoris: ~ 1745 g I\u0161orin\u0117s skyl\u0117s [&hellip;]<\/p>","protected":false},"featured_media":25797,"comment_status":"open","ping_status":"closed","template":"","meta":[],"_links":{"self":[{"href":"https:\/\/hookahshop.lt\/lv\/wp-json\/wp\/v2\/product\/25796"}],"collection":[{"href":"https:\/\/hookahshop.lt\/lv\/wp-json\/wp\/v2\/product"}],"about":[{"href":"https:\/\/hookahshop.lt\/lv\/wp-json\/wp\/v2\/types\/product"}],"replies":[{"embeddable":true,"href":"https:\/\/hookahshop.lt\/lv\/wp-json\/wp\/v2\/comments?post=25796"}],"version-history":[{"count":8,"href":"https:\/\/hookahshop.lt\/lv\/wp-json\/wp\/v2\/product\/25796\/revisions"}],"predecessor-version":[{"id":45129,"href":"https:\/\/hookahshop.lt\/lv\/wp-json\/wp\/v2\/product\/25796\/revisions\/45129"}],"wp:featuredmedia":[{"embeddable":true,"href":"https:\/\/hookahshop.lt\/lv\/wp-json\/wp\/v2\/media\/25797"}],"wp:attachment":[{"href":"https:\/\/hookahshop.lt\/lv\/wp-json\/wp\/v2\/media?parent=25796"}],"curies":[{"name":"wp","href":"https:\/\/api.w.org\/{rel}","templated":true}]}}