{"id":25807,"date":"2021-07-19T13:48:07","date_gmt":"2021-07-19T10:48:07","guid":{"rendered":"https:\/\/hookahshop.lt\/?post_type=product&#038;p=25807"},"modified":"2026-04-17T23:29:28","modified_gmt":"2026-04-17T20:29:28","slug":"kolba-kaljanui-bigmaks-base-white-blue","status":"publish","type":"product","link":"https:\/\/hookahshop.lt\/lv\/produkt\/kolba-for-udenspipe-bigmaks-baze-balts-zils\/","title":{"rendered":"\u0100\u0137is kolbai BIGMAKS Base White Blue"},"content":{"rendered":"<h2>\u0100\u0137is kolbai BIGMAKS Base White Blue<\/h2>\n<p>\u0160\u012b ir kolba, kas der gandr\u012bz jebkuram \u016bdensp\u012bpe, ar standarta savienojumu, t\u0101 ir viegla un iztur\u012bga kolba. Krievijas ra\u017eot\u0101js BigMaks jau daudzus gadus priec\u0113 ar sav\u0101m izstr\u0101d\u0101taj\u0101m kolb\u0101m un ir viens no vado\u0161ajiem ra\u017eot\u0101jiem tirg\u016b.<\/p>\n<p>\u0160is ir produkts, kas kalpos daudzus gadus. Pateicoties augstas kvalit\u0101tes kr\u0101sas p\u0101rkl\u0101jumam, \u0161\u012b kolba noteikti saglab\u0101s savu reprezentat\u012bvo t\u0113lu ilgu laiku un izskat\u012bsies glu\u017ei k\u0101 no ra\u017eot\u0101ja konveijera. \u0160ai kolbai ir biezas sienas. Biez\u0101s sienas nodro\u0161in\u0101s sliktu ska\u0146as izol\u0101ciju, kas ir pietiekami svar\u012bga sm\u0113\u0137\u0113\u0161anai bez difuzora. BigMaks ilgm\u016b\u017e\u012bbas d\u0113\u013c jums neb\u016bs j\u0101uztraucas par \u0161\u012bs kolbas salau\u0161anu vai cit\u0101du saboj\u0101\u0161anu. Pateicoties t\u0101s unik\u0101lajai formai (\u0161aur\u0101ks dibens), \u0161o kolbu var\u0113siet \u0146emt l\u012bdzi visur, kur ce\u013cojat.<\/p>\n<div class=\"tlid-results-container results-container\">\n<div class=\"tlid-result result-dict-wrapper\">\n<div class=\"result tlid-copy-target\">\n<div class=\"text-wrap tlid-copy-target\">\n<div class=\"result-shield-container tlid-copy-target\"><span class=\"tlid-translation translation\" lang=\"lt\"><strong><span title=\"\">Specifik\u0101cijas:<\/span><\/strong><br \/>\n<span title=\"\">Augstums: 262 mm<\/span><br \/>\n<span title=\"\">Svars: ~ 1363 g<\/span><br \/>\n<span class=\"\" title=\"\">\u0100r\u0113j\u0101 cauruma diametrs: 71 mm<\/span><br \/>\n<span class=\"\" title=\"\">Iek\u0161\u0113j\u0101 cauruma diametrs: 47 mm<\/span><br \/>\n<span class=\"\" title=\"\">Produkta materi\u0101ls: krist\u0101la stikls<\/span><\/span><\/div>\n<div><\/div>\n<div>Vai jums ir k\u0101di jaut\u0101jumi? Sazinies ar mums\u00a0<a href=\"https:\/\/hookahshop.lt\/lv\/kontaktiem\/\">kontaktu lapa<\/a>\u00a0vai rakstiet mums pa e-pastu\u00a0<a href=\"https:\/\/facebook.com\/HookahShop.lt\/\" target=\"_blank\" rel=\"noopener noreferrer\">Facebook konts<\/a>\u00a0un m\u0113s atbild\u0113sim uz j\u016bsu piepras\u012bjumu taj\u0101 pa\u0161\u0101 dien\u0101.<\/div>\n<\/div>\n<\/div>\n<\/div>\n<\/div>","protected":false},"excerpt":{"rendered":"<p>\u016adensp\u012bpes kolba BIGMAKS Base White Blue \u0160\u012b ir kolba, kas der\u0113s gandr\u012bz vis\u0101m \u016bdensp\u012bp\u0113m, ar standarta savienojumu, t\u0101 ir viegla un iztur\u012bga kolba. Krievijas ra\u017eot\u0101js BigMaks jau daudzus gadus ir iepriecin\u0101jis ar sav\u0101m kolb\u0101m un ir viens no vado\u0161ajiem ra\u017eot\u0101jiem tirg\u016b. \u0160is ir produkts, kas kalpos daudzus gadus. Pateicoties t\u0101s augstas kvalit\u0101tes kr\u0101sas p\u0101rkl\u0101jumam, \u0161\u012b kolba ir patie\u0161\u0101m gara [...]<\/p>","protected":false},"featured_media":25808,"comment_status":"open","ping_status":"closed","template":"","meta":[],"_links":{"self":[{"href":"https:\/\/hookahshop.lt\/lv\/wp-json\/wp\/v2\/product\/25807"}],"collection":[{"href":"https:\/\/hookahshop.lt\/lv\/wp-json\/wp\/v2\/product"}],"about":[{"href":"https:\/\/hookahshop.lt\/lv\/wp-json\/wp\/v2\/types\/product"}],"replies":[{"embeddable":true,"href":"https:\/\/hookahshop.lt\/lv\/wp-json\/wp\/v2\/comments?post=25807"}],"version-history":[{"count":2,"href":"https:\/\/hookahshop.lt\/lv\/wp-json\/wp\/v2\/product\/25807\/revisions"}],"predecessor-version":[{"id":25811,"href":"https:\/\/hookahshop.lt\/lv\/wp-json\/wp\/v2\/product\/25807\/revisions\/25811"}],"wp:featuredmedia":[{"embeddable":true,"href":"https:\/\/hookahshop.lt\/lv\/wp-json\/wp\/v2\/media\/25808"}],"wp:attachment":[{"href":"https:\/\/hookahshop.lt\/lv\/wp-json\/wp\/v2\/media?parent=25807"}],"curies":[{"name":"wp","href":"https:\/\/api.w.org\/{rel}","templated":true}]}}