{"id":25838,"date":"2021-07-20T01:57:21","date_gmt":"2021-07-19T22:57:21","guid":{"rendered":"https:\/\/hookahshop.lt\/?post_type=product&#038;p=25838"},"modified":"2026-04-18T23:28:55","modified_gmt":"2026-04-18T20:28:55","slug":"kolba-kaljanui-bigmaks-base-turquoise","status":"publish","type":"product","link":"https:\/\/hookahshop.lt\/lv\/produkt\/kolba-for-udenspipe-bigmaks-baze-tirkizs\/","title":{"rendered":"Kolba \u016bdensp\u012bpei BIGMAKS Base Turquoise"},"content":{"rendered":"<h2>Kolba \u016bdensp\u012bpei BIGMAKS Base Turquoise<\/h2>\n<p>Kolba ir izgatavota no kr\u0101saina krist\u0101la stikla, kam rakstur\u012bga iztur\u012bba. Caursp\u012bd\u012bg\u0101 tirk\u012bza kr\u0101sas kolba ir augstas kvalit\u0101tes. Tas nav kr\u0101sots, t\u0101p\u0113c tas kalpos daudzus gadus.<\/p>\n<p><strong><span title=\"\">Specifik\u0101cijas:<\/span><\/strong><br \/>\nAugstums: 260 mm<br \/>\nSvars: apm\u0113ram 1200 g<br \/>\nKakla \u0101r\u0113jais diametrs: 71 mm<br \/>\nIek\u0161\u0113jais r\u012bkles diametrs: 46 mm<br \/>\nProdukta materi\u0101ls: krist\u0101la stikls<\/p>\n<p>Vai jums ir k\u0101di jaut\u0101jumi? Sazinies ar mums\u00a0<a href=\"https:\/\/hookahshop.lt\/lv\/kontaktiem\/\">kontaktu lapa<\/a>\u00a0vai rakstiet mums pa e-pastu\u00a0<a href=\"https:\/\/facebook.com\/HookahShop.lt\/\" target=\"_blank\" rel=\"noopener noreferrer\">Facebook konts<\/a>\u00a0un m\u0113s atbild\u0113sim uz j\u016bsu piepras\u012bjumu taj\u0101 pa\u0161\u0101 dien\u0101.<\/p>","protected":false},"excerpt":{"rendered":"<p>\u016adensp\u012bpes bla\u0161\u0137is BIGMAKS Base Turquoise Bla\u0161\u0137is ir izgatavots no kr\u0101saina krist\u0101la stikla, kas ir iztur\u012bgs. Caursp\u012bd\u012bg\u0101, tirk\u012bza kr\u0101sas bla\u0161\u0137is ir augstas kvalit\u0101tes. T\u0101 nav kr\u0101sota, t\u0101p\u0113c kalpos daudzus gadus. Specifik\u0101cijas: Augstums: 260 mm Svars: aptuveni 1200 g \u0100r\u0113jais atveres diametrs: 71 mm Iek\u0161\u0113jais atveres diametrs: 46 mm Izstr\u0101d\u0101juma materi\u0101ls: krist\u0101la stikls Vai jums ir k\u0101di jaut\u0101jumi? Sazinieties ar mums, izmantojot kontaktinform\u0101ciju [\u2026]<\/p>","protected":false},"featured_media":25839,"comment_status":"open","ping_status":"closed","template":"","meta":[],"_links":{"self":[{"href":"https:\/\/hookahshop.lt\/lv\/wp-json\/wp\/v2\/product\/25838"}],"collection":[{"href":"https:\/\/hookahshop.lt\/lv\/wp-json\/wp\/v2\/product"}],"about":[{"href":"https:\/\/hookahshop.lt\/lv\/wp-json\/wp\/v2\/types\/product"}],"replies":[{"embeddable":true,"href":"https:\/\/hookahshop.lt\/lv\/wp-json\/wp\/v2\/comments?post=25838"}],"version-history":[{"count":5,"href":"https:\/\/hookahshop.lt\/lv\/wp-json\/wp\/v2\/product\/25838\/revisions"}],"predecessor-version":[{"id":45043,"href":"https:\/\/hookahshop.lt\/lv\/wp-json\/wp\/v2\/product\/25838\/revisions\/45043"}],"wp:featuredmedia":[{"embeddable":true,"href":"https:\/\/hookahshop.lt\/lv\/wp-json\/wp\/v2\/media\/25839"}],"wp:attachment":[{"href":"https:\/\/hookahshop.lt\/lv\/wp-json\/wp\/v2\/media?parent=25838"}],"curies":[{"name":"wp","href":"https:\/\/api.w.org\/{rel}","templated":true}]}}