{"id":25856,"date":"2021-07-20T02:06:45","date_gmt":"2021-07-19T23:06:45","guid":{"rendered":"https:\/\/hookahshop.lt\/?post_type=product&#038;p=25856"},"modified":"2026-05-14T23:29:10","modified_gmt":"2026-05-14T20:29:10","slug":"kolba-kaljanui-bigmaks-grace-transparent","status":"publish","type":"product","link":"https:\/\/hookahshop.lt\/lv\/produkt\/udenspipe-kolba-bigmaks-grace-caurspidigs\/","title":{"rendered":"\u0100\u0137is kolbai BIGMAKS Grace Transparent"},"content":{"rendered":"<h2>\u0100\u0137is kolbai BIGMAKS Grace Transparent<\/h2>\n<p>Kolba ir nosaukta par &quot;Grace&quot; t\u0101s gracioz\u0101s formas d\u0113\u013c. Kolba ir izgatavota no kr\u0101saina krist\u0101la stikla, kas ir iztur\u012bgs. Caursp\u012bd\u012bg\u0101 kr\u0101sain\u0101 kolba ir augstas kvalit\u0101tes. Tas nav kr\u0101sots, t\u0101p\u0113c tas kalpos daudzus gadus.<\/p>\n<p><strong><span title=\"\">Specifik\u0101cijas:<\/span><\/strong><br \/>\nAugstums: 258 mm<br \/>\nSvars: apm\u0113ram 1185 g<br \/>\n\u0100r\u0113j\u0101s r\u012bkles diametrs: 73 mm<br \/>\nIek\u0161\u0113jais r\u012bkles diametrs: 47 mm<br \/>\nProdukta materi\u0101ls: krist\u0101la stikls<\/p>\n<p>Vai jums ir k\u0101di jaut\u0101jumi? Sazinies ar mums\u00a0<a href=\"https:\/\/hookahshop.lt\/lv\/kontaktiem\/\">kontaktu lapa<\/a>\u00a0vai rakstiet mums pa e-pastu\u00a0<a href=\"https:\/\/facebook.com\/HookahShop.lt\/\" target=\"_blank\" rel=\"noopener noreferrer\">Facebook konts<\/a>\u00a0un m\u0113s atbild\u0113sim uz j\u016bsu piepras\u012bjumu taj\u0101 pa\u0161\u0101 dien\u0101.<\/p>","protected":false},"excerpt":{"rendered":"<p>\u016adensp\u012bpes bla\u0161\u0137is BIGMAKS Grace Caursp\u012bd\u012bgs Bla\u0161\u0137is ir nosaukts &quot;Grace&quot; t\u0101s gracioz\u0101s formas d\u0113\u013c. Bla\u0161\u0137is ir izgatavots no kr\u0101saina krist\u0101la stikla, ko raksturo iztur\u012bba. Caursp\u012bd\u012bg\u0101 bla\u0161\u0137is ir augstas kvalit\u0101tes. T\u0101 nav kr\u0101sota, t\u0101p\u0113c kalpos daudzus gadus. Specifik\u0101cijas: Augstums: 258 mm Svars: aptuveni 1185 g \u0100r\u0113jais atveres diametrs: 73 mm Iek\u0161\u0113jais atveres diametrs: 47 mm Izstr\u0101d\u0101juma materi\u0101ls: [\u2026]<\/p>","protected":false},"featured_media":25857,"comment_status":"open","ping_status":"closed","template":"","meta":[],"_links":{"self":[{"href":"https:\/\/hookahshop.lt\/lv\/wp-json\/wp\/v2\/product\/25856"}],"collection":[{"href":"https:\/\/hookahshop.lt\/lv\/wp-json\/wp\/v2\/product"}],"about":[{"href":"https:\/\/hookahshop.lt\/lv\/wp-json\/wp\/v2\/types\/product"}],"replies":[{"embeddable":true,"href":"https:\/\/hookahshop.lt\/lv\/wp-json\/wp\/v2\/comments?post=25856"}],"version-history":[{"count":4,"href":"https:\/\/hookahshop.lt\/lv\/wp-json\/wp\/v2\/product\/25856\/revisions"}],"predecessor-version":[{"id":45061,"href":"https:\/\/hookahshop.lt\/lv\/wp-json\/wp\/v2\/product\/25856\/revisions\/45061"}],"wp:featuredmedia":[{"embeddable":true,"href":"https:\/\/hookahshop.lt\/lv\/wp-json\/wp\/v2\/media\/25857"}],"wp:attachment":[{"href":"https:\/\/hookahshop.lt\/lv\/wp-json\/wp\/v2\/media?parent=25856"}],"curies":[{"name":"wp","href":"https:\/\/api.w.org\/{rel}","templated":true}]}}