{"id":25861,"date":"2021-07-20T02:09:35","date_gmt":"2021-07-19T23:09:35","guid":{"rendered":"https:\/\/hookahshop.lt\/?post_type=product&#038;p=25861"},"modified":"2026-05-13T13:51:50","modified_gmt":"2026-05-13T10:51:50","slug":"kolba-kaljanui-bigmaks-grace-turquoise","status":"publish","type":"product","link":"https:\/\/hookahshop.lt\/lv\/produkt\/kolba-for-udenspipe-bigmaks-grace-tirkizs\/","title":{"rendered":"Kolba \u016bdensp\u012bpei BIGMAKS Grace Turquoise"},"content":{"rendered":"<h2>Kolba \u016bdensp\u012bpei BIGMAKS Grace Turquoise<\/h2>\n<p>Kolba ir nosaukta par &quot;Grace&quot; t\u0101s gracioz\u0101s formas d\u0113\u013c. Kolba ir izgatavota no kr\u0101saina krist\u0101la stikla, kam rakstur\u012bga iztur\u012bba. Caursp\u012bd\u012bg\u0101 tirk\u012bza kr\u0101sas kolba ir augstas kvalit\u0101tes. Tas nav kr\u0101sots, t\u0101p\u0113c tas kalpos daudzus gadus.<\/p>\n<p><strong><span title=\"\">Specifik\u0101cijas:<\/span><\/strong><br \/>\nAugstums: 255 mm<br \/>\nSvars: apm\u0113ram 1285 g<br \/>\n\u0100r\u0113j\u0101s r\u012bkles diametrs: 74 mm<br \/>\nIek\u0161\u0113jais r\u012bkles diametrs: 46 mm<br \/>\nProdukta materi\u0101ls: krist\u0101la stikls<\/p>\n<p>Vai jums ir k\u0101di jaut\u0101jumi? Sazinies ar mums\u00a0<a href=\"https:\/\/hookahshop.lt\/lv\/kontaktiem\/\">kontaktu lapa<\/a>\u00a0vai rakstiet mums pa e-pastu\u00a0<a href=\"https:\/\/facebook.com\/HookahShop.lt\/\" target=\"_blank\" rel=\"noopener noreferrer\">Facebook konts<\/a>\u00a0un m\u0113s atbild\u0113sim uz j\u016bsu piepras\u012bjumu taj\u0101 pa\u0161\u0101 dien\u0101.<\/p>\n<p>&nbsp;<\/p>","protected":false},"excerpt":{"rendered":"<p>\u016adensp\u012bpes bla\u0161\u0137is BIGMAKS Grace Turquoise Bla\u0161\u0137is ir nosaukts &quot;Grace&quot; t\u0101s gracioz\u0101s formas d\u0113\u013c. Bla\u0161\u0137is ir izgatavots no kr\u0101saina krist\u0101la stikla, ko raksturo iztur\u012bba. Caursp\u012bd\u012bg\u0101, tirk\u012bza kr\u0101sas bla\u0161\u0137is ir augstas kvalit\u0101tes. T\u0101 nav kr\u0101sota, t\u0101p\u0113c kalpos daudzus gadus. Specifik\u0101cijas: Augstums: 255 mm Svars: aptuveni 1285 g \u0100r\u0113jais atveres diametrs: 74 mm Iek\u0161\u0113jais atveres diametrs: 46 mm Produkts [\u2026]<\/p>","protected":false},"featured_media":25862,"comment_status":"open","ping_status":"closed","template":"","meta":[],"_links":{"self":[{"href":"https:\/\/hookahshop.lt\/lv\/wp-json\/wp\/v2\/product\/25861"}],"collection":[{"href":"https:\/\/hookahshop.lt\/lv\/wp-json\/wp\/v2\/product"}],"about":[{"href":"https:\/\/hookahshop.lt\/lv\/wp-json\/wp\/v2\/types\/product"}],"replies":[{"embeddable":true,"href":"https:\/\/hookahshop.lt\/lv\/wp-json\/wp\/v2\/comments?post=25861"}],"version-history":[{"count":4,"href":"https:\/\/hookahshop.lt\/lv\/wp-json\/wp\/v2\/product\/25861\/revisions"}],"predecessor-version":[{"id":45063,"href":"https:\/\/hookahshop.lt\/lv\/wp-json\/wp\/v2\/product\/25861\/revisions\/45063"}],"wp:featuredmedia":[{"embeddable":true,"href":"https:\/\/hookahshop.lt\/lv\/wp-json\/wp\/v2\/media\/25862"}],"wp:attachment":[{"href":"https:\/\/hookahshop.lt\/lv\/wp-json\/wp\/v2\/media?parent=25861"}],"curies":[{"name":"wp","href":"https:\/\/api.w.org\/{rel}","templated":true}]}}