{"id":25869,"date":"2021-07-20T02:51:32","date_gmt":"2021-07-19T23:51:32","guid":{"rendered":"https:\/\/hookahshop.lt\/?post_type=product&#038;p=25869"},"modified":"2026-04-24T23:29:12","modified_gmt":"2026-04-24T20:29:12","slug":"kolba-kaljanui-bigmaks-glob","status":"publish","type":"product","link":"https:\/\/hookahshop.lt\/lv\/produkt\/kolba-udenspipe-bigmax-glob\/","title":{"rendered":"Kolba \u016bdensp\u012bpei BIGMAKS Glob Turquoise"},"content":{"rendered":"<h2>Kolba \u016bdensp\u012bpei BIGMAKS Glob Turquoise<\/h2>\n<p>Kolba izskat\u0101s k\u0101 bumba, t\u0101p\u0113c ar\u012b nosaukums &quot;Glob&quot;. Izgatavots no augstas kvalit\u0101tes bieza tirk\u012bza stikla un atbilst visaugst\u0101kajiem kvalit\u0101tes standartiem.<\/p>\n<p><span style=\"font-weight: 400;\"><strong><span title=\"\">Specifik\u0101cijas:<\/span><\/strong><\/span><br \/>\n<span style=\"font-weight: 400;\">Augstums: ~ 270 mm<\/span><br \/>\n<span style=\"font-weight: 400;\">Svars: ~1361 g<\/span><br \/>\n<span style=\"font-weight: 400;\">Kakla iek\u0161\u0113jais diametrs: apm\u0113ram 68 mm<\/span><br \/>\n<span style=\"font-weight: 400;\">Kakla \u0101r\u0113jais diametrs: apm\u0113ram 46 mm<\/span><br \/>\n<span style=\"font-weight: 400;\">Materi\u0101ls: stikls<\/span><\/p>\n<p>Vai jums ir k\u0101di jaut\u0101jumi? Sazinies ar mums\u00a0<a href=\"https:\/\/hookahshop.lt\/lv\/kontaktiem\/\">kontaktu lapa<\/a>\u00a0vai rakstiet mums pa e-pastu\u00a0<a href=\"https:\/\/facebook.com\/HookahShop.lt\/\" target=\"_blank\" rel=\"noopener noreferrer\">Facebook konts<\/a>\u00a0un m\u0113s atbild\u0113sim uz j\u016bsu piepras\u012bjumu taj\u0101 pa\u0161\u0101 dien\u0101.<\/p>","protected":false},"excerpt":{"rendered":"<p>\u016adensp\u012bpes kolba BIGMAKS Glob Turquoise Kolba izskat\u0101s k\u0101 bumbi\u0146a, t\u0101p\u0113c to sauc par &quot;Glob&quot;. Izgatavots no augstas kvalit\u0101tes bieza tirk\u012bza stikla un atbilst visaugst\u0101kajiem kvalit\u0101tes standartiem. Specifik\u0101cijas: Augstums: ~ 270 mm Svars: ~ 1361 g Kakla iek\u0161\u0113jais diametrs: apm. 68 mm Kakla \u0101r\u0113jais diametrs: aptuveni 46 mm Materi\u0101ls: stikls. Sazinieties ar mums kontaktu lap\u0101 vai rakstiet mums [...]<\/p>","protected":false},"featured_media":25870,"comment_status":"open","ping_status":"closed","template":"","meta":[],"_links":{"self":[{"href":"https:\/\/hookahshop.lt\/lv\/wp-json\/wp\/v2\/product\/25869"}],"collection":[{"href":"https:\/\/hookahshop.lt\/lv\/wp-json\/wp\/v2\/product"}],"about":[{"href":"https:\/\/hookahshop.lt\/lv\/wp-json\/wp\/v2\/types\/product"}],"replies":[{"embeddable":true,"href":"https:\/\/hookahshop.lt\/lv\/wp-json\/wp\/v2\/comments?post=25869"}],"version-history":[{"count":6,"href":"https:\/\/hookahshop.lt\/lv\/wp-json\/wp\/v2\/product\/25869\/revisions"}],"predecessor-version":[{"id":45051,"href":"https:\/\/hookahshop.lt\/lv\/wp-json\/wp\/v2\/product\/25869\/revisions\/45051"}],"wp:featuredmedia":[{"embeddable":true,"href":"https:\/\/hookahshop.lt\/lv\/wp-json\/wp\/v2\/media\/25870"}],"wp:attachment":[{"href":"https:\/\/hookahshop.lt\/lv\/wp-json\/wp\/v2\/media?parent=25869"}],"curies":[{"name":"wp","href":"https:\/\/api.w.org\/{rel}","templated":true}]}}