{"id":25872,"date":"2021-07-21T13:47:57","date_gmt":"2021-07-21T10:47:57","guid":{"rendered":"https:\/\/hookahshop.lt\/?post_type=product&#038;p=25872"},"modified":"2026-04-22T23:29:16","modified_gmt":"2026-04-22T20:29:16","slug":"kolba-kaljanui-bigmaks-rainbow-turquoise","status":"publish","type":"product","link":"https:\/\/hookahshop.lt\/lv\/produkt\/kolba-for-udenspipe-lielais-varaviksnes-tirkizs\/","title":{"rendered":"Kolba \u016bdensp\u012bpei BIGMAKS Rainbow Turquoise"},"content":{"rendered":"<h2>Kolba \u016bdensp\u012bpei BIGMAKS Rainbow Turquoise<\/h2>\n<p>Tirk\u012bza kolba ir izgatavota no krist\u012bbu stikla, kas izce\u013cas ar savu iztur\u012bbu. Kolba nav kr\u0101sota, kas noz\u012bm\u0113, ka t\u0101 kalpos daudzus gadus.<\/p>\n<p><span style=\"font-weight: 400;\"><strong><span title=\"\">Specifik\u0101cijas:<\/span><\/strong><\/span><br \/>\n<span style=\"font-weight: 400;\">Augstums: ~ 255 mm<\/span><br \/>\n<span style=\"font-weight: 400;\">Svars: ~1560 g<\/span><br \/>\n<span style=\"font-weight: 400;\">Kakla iek\u0161\u0113jais diametrs: apm\u0113ram 70 mm<\/span><br \/>\n<span style=\"font-weight: 400;\">Kakla \u0101r\u0113jais diametrs: apm\u0113ram 47 mm<\/span><br \/>\n<span style=\"font-weight: 400;\">Materi\u0101ls: krist\u0101la stikls<\/span><\/p>\n<p>Vai jums ir k\u0101di jaut\u0101jumi? Sazinies ar mums\u00a0<a href=\"https:\/\/hookahshop.lt\/lv\/kontaktiem\/\">kontaktu lapa<\/a>\u00a0vai rakstiet mums pa e-pastu\u00a0<a href=\"https:\/\/facebook.com\/HookahShop.lt\/\" target=\"_blank\" rel=\"noopener noreferrer\">Facebook konts<\/a>\u00a0un m\u0113s atbild\u0113sim uz j\u016bsu piepras\u012bjumu taj\u0101 pa\u0161\u0101 dien\u0101.<\/p>","protected":false},"excerpt":{"rendered":"<p>\u016adensp\u012bpes bla\u0161\u0137is BIGMAKS Rainbow Turquoise Tirk\u012bzzil\u0101 bla\u0161\u0137is ir izgatavots no krist\u0101la stikla, kas izce\u013cas ar savu iztur\u012bbu. Bla\u0161\u0137is nav kr\u0101sots, kas noz\u012bm\u0113, ka tas kalpos daudzus gadus. Specifik\u0101cijas: Augstums: ~ 255 mm Svars: ~1560 g Iek\u0161\u0113jais kakli\u0146a diametrs: aptuveni 70 mm \u0100r\u0113jais kakli\u0146a diametrs: aptuveni 47 mm Materi\u0101ls: krist\u0101la stikls Vai jums ir k\u0101di jaut\u0101jumi? Sazinieties ar mums kontaktu lap\u0101 vai rakstiet mums Facebook [\u2026]<\/p>","protected":false},"featured_media":25873,"comment_status":"open","ping_status":"closed","template":"","meta":[],"_links":{"self":[{"href":"https:\/\/hookahshop.lt\/lv\/wp-json\/wp\/v2\/product\/25872"}],"collection":[{"href":"https:\/\/hookahshop.lt\/lv\/wp-json\/wp\/v2\/product"}],"about":[{"href":"https:\/\/hookahshop.lt\/lv\/wp-json\/wp\/v2\/types\/product"}],"replies":[{"embeddable":true,"href":"https:\/\/hookahshop.lt\/lv\/wp-json\/wp\/v2\/comments?post=25872"}],"version-history":[{"count":6,"href":"https:\/\/hookahshop.lt\/lv\/wp-json\/wp\/v2\/product\/25872\/revisions"}],"predecessor-version":[{"id":45090,"href":"https:\/\/hookahshop.lt\/lv\/wp-json\/wp\/v2\/product\/25872\/revisions\/45090"}],"wp:featuredmedia":[{"embeddable":true,"href":"https:\/\/hookahshop.lt\/lv\/wp-json\/wp\/v2\/media\/25873"}],"wp:attachment":[{"href":"https:\/\/hookahshop.lt\/lv\/wp-json\/wp\/v2\/media?parent=25872"}],"curies":[{"name":"wp","href":"https:\/\/api.w.org\/{rel}","templated":true}]}}