{"id":25902,"date":"2021-07-22T02:36:37","date_gmt":"2021-07-21T23:36:37","guid":{"rendered":"https:\/\/hookahshop.lt\/?post_type=product&#038;p=25902"},"modified":"2026-04-18T23:28:48","modified_gmt":"2026-04-18T20:28:48","slug":"kaljanas-spitz-black-edition","status":"publish","type":"product","link":"https:\/\/hookahshop.lt\/lv\/produkt\/udenspipe-spics-melnais-izdevums\/","title":{"rendered":"\u016adensp\u012bpe SPITZ Black Edition"},"content":{"rendered":"<h2>\u016adensp\u012bpe SPITZ Black Edition<\/h2>\n<p>T\u0101 ir kompakta, viegli lietojama \u016bdensp\u012bpe. Diezgan viegla \u016bdensp\u012bpe, visi t\u0101s elementi ir izgatavoti no kvalitat\u012bviem m\u016bsdien\u012bgiem materi\u0101liem, kas nodro\u0161ina izcilu gar\u0161u un iztur\u012bbu pat regul\u0101ri lietojot. L\u012bdzi var pa\u0146emt visu, kas nepiecie\u0161ams k\u0101rt\u012bgai atp\u016btai. Komplekt\u0101 ietilpst \u0113rta soma.<\/p>\n<p><strong>Apr\u012bkojums:<\/strong><br \/>\nV\u0101rpsta<br \/>\nMutes iemutnis<br \/>\nPlate<br \/>\nSoft Touch silikona \u0161\u013c\u016btene<br \/>\nIzklied\u0113t\u0101js<br \/>\nKolba<br \/>\nMagn\u0113tiskais savienojums<\/p>\n<p>Izmantotie materi\u0101li:<br \/>\nAugstas kvalit\u0101tes ner\u016bs\u0113jo\u0161ais t\u0113rauds, v\u0101cu poliacet\u0101ls.<\/p>\n<p>Vai jums ir k\u0101di jaut\u0101jumi? Sazinies ar mums\u00a0<a href=\"https:\/\/hookahshop.lt\/lv\/kontaktiem\/\">kontaktu lapa<\/a>\u00a0vai rakstiet mums pa e-pastu\u00a0<a href=\"https:\/\/facebook.com\/HookahShop.lt\/\" target=\"_blank\" rel=\"noopener noreferrer\">Facebook konts<\/a>\u00a0un m\u0113s atbild\u0113sim uz j\u016bsu piepras\u012bjumu taj\u0101 pa\u0161\u0101 dien\u0101.<\/p>","protected":false},"excerpt":{"rendered":"<p>\u016adensp\u012bpe SPITZ Black Edition \u0160\u012b ir kompakta, viegli lietojama \u016bdensp\u012bpe. Diezgan viegla \u016bdensp\u012bpe, visas t\u0101s sast\u0101vda\u013cas ir izgatavotas no augstas kvalit\u0101tes m\u016bsdien\u012bgiem materi\u0101liem, kas nodro\u0161ina lielisku gar\u0161u un iztur\u012bbu pat regul\u0101ras lieto\u0161anas gad\u012bjum\u0101. J\u016bs varat \u0146emt l\u012bdzi visu nepiecie\u0161amo labai atp\u016btai. Komplekt\u0101 ietilpst \u0113rta soma. Komplekt\u0101 ietilpst: K\u0101ts Iemutnis Pl\u0101ksne Silikona \u0161\u013c\u016btene &quot;Soft Touch&quot; Difuzors Kolba Magn\u0113tisks [\u2026]<\/p>","protected":false},"featured_media":26122,"comment_status":"open","ping_status":"closed","template":"","meta":[],"_links":{"self":[{"href":"https:\/\/hookahshop.lt\/lv\/wp-json\/wp\/v2\/product\/25902"}],"collection":[{"href":"https:\/\/hookahshop.lt\/lv\/wp-json\/wp\/v2\/product"}],"about":[{"href":"https:\/\/hookahshop.lt\/lv\/wp-json\/wp\/v2\/types\/product"}],"replies":[{"embeddable":true,"href":"https:\/\/hookahshop.lt\/lv\/wp-json\/wp\/v2\/comments?post=25902"}],"version-history":[{"count":4,"href":"https:\/\/hookahshop.lt\/lv\/wp-json\/wp\/v2\/product\/25902\/revisions"}],"predecessor-version":[{"id":29343,"href":"https:\/\/hookahshop.lt\/lv\/wp-json\/wp\/v2\/product\/25902\/revisions\/29343"}],"wp:featuredmedia":[{"embeddable":true,"href":"https:\/\/hookahshop.lt\/lv\/wp-json\/wp\/v2\/media\/26122"}],"wp:attachment":[{"href":"https:\/\/hookahshop.lt\/lv\/wp-json\/wp\/v2\/media?parent=25902"}],"curies":[{"name":"wp","href":"https:\/\/api.w.org\/{rel}","templated":true}]}}