{"id":25952,"date":"2021-07-23T01:35:12","date_gmt":"2021-07-22T22:35:12","guid":{"rendered":"https:\/\/hookahshop.lt\/?post_type=product&#038;p=25952"},"modified":"2026-04-17T23:29:27","modified_gmt":"2026-04-17T20:29:27","slug":"kolba-kaljanui-bigmaks-base-black","status":"publish","type":"product","link":"https:\/\/hookahshop.lt\/lv\/produkt\/kolba-for-udenspipe-bigmaks-baze-melna\/","title":{"rendered":"Kolba \u016bdensp\u012bpei BIGMAKS Base Black"},"content":{"rendered":"<h2>Kolba \u016bdensp\u012bpei BIGMAKS Base Black<\/h2>\n<p>\u0160is ir produkts, kas kalpos daudzus gadus. Pateicoties augstas kvalit\u0101tes kr\u0101sas p\u0101rkl\u0101jumam, \u0161\u012b kolba noteikti saglab\u0101s savu reprezentat\u012bvo t\u0113lu ilgu laiku un izskat\u012bsies glu\u017ei k\u0101 no ra\u017eot\u0101ja konveijera. \u0160ai kolbai ir biezas sienas. Biez\u0101s sienas nodro\u0161in\u0101s sliktu ska\u0146as izol\u0101ciju, kas ir pietiekami svar\u012bga sm\u0113\u0137\u0113\u0161anai bez difuzora. BigMaks ilgm\u016b\u017e\u012bbas d\u0113\u013c jums neb\u016bs j\u0101uztraucas par \u0161\u012bs kolbas salau\u0161anu vai cit\u0101du saboj\u0101\u0161anu. Pateicoties t\u0101s unik\u0101lajai formai (\u0161aur\u0101ks dibens), \u0161o kolbu var\u0113siet \u0146emt l\u012bdzi visur, kur ce\u013cojat.<\/p>\n<div class=\"tlid-results-container results-container\">\n<div class=\"tlid-result result-dict-wrapper\">\n<div class=\"result tlid-copy-target\">\n<div class=\"text-wrap tlid-copy-target\">\n<div class=\"result-shield-container tlid-copy-target\"><span class=\"tlid-translation translation\" lang=\"lt\"><strong><span title=\"\">Specifik\u0101cijas:<\/span><\/strong><br \/>\n<span title=\"\">Augstums: 253 mm<\/span><br \/>\n<span title=\"\">Svars: ~ 1110 g<\/span><br \/>\n<span class=\"\" title=\"\">\u0100r\u0113j\u0101 cauruma diametrs: 70 mm<\/span><br \/>\n<span class=\"\" title=\"\">Iek\u0161\u0113j\u0101 cauruma diametrs: 46 mm<\/span><br \/>\n<span class=\"\" title=\"\">Produkta materi\u0101ls: krist\u0101la stikls<\/span><\/span><\/div>\n<div><\/div>\n<div>Vai jums ir k\u0101di jaut\u0101jumi? Sazinies ar mums\u00a0<a href=\"https:\/\/hookahshop.lt\/lv\/kontaktiem\/\">kontaktu lapa<\/a>\u00a0vai rakstiet mums pa e-pastu\u00a0<a href=\"https:\/\/facebook.com\/HookahShop.lt\/\" target=\"_blank\" rel=\"noopener noreferrer\">Facebook konts<\/a>\u00a0un m\u0113s atbild\u0113sim uz j\u016bsu piepras\u012bjumu taj\u0101 pa\u0161\u0101 dien\u0101.<\/div>\n<\/div>\n<\/div>\n<\/div>\n<\/div>","protected":false},"excerpt":{"rendered":"<p>\u016adensp\u012bpes kolba BIGMAKS Base Black \u0160is ir produkts, kas kalpos daudzus gadus. Pateicoties kvalitat\u012bvajam kr\u0101sas p\u0101rkl\u0101jumam, \u0161\u012b kolba noteikti saglab\u0101s savu reprezentat\u012bvo t\u0113lu ilgu laiku un izskat\u012bsies k\u0101 tikko no ra\u017eot\u0101ja konveijera. \u0160ai kolbai ir biezas sienas. Biezas sienas nodro\u0161in\u0101s lielisku ska\u0146as izol\u0101ciju, kas ir pietiekami svar\u012bgi, sm\u0113\u0137\u0113jot bez difuzora. BigMaks iztur\u012bbas d\u0113\u013c neb\u016bs [\u2026]<\/p>","protected":false},"featured_media":25953,"comment_status":"open","ping_status":"closed","template":"","meta":[],"_links":{"self":[{"href":"https:\/\/hookahshop.lt\/lv\/wp-json\/wp\/v2\/product\/25952"}],"collection":[{"href":"https:\/\/hookahshop.lt\/lv\/wp-json\/wp\/v2\/product"}],"about":[{"href":"https:\/\/hookahshop.lt\/lv\/wp-json\/wp\/v2\/types\/product"}],"replies":[{"embeddable":true,"href":"https:\/\/hookahshop.lt\/lv\/wp-json\/wp\/v2\/comments?post=25952"}],"version-history":[{"count":4,"href":"https:\/\/hookahshop.lt\/lv\/wp-json\/wp\/v2\/product\/25952\/revisions"}],"predecessor-version":[{"id":42241,"href":"https:\/\/hookahshop.lt\/lv\/wp-json\/wp\/v2\/product\/25952\/revisions\/42241"}],"wp:featuredmedia":[{"embeddable":true,"href":"https:\/\/hookahshop.lt\/lv\/wp-json\/wp\/v2\/media\/25953"}],"wp:attachment":[{"href":"https:\/\/hookahshop.lt\/lv\/wp-json\/wp\/v2\/media?parent=25952"}],"curies":[{"name":"wp","href":"https:\/\/api.w.org\/{rel}","templated":true}]}}