{"id":25964,"date":"2021-07-23T01:43:11","date_gmt":"2021-07-22T22:43:11","guid":{"rendered":"https:\/\/hookahshop.lt\/?post_type=product&#038;p=25964"},"modified":"2026-04-14T23:29:05","modified_gmt":"2026-04-14T20:29:05","slug":"kolba-kaljanui-bigmaks-grace-amber","status":"publish","type":"product","link":"https:\/\/hookahshop.lt\/lv\/produkt\/kolba-for-udenspipe-bigmaks-grace-amber\/","title":{"rendered":"Kolba \u016bdensp\u012bpei BIGMAKS Grace Amber"},"content":{"rendered":"<h2>Kolba \u016bdensp\u012bpei BIGMAKS Grace Amber<\/h2>\n<p>Kolba ir nosaukta par &quot;Grace&quot; t\u0101s gracioz\u0101s formas d\u0113\u013c. Kolba ir izgatavota no kr\u0101saina krist\u0101la stikla, kam rakstur\u012bga iztur\u012bba. Bl\u012bv\u0101, zil\u0101s kr\u0101sas kolba ir augstas kvalit\u0101tes. Tas nav kr\u0101sots, t\u0101p\u0113c tas kalpos daudzus gadus.<\/p>\n<p><strong><span title=\"\">Specifik\u0101cijas:<\/span><\/strong><br \/>\nAugstums: 259 mm<br \/>\nSvars: apm\u0113ram 1175 g<br \/>\n\u0100r\u0113j\u0101s r\u012bkles diametrs: 70 mm<br \/>\nIek\u0161\u0113jais r\u012bkles diametrs: 46 mm<br \/>\nProdukta materi\u0101ls: krist\u0101la stikls<\/p>\n<p>Vai jums ir k\u0101di jaut\u0101jumi? Sazinies ar mums\u00a0<a href=\"https:\/\/hookahshop.lt\/lv\/kontaktiem\/\">kontaktu lapa<\/a>\u00a0vai rakstiet mums pa e-pastu\u00a0<a href=\"https:\/\/facebook.com\/HookahShop.lt\/\" target=\"_blank\" rel=\"noopener noreferrer\">Facebook konts<\/a>\u00a0un m\u0113s atbild\u0113sim uz j\u016bsu piepras\u012bjumu taj\u0101 pa\u0161\u0101 dien\u0101.<\/p>","protected":false},"excerpt":{"rendered":"<p>\u016adensp\u012bpes bla\u0161\u0137is BIGMAKS Grace Amber Bla\u0161\u0137is ir nosaukts par &quot;Grace&quot; t\u0101s gracioz\u0101s formas d\u0113\u013c. Bla\u0161\u0137is ir izgatavots no kr\u0101saina krist\u0101la stikla, ko raksturo iztur\u012bba. Bl\u012bv\u0101, zil\u0101 bla\u0161\u0137is ir augstas kvalit\u0101tes. T\u0101 nav kr\u0101sota, t\u0101p\u0113c kalpos daudzus gadus. Specifik\u0101cijas: Augstums: 259 mm Svars: aptuveni 1175 g \u0100r\u0113jais atveres diametrs: 70 mm Iek\u0161\u0113jais atveres diametrs: 46 mm Produkts [\u2026]<\/p>","protected":false},"featured_media":25965,"comment_status":"open","ping_status":"closed","template":"","meta":[],"_links":{"self":[{"href":"https:\/\/hookahshop.lt\/lv\/wp-json\/wp\/v2\/product\/25964"}],"collection":[{"href":"https:\/\/hookahshop.lt\/lv\/wp-json\/wp\/v2\/product"}],"about":[{"href":"https:\/\/hookahshop.lt\/lv\/wp-json\/wp\/v2\/types\/product"}],"replies":[{"embeddable":true,"href":"https:\/\/hookahshop.lt\/lv\/wp-json\/wp\/v2\/comments?post=25964"}],"version-history":[{"count":4,"href":"https:\/\/hookahshop.lt\/lv\/wp-json\/wp\/v2\/product\/25964\/revisions"}],"predecessor-version":[{"id":45053,"href":"https:\/\/hookahshop.lt\/lv\/wp-json\/wp\/v2\/product\/25964\/revisions\/45053"}],"wp:featuredmedia":[{"embeddable":true,"href":"https:\/\/hookahshop.lt\/lv\/wp-json\/wp\/v2\/media\/25965"}],"wp:attachment":[{"href":"https:\/\/hookahshop.lt\/lv\/wp-json\/wp\/v2\/media?parent=25964"}],"curies":[{"name":"wp","href":"https:\/\/api.w.org\/{rel}","templated":true}]}}