{"id":25980,"date":"2021-07-23T01:53:32","date_gmt":"2021-07-22T22:53:32","guid":{"rendered":"https:\/\/hookahshop.lt\/?post_type=product&#038;p=25980"},"modified":"2026-04-16T23:29:18","modified_gmt":"2026-04-16T20:29:18","slug":"kolba-kaljanui-bigmaks-glob-starred-night","status":"publish","type":"product","link":"https:\/\/hookahshop.lt\/lv\/produkt\/kolba-udenspipe-bigmaks-glob-starred-night\/","title":{"rendered":"Kolba \u016bdensp\u012bpei BIGMAKS Glob Starred Night"},"content":{"rendered":"<h2>Kolba \u016bdensp\u012bpei BIGMAKS Glob Starred Night<\/h2>\n<p>Tas ir tums\u0101 mirdzo\u0161a \u016bdensp\u012bpes kolba ar nosaukumu &quot;Zvaig\u017e\u0146ot\u0101 nakts&quot;, kas izgatavota no p\u0101rtikas kvalit\u0101tes krist\u0101la stikla &quot;l\u0101suma&quot; form\u0101. &quot;BigMaks Starred Night&quot; rada iespaidu par zvaig\u017e\u0146ot\u0101m nakts debes\u012bm.<\/p>\n<p><strong><span title=\"\">Specifik\u0101cijas:<\/span><\/strong><br \/>\nAugstums: ~ 271 mm<br \/>\nSvars: ~1520 g<br \/>\nKakla iek\u0161\u0113jais diametrs: apm\u0113ram 73 mm<br \/>\nKakla \u0101r\u0113jais diametrs: apm\u0113ram 45 mm<br \/>\nMateri\u0101ls: stikls<\/p>\n<p>Vai jums ir k\u0101di jaut\u0101jumi? Sazinies ar mums\u00a0<a href=\"https:\/\/hookahshop.lt\/lv\/kontaktiem\/\">kontaktu lapa<\/a>\u00a0vai rakstiet mums pa e-pastu\u00a0<a href=\"https:\/\/facebook.com\/HookahShop.lt\/\" target=\"_blank\" rel=\"noopener noreferrer\">Facebook konts<\/a>\u00a0un m\u0113s atbild\u0113sim uz j\u016bsu piepras\u012bjumu taj\u0101 pa\u0161\u0101 dien\u0101.<\/p>","protected":false},"excerpt":{"rendered":"<p>\u016adensp\u012bpes kolba BIGMAKS Glob Starred Night \u0160\u012b ir tums\u0101 mirdzo\u0161a \u016bdensp\u012bpes kolba ar nosaukumu &quot;Zvaig\u017e\u0146ot\u0101 nakts&quot;, kas izgatavota no p\u0101rtikas kvalit\u0101tes krist\u0101la stikla, &quot;Globe&quot; formas. &quot;BigMaks Starred Night&quot; rada iespaidu par naksn\u012bg\u0101m zvaig\u017e\u0146ot\u0101m debes\u012bm. Specifik\u0101cijas: Augstums: ~ 271 mm Svars: ~ 1520 g Kakla iek\u0161\u0113jais diametrs: aptuveni 73 mm Kakla \u0101r\u0113jais diametrs: aptuveni 45 mm Materi\u0101ls: stikls.<\/p>","protected":false},"featured_media":25981,"comment_status":"open","ping_status":"closed","template":"","meta":[],"_links":{"self":[{"href":"https:\/\/hookahshop.lt\/lv\/wp-json\/wp\/v2\/product\/25980"}],"collection":[{"href":"https:\/\/hookahshop.lt\/lv\/wp-json\/wp\/v2\/product"}],"about":[{"href":"https:\/\/hookahshop.lt\/lv\/wp-json\/wp\/v2\/types\/product"}],"replies":[{"embeddable":true,"href":"https:\/\/hookahshop.lt\/lv\/wp-json\/wp\/v2\/comments?post=25980"}],"version-history":[{"count":4,"href":"https:\/\/hookahshop.lt\/lv\/wp-json\/wp\/v2\/product\/25980\/revisions"}],"predecessor-version":[{"id":45049,"href":"https:\/\/hookahshop.lt\/lv\/wp-json\/wp\/v2\/product\/25980\/revisions\/45049"}],"wp:featuredmedia":[{"embeddable":true,"href":"https:\/\/hookahshop.lt\/lv\/wp-json\/wp\/v2\/media\/25981"}],"wp:attachment":[{"href":"https:\/\/hookahshop.lt\/lv\/wp-json\/wp\/v2\/media?parent=25980"}],"curies":[{"name":"wp","href":"https:\/\/api.w.org\/{rel}","templated":true}]}}