{"id":25984,"date":"2021-07-23T01:56:15","date_gmt":"2021-07-22T22:56:15","guid":{"rendered":"https:\/\/hookahshop.lt\/?post_type=product&#038;p=25984"},"modified":"2026-04-15T23:29:03","modified_gmt":"2026-04-15T20:29:03","slug":"kolba-kaljanui-bigmaks-rainbow-starred-night","status":"publish","type":"product","link":"https:\/\/hookahshop.lt\/lv\/produkt\/kolba-for-udenspipe-lielais-varaviksnes-zvaigznots-nakts\/","title":{"rendered":"Kolba \u016bdensp\u012bpei BIGMAKS Rainbow Starred Night"},"content":{"rendered":"<h2>Kolba \u016bdensp\u012bpei BIGMAKS Rainbow Starred Night<\/h2>\n<p>T\u0101 ir tums\u0101 mirdzo\u0161a \u016bdensp\u012bpes kolba ar nosaukumu &quot;Zvaig\u017e\u0146ot\u0101 nakts&quot;, kas izgatavota no p\u0101rtikas kvalit\u0101tes krist\u0101la stikla, BigMaks Rainbow Starred Night rada iespaidu par nakts zvaig\u017e\u0146ot\u0101m debes\u012bm.<br \/>\n\u2800<br \/>\n<strong><span title=\"\">Specifik\u0101cijas:<\/span><\/strong><br \/>\nAugstums: 248 mm<br \/>\nSvars: ~ 1610 g<br \/>\n\u0100r\u0113j\u0101s r\u012bkles diametrs: 72 mm<br \/>\nIek\u0161\u0113jais r\u012bkles diametrs: 45 mm<br \/>\nProdukta materi\u0101ls: krist\u0101la stikls<\/p>\n<p>Vai jums ir k\u0101di jaut\u0101jumi? Sazinies ar mums\u00a0<a href=\"https:\/\/hookahshop.lt\/lv\/kontaktiem\/\">kontaktu lapa<\/a>\u00a0vai rakstiet mums pa e-pastu\u00a0<a href=\"https:\/\/facebook.com\/HookahShop.lt\/\" target=\"_blank\" rel=\"noopener noreferrer\">Facebook konts<\/a>\u00a0un m\u0113s atbild\u0113sim uz j\u016bsu piepras\u012bjumu taj\u0101 pa\u0161\u0101 dien\u0101.<\/p>","protected":false},"excerpt":{"rendered":"<p>Kolba kaljanui BIGMAKS Rainbow Starred Night Tai yra \u0161vytinti tamsioje kaljano kolba, vadinama \u201e\u017dvaig\u017ed\u0117ta naktis\u201c, pagaminta i\u0161 maistinio kri\u0161tolo stiklo, \u201eBigMaks Rainbow Starred Night\u201c (\u201e\u017dvaig\u017ed\u0117ta naktis\u201c) perteikia naktinio \u017evaig\u017ed\u0117to dangaus \u012fsp\u016bd\u012f. \u2800 Specifikacijos: Auk\u0161tis: 248 mm Svoris: ~ 1610 g I\u0161orinis gerkl\u0117s skersmuo: 72 mm Vidinis gerkl\u0117s skersmuo: 45 mm Produkto med\u017eiaga: kri\u0161tolo stiklas Turite [&hellip;]<\/p>","protected":false},"featured_media":25985,"comment_status":"open","ping_status":"closed","template":"","meta":[],"_links":{"self":[{"href":"https:\/\/hookahshop.lt\/lv\/wp-json\/wp\/v2\/product\/25984"}],"collection":[{"href":"https:\/\/hookahshop.lt\/lv\/wp-json\/wp\/v2\/product"}],"about":[{"href":"https:\/\/hookahshop.lt\/lv\/wp-json\/wp\/v2\/types\/product"}],"replies":[{"embeddable":true,"href":"https:\/\/hookahshop.lt\/lv\/wp-json\/wp\/v2\/comments?post=25984"}],"version-history":[{"count":4,"href":"https:\/\/hookahshop.lt\/lv\/wp-json\/wp\/v2\/product\/25984\/revisions"}],"predecessor-version":[{"id":45088,"href":"https:\/\/hookahshop.lt\/lv\/wp-json\/wp\/v2\/product\/25984\/revisions\/45088"}],"wp:featuredmedia":[{"embeddable":true,"href":"https:\/\/hookahshop.lt\/lv\/wp-json\/wp\/v2\/media\/25985"}],"wp:attachment":[{"href":"https:\/\/hookahshop.lt\/lv\/wp-json\/wp\/v2\/media?parent=25984"}],"curies":[{"name":"wp","href":"https:\/\/api.w.org\/{rel}","templated":true}]}}