{"id":25988,"date":"2021-07-23T02:00:22","date_gmt":"2021-07-22T23:00:22","guid":{"rendered":"https:\/\/hookahshop.lt\/?post_type=product&#038;p=25988"},"modified":"2026-04-15T23:29:02","modified_gmt":"2026-04-15T20:29:02","slug":"kolba-kaljanui-bigmaks-drop-grey","status":"publish","type":"product","link":"https:\/\/hookahshop.lt\/lv\/produkt\/kolba-for-udenspipe-bigmaks-piliens-peleks\/","title":{"rendered":"Kolba \u016bdensp\u012bpei BIGMAKS Drop Grey"},"content":{"rendered":"<h2>Kolba \u016bdensp\u012bpei BIGMAKS Drop Grey<\/h2>\n<p>\u016adensp\u012bpe ir izgatavota l\u0101ses form\u0101 un izgatavota no iztur\u012bga stikla. Piem\u0113rots gan maz\u0101m, gan vid\u0113j\u0101m \u016bdensp\u012bp\u0113m.<\/p>\n<div class=\"result-shield-container tlid-copy-target\"><span class=\"tlid-translation translation\" lang=\"lt\"><strong><span title=\"\">Specifik\u0101cijas:<\/span><\/strong><br \/>\n<span title=\"\">Augstums: 280 mm<\/span><br \/>\n<span title=\"\">Svars: ~1200 g<\/span><br \/>\n<span class=\"\" title=\"\">\u0100r\u0113j\u0101 cauruma diametrs: 70 mm<\/span><br \/>\n<span class=\"\" title=\"\">Iek\u0161\u0113j\u0101 cauruma diametrs: 45 mm<\/span><br \/>\n<span class=\"\" title=\"\">Produkta materi\u0101ls: stikls<\/span><\/span><\/div>\n<div><\/div>\n<div>Vai jums ir k\u0101di jaut\u0101jumi? Sazinies ar mums\u00a0<a href=\"https:\/\/hookahshop.lt\/lv\/kontaktiem\/\">kontaktu lapa<\/a>\u00a0vai rakstiet mums pa e-pastu\u00a0<a href=\"https:\/\/facebook.com\/HookahShop.lt\/\" target=\"_blank\" rel=\"noopener noreferrer\">Facebook konts<\/a>\u00a0un m\u0113s atbild\u0113sim uz j\u016bsu piepras\u012bjumu taj\u0101 pa\u0161\u0101 dien\u0101.<\/div>","protected":false},"excerpt":{"rendered":"<p>Kolba kaljanui BIGMAKS Drop Grey Kaljanas pagamintas la\u0161o (,,drop&#8221;) formos ir i\u0161 patvaraus stiklo. Tinka tiek su ma\u017eais, tiek su vidutiniais kaljanais. Specifikacijos: Auk\u0161tis: 280 mm Svoris: ~ 1200 g I\u0161orin\u0117s skyl\u0117s skersmuo: 70 mm Vidin\u0117s skyl\u0117s skersmuo: 45 mm Produkto med\u017eiaga: stiklas Turite klausim\u0173? Susisiekite su mumis\u00a0kontakt\u0173 puslapyje\u00a0arba para\u0161ykite mums \u012f\u00a0Facebook paskyr\u0105\u00a0ir atsakysime \u012f [&hellip;]<\/p>","protected":false},"featured_media":25989,"comment_status":"open","ping_status":"closed","template":"","meta":[],"_links":{"self":[{"href":"https:\/\/hookahshop.lt\/lv\/wp-json\/wp\/v2\/product\/25988"}],"collection":[{"href":"https:\/\/hookahshop.lt\/lv\/wp-json\/wp\/v2\/product"}],"about":[{"href":"https:\/\/hookahshop.lt\/lv\/wp-json\/wp\/v2\/types\/product"}],"replies":[{"embeddable":true,"href":"https:\/\/hookahshop.lt\/lv\/wp-json\/wp\/v2\/comments?post=25988"}],"version-history":[{"count":5,"href":"https:\/\/hookahshop.lt\/lv\/wp-json\/wp\/v2\/product\/25988\/revisions"}],"predecessor-version":[{"id":43069,"href":"https:\/\/hookahshop.lt\/lv\/wp-json\/wp\/v2\/product\/25988\/revisions\/43069"}],"wp:featuredmedia":[{"embeddable":true,"href":"https:\/\/hookahshop.lt\/lv\/wp-json\/wp\/v2\/media\/25989"}],"wp:attachment":[{"href":"https:\/\/hookahshop.lt\/lv\/wp-json\/wp\/v2\/media?parent=25988"}],"curies":[{"name":"wp","href":"https:\/\/api.w.org\/{rel}","templated":true}]}}