{"id":25997,"date":"2021-07-23T02:06:18","date_gmt":"2021-07-22T23:06:18","guid":{"rendered":"https:\/\/hookahshop.lt\/?post_type=product&#038;p=25997"},"modified":"2026-04-15T23:29:03","modified_gmt":"2026-04-15T20:29:03","slug":"kolba-kaljanui-bigmaks-rocket","status":"publish","type":"product","link":"https:\/\/hookahshop.lt\/lv\/produkt\/kolba-for-udenspipe-bigmaks-rakete\/","title":{"rendered":"Kolba \u016bdensp\u012bpei BIGMAKS Rocket"},"content":{"rendered":"<h2>Kolba \u016bdensp\u012bpei BIGMAKS Rocket<\/h2>\n<p>\u0160\u012b ir piln\u012bgi jauna veida kolba, ko t\u0101s s\u0101kotn\u0113j\u0101s formas d\u0113\u013c sauc par &quot;ra\u0137eti&quot;. BIGMAKS Rocket \u016bdensp\u012bpes kolba ir izgatavota no krist\u0101lstikla. Piem\u0113rots gandr\u012bz vis\u0101m m\u016bsdienu \u016bdensp\u012bp\u0113m.<\/p>\n<div class=\"result-shield-container tlid-copy-target\"><span class=\"tlid-translation translation\" lang=\"lt\"><strong><span title=\"\">Specifik\u0101cijas:<\/span><\/strong><br \/>\n<span title=\"\">Augstums: 257 mm<\/span><br \/>\n<span title=\"\">Svars: ~ 1610 g<\/span><br \/>\n<span class=\"\" title=\"\">\u0100r\u0113j\u0101 cauruma diametrs: 71 mm<\/span><br \/>\n<span class=\"\" title=\"\">Iek\u0161\u0113j\u0101 cauruma diametrs: 47 mm<\/span><br \/>\n<span class=\"\" title=\"\">Produkta materi\u0101ls: krist\u0101la stikls<\/span><\/span><\/div>\n<div><\/div>\n<div>Vai jums ir k\u0101di jaut\u0101jumi? Sazinies ar mums\u00a0<a href=\"https:\/\/hookahshop.lt\/lv\/kontaktiem\/\">kontaktu lapa<\/a>\u00a0vai rakstiet mums pa e-pastu\u00a0<a href=\"https:\/\/facebook.com\/HookahShop.lt\/\" target=\"_blank\" rel=\"noopener noreferrer\">Facebook konts<\/a>\u00a0un m\u0113s atbild\u0113sim uz j\u016bsu piepras\u012bjumu taj\u0101 pa\u0161\u0101 dien\u0101.<\/div>","protected":false},"excerpt":{"rendered":"<p>Kolba kaljanui BIGMAKS Rocket Tai visi\u0161kai naujo tipo kolba, kuri d\u0117l savo orginalios formos vadinama ,,Rocket\u201d. Kolba kaljanui BIGMAKS Rocket yra pagaminta i\u0161 krik\u0161tolo stiklo. Tinka beveik visiems \u0161iuolaikiniams kaljanams. Specifikacijos: Auk\u0161tis: 257 mm Svoris: ~ 1610 g I\u0161orin\u0117s skyl\u0117s skersmuo: 71 mm Vidin\u0117s skyl\u0117s skersmuo: 47 mm Produkto med\u017eiaga: kri\u0161tolo stiklas Turite klausim\u0173? Susisiekite [&hellip;]<\/p>","protected":false},"featured_media":25998,"comment_status":"open","ping_status":"closed","template":"","meta":[],"_links":{"self":[{"href":"https:\/\/hookahshop.lt\/lv\/wp-json\/wp\/v2\/product\/25997"}],"collection":[{"href":"https:\/\/hookahshop.lt\/lv\/wp-json\/wp\/v2\/product"}],"about":[{"href":"https:\/\/hookahshop.lt\/lv\/wp-json\/wp\/v2\/types\/product"}],"replies":[{"embeddable":true,"href":"https:\/\/hookahshop.lt\/lv\/wp-json\/wp\/v2\/comments?post=25997"}],"version-history":[{"count":4,"href":"https:\/\/hookahshop.lt\/lv\/wp-json\/wp\/v2\/product\/25997\/revisions"}],"predecessor-version":[{"id":45096,"href":"https:\/\/hookahshop.lt\/lv\/wp-json\/wp\/v2\/product\/25997\/revisions\/45096"}],"wp:featuredmedia":[{"embeddable":true,"href":"https:\/\/hookahshop.lt\/lv\/wp-json\/wp\/v2\/media\/25998"}],"wp:attachment":[{"href":"https:\/\/hookahshop.lt\/lv\/wp-json\/wp\/v2\/media?parent=25997"}],"curies":[{"name":"wp","href":"https:\/\/api.w.org\/{rel}","templated":true}]}}