{"id":26001,"date":"2021-07-23T02:10:05","date_gmt":"2021-07-22T23:10:05","guid":{"rendered":"https:\/\/hookahshop.lt\/?post_type=product&#038;p=26001"},"modified":"2026-04-15T23:29:03","modified_gmt":"2026-04-15T20:29:03","slug":"kolba-kaljanui-bigmaks-ufo-light-grey","status":"publish","type":"product","link":"https:\/\/hookahshop.lt\/lv\/produkt\/kolba-for-udenspipe-bigmaks-ufo-gaisi-peleka\/","title":{"rendered":"\u0100\u0137is BIGMAKS UFO gai\u0161i pel\u0113kam"},"content":{"rendered":"<h2>\u0100\u0137is BIGMAKS UFO gai\u0161i pel\u0113kam<\/h2>\n<p>\u016adensp\u012bpes kolba ir izgatavota lidojo\u0161\u0101 \u0161\u0137\u012bv\u012b\u0161a form\u0101. Kolbai nav s\u0101nu, t\u0101p\u0113c t\u0101 izskat\u0101s plakana sal\u012bdzin\u0101jum\u0101 ar cit\u0101m kolb\u0101m. Ir gai\u0161i pel\u0113ka kr\u0101sa. Piem\u0113rots vis\u0101m \u016bdensp\u012bp\u0113m.<\/p>\n<div class=\"result-shield-container tlid-copy-target\"><span class=\"tlid-translation translation\" lang=\"lt\"><strong><span title=\"\">Specifik\u0101cijas:<\/span><\/strong><br \/>\n<span title=\"\">Augstums: 248 mm<\/span><br \/>\n<span title=\"\">Svars: ~ 1820 g<\/span><br \/>\n<span class=\"\" title=\"\">\u0100r\u0113j\u0101 cauruma diametrs: 67 mm<\/span><br \/>\n<span class=\"\" title=\"\">Iek\u0161\u0113j\u0101 cauruma diametrs: 45 mm<\/span><br \/>\n<span class=\"\" title=\"\">Produkta materi\u0101ls: stikls<\/span><\/span><\/div>\n<div><\/div>\n<div>Vai jums ir k\u0101di jaut\u0101jumi? Sazinies ar mums\u00a0<a href=\"https:\/\/hookahshop.lt\/lv\/kontaktiem\/\">kontaktu lapa<\/a>\u00a0vai rakstiet mums pa e-pastu\u00a0<a href=\"https:\/\/facebook.com\/HookahShop.lt\/\" target=\"_blank\" rel=\"noopener noreferrer\">Facebook konts<\/a>\u00a0un m\u0113s atbild\u0113sim uz j\u016bsu piepras\u012bjumu taj\u0101 pa\u0161\u0101 dien\u0101.<\/div>","protected":false},"excerpt":{"rendered":"<p>Kolba kaljanui BIGMAKS UFO Light Grey Kaljano kolba pagaminta skraidan\u010dios l\u0117k\u0161t\u0117s forma. Kolba neturi \u0161on\u0173, tod\u0117l atrodo plok\u0161\u010dia lyginant su kitomis kolbomis. Yra \u0161viesiai pilkos spalvos. Tinka visiems kaljanams. Specifikacijos: Auk\u0161tis: 248 mm Svoris: ~ 1820 g I\u0161orin\u0117s skyl\u0117s skersmuo: 67 mm Vidin\u0117s skyl\u0117s skersmuo: 45 mm Produkto med\u017eiaga: stiklas Turite klausim\u0173? Susisiekite su mumis\u00a0kontakt\u0173 [&hellip;]<\/p>","protected":false},"featured_media":26002,"comment_status":"open","ping_status":"closed","template":"","meta":[],"_links":{"self":[{"href":"https:\/\/hookahshop.lt\/lv\/wp-json\/wp\/v2\/product\/26001"}],"collection":[{"href":"https:\/\/hookahshop.lt\/lv\/wp-json\/wp\/v2\/product"}],"about":[{"href":"https:\/\/hookahshop.lt\/lv\/wp-json\/wp\/v2\/types\/product"}],"replies":[{"embeddable":true,"href":"https:\/\/hookahshop.lt\/lv\/wp-json\/wp\/v2\/comments?post=26001"}],"version-history":[{"count":4,"href":"https:\/\/hookahshop.lt\/lv\/wp-json\/wp\/v2\/product\/26001\/revisions"}],"predecessor-version":[{"id":45103,"href":"https:\/\/hookahshop.lt\/lv\/wp-json\/wp\/v2\/product\/26001\/revisions\/45103"}],"wp:featuredmedia":[{"embeddable":true,"href":"https:\/\/hookahshop.lt\/lv\/wp-json\/wp\/v2\/media\/26002"}],"wp:attachment":[{"href":"https:\/\/hookahshop.lt\/lv\/wp-json\/wp\/v2\/media?parent=26001"}],"curies":[{"name":"wp","href":"https:\/\/api.w.org\/{rel}","templated":true}]}}