{"id":26004,"date":"2021-07-23T02:12:27","date_gmt":"2021-07-22T23:12:27","guid":{"rendered":"https:\/\/hookahshop.lt\/?post_type=product&#038;p=26004"},"modified":"2026-04-15T23:29:03","modified_gmt":"2026-04-15T20:29:03","slug":"kolba-kaljanui-bigmaks-ufo","status":"publish","type":"product","link":"https:\/\/hookahshop.lt\/lv\/produkt\/kolba-for-udenspipe-bigmax-ufo\/","title":{"rendered":"Kolba \u016bdensp\u012bpei BIGMAKS NLO"},"content":{"rendered":"<h2>Kolba \u016bdensp\u012bpei BIGMAKS NLO<\/h2>\n<p>\u016adensp\u012bpes kolba ir izgatavota lidojo\u0161\u0101 \u0161\u0137\u012bv\u012b\u0161a form\u0101. Kolbai nav s\u0101nu, t\u0101p\u0113c t\u0101 izskat\u0101s plakana sal\u012bdzin\u0101jum\u0101 ar cit\u0101m kolb\u0101m. Ir caursp\u012bd\u012bgas kr\u0101sas. Piem\u0113rots vis\u0101m \u016bdensp\u012bp\u0113m.<\/p>\n<div class=\"result-shield-container tlid-copy-target\"><span class=\"tlid-translation translation\" lang=\"lt\"><strong><span title=\"\">Specifik\u0101cijas:<\/span><\/strong><br \/>\n<span title=\"\">Augstums: 250 mm<\/span><br \/>\n<span title=\"\">Svars: ~ 2050 gr<\/span><br \/>\n<span class=\"\" title=\"\">\u0100r\u0113j\u0101 cauruma diametrs: 68 mm<\/span><br \/>\n<span class=\"\" title=\"\">Iek\u0161\u0113j\u0101 cauruma diametrs: 45 mm<\/span><br \/>\n<span class=\"\" title=\"\">Produkta materi\u0101ls: stikls<\/span><\/span><\/div>\n<div><\/div>\n<div>Vai jums ir k\u0101di jaut\u0101jumi? Sazinies ar mums\u00a0<a href=\"https:\/\/hookahshop.lt\/lv\/kontaktiem\/\">kontaktu lapa<\/a>\u00a0vai rakstiet mums pa e-pastu\u00a0<a href=\"https:\/\/facebook.com\/HookahShop.lt\/\" target=\"_blank\" rel=\"noopener noreferrer\">Facebook konts<\/a>\u00a0un m\u0113s atbild\u0113sim uz j\u016bsu piepras\u012bjumu taj\u0101 pa\u0161\u0101 dien\u0101.<\/div>","protected":false},"excerpt":{"rendered":"<p>\u016adensp\u012bpes bla\u0161\u0137is BIGMAKS UFO \u016adensp\u012bpes bla\u0161\u0137is ir veidots lidojo\u0161a \u0161\u0137\u012bv\u012b\u0161a form\u0101. Bla\u0161\u0137im nav malu, t\u0101p\u0113c tas izskat\u0101s plakans, sal\u012bdzinot ar citiem bla\u0161\u0137iem. Pieejams caursp\u012bd\u012bg\u0101s kr\u0101s\u0101s. Piem\u0113rots vis\u0101m \u016bdensp\u012bp\u0113m. Specifik\u0101cijas: Augstums: 250 mm Svars: ~ 2050 g \u0100r\u0113jais cauruma diametrs: 68 mm Iek\u0161\u0113jais cauruma diametrs: 45 mm Izstr\u0101d\u0101juma materi\u0101ls: stikls Vai jums ir k\u0101di jaut\u0101jumi? Sazinieties ar mums kontaktlap\u0101 vai rakstiet mums [\u2026]<\/p>","protected":false},"featured_media":26006,"comment_status":"open","ping_status":"closed","template":"","meta":[],"_links":{"self":[{"href":"https:\/\/hookahshop.lt\/lv\/wp-json\/wp\/v2\/product\/26004"}],"collection":[{"href":"https:\/\/hookahshop.lt\/lv\/wp-json\/wp\/v2\/product"}],"about":[{"href":"https:\/\/hookahshop.lt\/lv\/wp-json\/wp\/v2\/types\/product"}],"replies":[{"embeddable":true,"href":"https:\/\/hookahshop.lt\/lv\/wp-json\/wp\/v2\/comments?post=26004"}],"version-history":[{"count":2,"href":"https:\/\/hookahshop.lt\/lv\/wp-json\/wp\/v2\/product\/26004\/revisions"}],"predecessor-version":[{"id":26008,"href":"https:\/\/hookahshop.lt\/lv\/wp-json\/wp\/v2\/product\/26004\/revisions\/26008"}],"wp:featuredmedia":[{"embeddable":true,"href":"https:\/\/hookahshop.lt\/lv\/wp-json\/wp\/v2\/media\/26006"}],"wp:attachment":[{"href":"https:\/\/hookahshop.lt\/lv\/wp-json\/wp\/v2\/media?parent=26004"}],"curies":[{"name":"wp","href":"https:\/\/api.w.org\/{rel}","templated":true}]}}